{"id":7031,"date":"2021-02-21T13:59:00","date_gmt":"2021-02-21T13:59:00","guid":{"rendered":"https:\/\/www.autonvaraosahaku.fi\/?product=jp-group-1199209800-polttoainepumpun-rele"},"modified":"2021-02-21T13:59:01","modified_gmt":"2021-02-21T13:59:01","slug":"jp-group-1199209800-polttoainepumpun-rele","status":"publish","type":"product","link":"https:\/\/www.autonvaraosahaku.fi\/?product=jp-group-1199209800-polttoainepumpun-rele","title":{"rendered":"JP GROUP 1199209800 Polttoainepumpun rele"},"content":{"rendered":"<p>Nimellisj\u00e4nnite (V): 12; Nimellisvirta [A]: 40; Napojen m\u00e4\u00e4r\u00e4: 7; Alustanumerosta: 8L-X-000 001; VW: GOLF IV 1J1,LUPO 6X1, 6E1,GOLF IV Variant 1J5,PASSAT Variant 3B5,BORA 1J2,NEW BEETLE 9C1, 1C1,PASSAT 3B3,GOLF Mk III Cabriolet 1E7,BORA Kombi 1J6,NEW BEETLE Cabriolet 1Y7; AUDI: A3 8L1,TT 8N3,TT Roadster 8N9; SKODA: OCTAVIA Combi 1U5,OCTAVIA 1U2,SUPERB 3U4; SEAT: LEON 1M1,TOLEDO II 1M2; 1J0906383C, 1J0906383C, 1J0906383C, 1J0906383C; Rele, Polttoainepumppu<\/p>\n","protected":false},"excerpt":{"rendered":"<p>JP GROUP Polttoainepumpun Rele JP Group 1199209800 Rele, Polttoainepumppu VW,AUDI,SKODA,GOLF IV 1J1,LUPO 6X1, 6E1,GOLF IV Variant 1J5<\/p>\n","protected":false},"featured_media":0,"template":"","meta":{"site-sidebar-layout":"default","site-content-layout":"default","ast-global-header-display":"","ast-main-header-display":"","ast-hfb-above-header-display":"","ast-hfb-below-header-display":"","ast-hfb-mobile-header-display":"","site-post-title":"","ast-breadcrumbs-content":"","ast-featured-img":"","footer-sml-layout":"","theme-transparent-header-meta":"","adv-header-id-meta":"","stick-header-meta":"","header-above-stick-meta":"","header-main-stick-meta":"","header-below-stick-meta":""},"pwb-brand":[131],"product_cat":[132],"product_tag":[],"class_list":{"0":"post-7031","1":"product","2":"type-product","3":"status-publish","5":"pwb-brand-jp-group","6":"product_cat-polttoainepumpun-rele","7":"desktop-align-left","8":"tablet-align-left","9":"mobile-align-left","11":"first","12":"instock","13":"product-type-external"},"brands":[{"id":131,"name":"JP GROUP","slug":"jp-group"}],"_links":{"self":[{"href":"https:\/\/www.autonvaraosahaku.fi\/index.php?rest_route=\/wp\/v2\/product\/7031","targetHints":{"allow":["GET"]}}],"collection":[{"href":"https:\/\/www.autonvaraosahaku.fi\/index.php?rest_route=\/wp\/v2\/product"}],"about":[{"href":"https:\/\/www.autonvaraosahaku.fi\/index.php?rest_route=\/wp\/v2\/types\/product"}],"wp:attachment":[{"href":"https:\/\/www.autonvaraosahaku.fi\/index.php?rest_route=%2Fwp%2Fv2%2Fmedia&parent=7031"}],"wp:term":[{"taxonomy":"pwb-brand","embeddable":true,"href":"https:\/\/www.autonvaraosahaku.fi\/index.php?rest_route=%2Fwp%2Fv2%2Fpwb-brand&post=7031"},{"taxonomy":"product_cat","embeddable":true,"href":"https:\/\/www.autonvaraosahaku.fi\/index.php?rest_route=%2Fwp%2Fv2%2Fproduct_cat&post=7031"},{"taxonomy":"product_tag","embeddable":true,"href":"https:\/\/www.autonvaraosahaku.fi\/index.php?rest_route=%2Fwp%2Fv2%2Fproduct_tag&post=7031"}],"curies":[{"name":"wp","href":"https:\/\/api.w.org\/{rel}","templated":true}]}}