{"id":70380,"date":"2021-02-21T19:08:39","date_gmt":"2021-02-21T19:08:39","guid":{"rendered":"https:\/\/www.autonvaraosahaku.fi\/?product=valeo-032012-lamput-hehkulamppu"},"modified":"2021-02-21T19:08:41","modified_gmt":"2021-02-21T19:08:41","slug":"valeo-032012-lamput-hehkulamppu","status":"publish","type":"product","link":"https:\/\/www.autonvaraosahaku.fi\/?product=valeo-032012-lamput-hehkulamppu","title":{"rendered":"VALEO 032012 Lamput (hehkulamppu)"},"content":{"rendered":"<p>Lamppumalli: HB3; J\u00e4nnite (V): 12; Nimellisteho (W): 60; Kantamalli: P20d; Pakkaustyyppi: Kuplapakkaus; M\u00e4\u00e4r\u00e4: 1; lis\u00e4tieto: ESSENTIAL; Lyhdyn muoto: Halogen; VW: PHAETON 3D_; AUDI: A8 4D2, 4D8; MAZDA: 5 CR19,3 BK,CX-5 KE, GH,MX-5 II NB,2 DE,CX-7 ER,3 BL,5 CW,3 BM,MX-5 III NC,6 Kombi GJ, GH,3 Stufenheck BK,MPV II LW,6 Stufenheck GJ, GH,3 Stufenheck BL,3 Stufenheck BM,XEDOS 9 TA,CX-9 TB; BMW: 5 E39,5 Touring E39,3 Compact E36,X5 E53,7 E38,Z3 E36,Z3 Coupe E36,Z8 E52; CHEVROLET: CORVETTE C5,TRAILBLAZER KC_,CAMARO F,CORVETTE Convertible,CAMARO Convertible F,TAHOE GMT400,CAMARO,CAMARO Convertible,MALIBU; JEEP: GRAND CHEROKEE III WH, WK,GRAND CHEROKEE II WJ, WG,COMPASS MK49,COMMANDER XK,CHEROKEE KK,COMPASS; NISSAN: MICRA III K12,JUKE F15,X-TRAIL T31,PATHFINDER R50,MAXIMA QX A33,MAXIMA QX A32,LEAF ZE1,PATHFINDER R52; KIA: SPORTAGE QL,NIRO,OPTIMA Sportswagon,STINGER CK,RIO IV YB,OPTIMA,PICANTO JA,STONIC YB,RIO IV Stufenheck SC, FB; LEXUS: IS II GSE2_, ALE2_, USE2_,RX MHU3_, GSU3_, MCU3_,IS I JCE1_, GXE1_,GS GRS19_, UZS19_, GWS19_,RX GYL1_, GGL15, AGL10,CT ZWA1_,GS UZS161, JZS160,IS SportCross,RX MCU15,LS UVF4_, USF4_,LS UCF20,SC UZZ40_,LS UCF30,GS JZS147,IS C GSE2_,LX UZJ100,LX URJ201,ES AVV6_, GSV6_, ASV6_,ES GSV4_, ACV4_,GX URJ15_,ES MCV_, VZV_,NX ZGZ1_, AGZ1_, AYZ1_; HONDA: CR-V III RE,CIVIC VII Hatchback EU, EP, EV,ACCORD VII CL,CR-V IV RE,ACCORD VIII CU,ACCORD VII Tourer CM,ACCORD VI CG, CK,ACCORD VIII Kombi,CIVIC VII Coupe EM2,CIVIC VIII Stufenheck FD, FA,ACCORD VI Coupe CG,INSIGHT ZE_,CR-Z ZF1,INTEGRA Coupe DC2, DC4,CIVIC VII Stufenheck ES,LEGEND IV KB_,NSX Coupe NA,ACCORD VII CM,ACCORD VI Aerodeck CF,INTEGRA DC5,NSX Cabriolet NA,CIVIC X Schr\u00e4gheck FC_, FK,ACCORD IX Stufenheck<\/p>\n","protected":false},"excerpt":{"rendered":"<p>VALEO Polttimo, Kaukovalo 032012  VW,AUDI,MAZDA,PHAETON 3D_,A8 4D2, 4D8,5 CR19,3 BK,CX-5 KE, GH,MX-5 II NB,2 DE,CX-7 ER,3 BL,5 CW,3 BM,MX-5 III NC<\/p>\n","protected":false},"featured_media":0,"template":"","meta":{"site-sidebar-layout":"default","site-content-layout":"default","ast-global-header-display":"","ast-main-header-display":"","ast-hfb-above-header-display":"","ast-hfb-below-header-display":"","ast-hfb-mobile-header-display":"","site-post-title":"","ast-breadcrumbs-content":"","ast-featured-img":"","footer-sml-layout":"","theme-transparent-header-meta":"","adv-header-id-meta":"","stick-header-meta":"","header-above-stick-meta":"","header-main-stick-meta":"","header-below-stick-meta":""},"pwb-brand":[28],"product_cat":[151],"product_tag":[],"class_list":{"0":"post-70380","1":"product","2":"type-product","3":"status-publish","5":"pwb-brand-valeo","6":"product_cat-lamput-hehkulamppu","7":"desktop-align-left","8":"tablet-align-left","9":"mobile-align-left","11":"first","12":"instock","13":"product-type-external"},"brands":[{"id":28,"name":"VALEO","slug":"valeo"}],"_links":{"self":[{"href":"https:\/\/www.autonvaraosahaku.fi\/index.php?rest_route=\/wp\/v2\/product\/70380","targetHints":{"allow":["GET"]}}],"collection":[{"href":"https:\/\/www.autonvaraosahaku.fi\/index.php?rest_route=\/wp\/v2\/product"}],"about":[{"href":"https:\/\/www.autonvaraosahaku.fi\/index.php?rest_route=\/wp\/v2\/types\/product"}],"wp:attachment":[{"href":"https:\/\/www.autonvaraosahaku.fi\/index.php?rest_route=%2Fwp%2Fv2%2Fmedia&parent=70380"}],"wp:term":[{"taxonomy":"pwb-brand","embeddable":true,"href":"https:\/\/www.autonvaraosahaku.fi\/index.php?rest_route=%2Fwp%2Fv2%2Fpwb-brand&post=70380"},{"taxonomy":"product_cat","embeddable":true,"href":"https:\/\/www.autonvaraosahaku.fi\/index.php?rest_route=%2Fwp%2Fv2%2Fproduct_cat&post=70380"},{"taxonomy":"product_tag","embeddable":true,"href":"https:\/\/www.autonvaraosahaku.fi\/index.php?rest_route=%2Fwp%2Fv2%2Fproduct_tag&post=70380"}],"curies":[{"name":"wp","href":"https:\/\/api.w.org\/{rel}","templated":true}]}}