{"id":70419,"date":"2021-02-21T19:08:50","date_gmt":"2021-02-21T19:08:50","guid":{"rendered":"https:\/\/www.autonvaraosahaku.fi\/?product=jp-group-1318700200-polttoainesuodatin"},"modified":"2021-02-21T19:08:52","modified_gmt":"2021-02-21T19:08:52","slug":"jp-group-1318700200-polttoainesuodatin","status":"publish","type":"product","link":"https:\/\/www.autonvaraosahaku.fi\/?product=jp-group-1318700200-polttoainesuodatin","title":{"rendered":"JP GROUP 1318700200 Polttoainesuodatin"},"content":{"rendered":"<p>Suodatintyyppi: Letkusuodatin, Integroidulla paineens\u00e4\u00e4timell\u00e4; Korkeus (mm): 160; Ulkol\u00e4pimitta [mm]: 75; Sis\u00e4\u00e4ntulol\u00e4pimitta [mm]: 8; Paine (bar): 3,8; MERCEDES-BENZ: C-CLASS W203,C-CLASS T-Model S203,C-CLASS W202,SLK R170,E-CLASS W210,C-CLASS Coupe CL203,E-CLASS Kombi S210,CLK C208,SL R129,CLK C209,C-CLASS Kombi S202,S-CLASS W220,SL R230,G-CLASS W463,CLK Cabriolet A208,CLK Cabriolet A209,CLC-CLASS CL203,S-CLASS Coupe C215,G-CLASS Cabrio W463; CHRYSLER: CROSSFIRE,CROSSFIRE Roadster; PUCH: G-MODELL W 463; 05097052AA, 5097052AA, 0024773001, 0024773101, 0024776401, A0024773001, A0024773101, A0024776401<\/p>\n","protected":false},"excerpt":{"rendered":"<p>JP GROUP Polttoainesuodatin JP Group 1318700200  MERCEDES-BENZ,CHRYSLER,PUCH,C-CLASS W203,C-CLASS T-Model S203,C-CLASS W202,SLK R170,E-CLASS W210<\/p>\n","protected":false},"featured_media":0,"template":"","meta":{"site-sidebar-layout":"default","site-content-layout":"default","ast-global-header-display":"","ast-main-header-display":"","ast-hfb-above-header-display":"","ast-hfb-below-header-display":"","ast-hfb-mobile-header-display":"","site-post-title":"","ast-breadcrumbs-content":"","ast-featured-img":"","footer-sml-layout":"","theme-transparent-header-meta":"","adv-header-id-meta":"","stick-header-meta":"","header-above-stick-meta":"","header-main-stick-meta":"","header-below-stick-meta":""},"pwb-brand":[131],"product_cat":[29],"product_tag":[],"class_list":{"0":"post-70419","1":"product","2":"type-product","3":"status-publish","5":"pwb-brand-jp-group","6":"product_cat-polttoainesuodatin","7":"desktop-align-left","8":"tablet-align-left","9":"mobile-align-left","11":"first","12":"instock","13":"product-type-external"},"brands":[{"id":131,"name":"JP GROUP","slug":"jp-group"}],"_links":{"self":[{"href":"https:\/\/www.autonvaraosahaku.fi\/index.php?rest_route=\/wp\/v2\/product\/70419","targetHints":{"allow":["GET"]}}],"collection":[{"href":"https:\/\/www.autonvaraosahaku.fi\/index.php?rest_route=\/wp\/v2\/product"}],"about":[{"href":"https:\/\/www.autonvaraosahaku.fi\/index.php?rest_route=\/wp\/v2\/types\/product"}],"wp:attachment":[{"href":"https:\/\/www.autonvaraosahaku.fi\/index.php?rest_route=%2Fwp%2Fv2%2Fmedia&parent=70419"}],"wp:term":[{"taxonomy":"pwb-brand","embeddable":true,"href":"https:\/\/www.autonvaraosahaku.fi\/index.php?rest_route=%2Fwp%2Fv2%2Fpwb-brand&post=70419"},{"taxonomy":"product_cat","embeddable":true,"href":"https:\/\/www.autonvaraosahaku.fi\/index.php?rest_route=%2Fwp%2Fv2%2Fproduct_cat&post=70419"},{"taxonomy":"product_tag","embeddable":true,"href":"https:\/\/www.autonvaraosahaku.fi\/index.php?rest_route=%2Fwp%2Fv2%2Fproduct_tag&post=70419"}],"curies":[{"name":"wp","href":"https:\/\/api.w.org\/{rel}","templated":true}]}}