{"id":70435,"date":"2021-02-21T19:08:56","date_gmt":"2021-02-21T19:08:56","guid":{"rendered":"https:\/\/www.autonvaraosahaku.fi\/?product=metelli-23-0552c-jarrulevyt"},"modified":"2021-02-21T19:08:57","modified_gmt":"2021-02-21T19:08:57","slug":"metelli-23-0552c-jarrulevyt","status":"publish","type":"product","link":"https:\/\/www.autonvaraosahaku.fi\/?product=metelli-23-0552c-jarrulevyt","title":{"rendered":"METELLI 23-0552C Jarrulevyt"},"content":{"rendered":"<p>V\u00e4himm\u00e4ispaksuus (mm): 16,0; Reikien m\u00e4\u00e4r\u00e4: 4; Korkeus (mm): 43,0; Reik\u00e4ympyr\u00e4-\u00d8 [mm]: 55,0; Jarrulevyn paksuus (mm): 18,0; Pinta: Lakattu; t\u00e4ytt\u00e4\u00e4 ECE-normin: Approved; Ulkol\u00e4pimitta [mm]: 235,0; Jarrulevytyyppi: Tuuletettu; Jarrut: f\u00fcr Fahrzeuge mit Trommelbremse an der Hinterachse; TOYOTA: YARIS SCP1_, NLP1_, NCP1_,YARIS VERSO _NLP2_, _NCP2_; 435120D010, 4351252020, 4351252050; Jarrulevy<\/p>\n","protected":false},"excerpt":{"rendered":"<p>METELLI Jarrulevyt 23-0552C Jarrulevy TOYOTA,YARIS SCP1_, NLP1_, NCP1_,YARIS VERSO _NLP2_, _NCP2_<\/p>\n","protected":false},"featured_media":0,"template":"","meta":{"site-sidebar-layout":"default","site-content-layout":"default","ast-global-header-display":"","ast-main-header-display":"","ast-hfb-above-header-display":"","ast-hfb-below-header-display":"","ast-hfb-mobile-header-display":"","site-post-title":"","ast-breadcrumbs-content":"","ast-featured-img":"","footer-sml-layout":"","theme-transparent-header-meta":"","adv-header-id-meta":"","stick-header-meta":"","header-above-stick-meta":"","header-main-stick-meta":"","header-below-stick-meta":""},"pwb-brand":[251],"product_cat":[66],"product_tag":[],"class_list":{"0":"post-70435","1":"product","2":"type-product","3":"status-publish","5":"pwb-brand-metelli","6":"product_cat-jarrulevyt","7":"desktop-align-left","8":"tablet-align-left","9":"mobile-align-left","11":"first","12":"instock","13":"product-type-external"},"brands":[{"id":251,"name":"METELLI","slug":"metelli"}],"_links":{"self":[{"href":"https:\/\/www.autonvaraosahaku.fi\/index.php?rest_route=\/wp\/v2\/product\/70435","targetHints":{"allow":["GET"]}}],"collection":[{"href":"https:\/\/www.autonvaraosahaku.fi\/index.php?rest_route=\/wp\/v2\/product"}],"about":[{"href":"https:\/\/www.autonvaraosahaku.fi\/index.php?rest_route=\/wp\/v2\/types\/product"}],"wp:attachment":[{"href":"https:\/\/www.autonvaraosahaku.fi\/index.php?rest_route=%2Fwp%2Fv2%2Fmedia&parent=70435"}],"wp:term":[{"taxonomy":"pwb-brand","embeddable":true,"href":"https:\/\/www.autonvaraosahaku.fi\/index.php?rest_route=%2Fwp%2Fv2%2Fpwb-brand&post=70435"},{"taxonomy":"product_cat","embeddable":true,"href":"https:\/\/www.autonvaraosahaku.fi\/index.php?rest_route=%2Fwp%2Fv2%2Fproduct_cat&post=70435"},{"taxonomy":"product_tag","embeddable":true,"href":"https:\/\/www.autonvaraosahaku.fi\/index.php?rest_route=%2Fwp%2Fv2%2Fproduct_tag&post=70435"}],"curies":[{"name":"wp","href":"https:\/\/api.w.org\/{rel}","templated":true}]}}