{"id":70455,"date":"2021-02-21T19:09:03","date_gmt":"2021-02-21T19:09:03","guid":{"rendered":"https:\/\/www.autonvaraosahaku.fi\/?product=ridex-78b0168-jarrusatula"},"modified":"2021-02-21T19:09:04","modified_gmt":"2021-02-21T19:09:04","slug":"ridex-78b0168-jarrusatula","status":"publish","type":"product","link":"https:\/\/www.autonvaraosahaku.fi\/?product=ridex-78b0168-jarrusatula","title":{"rendered":"RIDEX 78B0168 Jarrusatula"},"content":{"rendered":"<p>Jarrusatulam\u00e4nt\u00e4l\u00e4pimitta [mm]: 38,0; Jarruj\u00e4rjestelm\u00e4: LUCAS\/TRW; Materiaali: Harmaa valurauta; Jarrusatulatyyppi: Jarrusatula (1-m\u00e4nt\u00e4), Jarrusatula, sis. rak. jarrusatulalla; parilliset tuotenumerot: 78B0147; Paino [kg]: 2,70; Jarrulevypaksuudelle [mm]: 12, 12; Asennuspuoli: Hinterachse; VW: TRANSPORTER IV Bus 70XB, 70XC, 7DB, 7DW,SHARAN 7M8, 7M9, 7M6,TRANSPORTER IV Kasten 70XA,TRANSPORTER IV Pritsche\/Fahrgestell 70XD; FORD: GALAXY WGR; SEAT: ALHAMBRA 7V8, 7V9; 1109021, YM212B119AA, 7D0615423A, 7D0615423B, 7D0615423A, 7D0615423B<\/p>\n","protected":false},"excerpt":{"rendered":"<p>RIDEX Jarrusatula 78B0168  VW,FORD,SEAT,TRANSPORTER IV Bus 70XB, 70XC, 7DB, 7DW,SHARAN 7M8, 7M9, 7M6,TRANSPORTER IV Kasten 70XA<\/p>\n","protected":false},"featured_media":0,"template":"","meta":{"site-sidebar-layout":"default","site-content-layout":"default","ast-global-header-display":"","ast-main-header-display":"","ast-hfb-above-header-display":"","ast-hfb-below-header-display":"","ast-hfb-mobile-header-display":"","site-post-title":"","ast-breadcrumbs-content":"","ast-featured-img":"","footer-sml-layout":"","theme-transparent-header-meta":"","adv-header-id-meta":"","stick-header-meta":"","header-above-stick-meta":"","header-main-stick-meta":"","header-below-stick-meta":""},"pwb-brand":[157],"product_cat":[177],"product_tag":[],"class_list":{"0":"post-70455","1":"product","2":"type-product","3":"status-publish","5":"pwb-brand-ridex","6":"product_cat-jarrusatula","7":"desktop-align-left","8":"tablet-align-left","9":"mobile-align-left","11":"first","12":"instock","13":"product-type-external"},"brands":[{"id":157,"name":"RIDEX","slug":"ridex"}],"_links":{"self":[{"href":"https:\/\/www.autonvaraosahaku.fi\/index.php?rest_route=\/wp\/v2\/product\/70455","targetHints":{"allow":["GET"]}}],"collection":[{"href":"https:\/\/www.autonvaraosahaku.fi\/index.php?rest_route=\/wp\/v2\/product"}],"about":[{"href":"https:\/\/www.autonvaraosahaku.fi\/index.php?rest_route=\/wp\/v2\/types\/product"}],"wp:attachment":[{"href":"https:\/\/www.autonvaraosahaku.fi\/index.php?rest_route=%2Fwp%2Fv2%2Fmedia&parent=70455"}],"wp:term":[{"taxonomy":"pwb-brand","embeddable":true,"href":"https:\/\/www.autonvaraosahaku.fi\/index.php?rest_route=%2Fwp%2Fv2%2Fpwb-brand&post=70455"},{"taxonomy":"product_cat","embeddable":true,"href":"https:\/\/www.autonvaraosahaku.fi\/index.php?rest_route=%2Fwp%2Fv2%2Fproduct_cat&post=70455"},{"taxonomy":"product_tag","embeddable":true,"href":"https:\/\/www.autonvaraosahaku.fi\/index.php?rest_route=%2Fwp%2Fv2%2Fproduct_tag&post=70455"}],"curies":[{"name":"wp","href":"https:\/\/api.w.org\/{rel}","templated":true}]}}