{"id":7046,"date":"2021-02-21T13:59:05","date_gmt":"2021-02-21T13:59:05","guid":{"rendered":"https:\/\/www.autonvaraosahaku.fi\/?product=topran-114-275-pissapojan-suutin"},"modified":"2021-02-21T13:59:06","modified_gmt":"2021-02-21T13:59:06","slug":"topran-114-275-pissapojan-suutin","status":"publish","type":"product","link":"https:\/\/www.autonvaraosahaku.fi\/?product=topran-114-275-pissapojan-suutin","title":{"rendered":"TOPRAN 114 275 Pissapojan suutin"},"content":{"rendered":"<p>Asennuspuoli: Molemminpuolin; V\u00e4rikoodi: 9B9; Pesusuutinmalli: L\u00e4mmitt\u00e4m\u00e4t\u00f6n, Yksireik\u00e4inen suutin; V\u00e4ri: Musta; Korvaava tuote\/korvaava tiedote 2: tuulilasinpuhdistukseen; Moottorinumero: CMXA; VW: GOLF V 1K1,TOURAN 1T1, 1T2,GOLF VI 5K1,PASSAT Variant 3C5,GOLF PLUS 5M1, 521,PASSAT 3C2,POLO 6R, 6C,TIGUAN 5N_,PASSAT Variant 365,GOLF VII 5G1, BE1,CADDY III Kombi 2KB, 2KJ, 2CB, 2CJ,TOURAN 1T3,GOLF VI Variant AJ5,GOLF V Variant 1K5,CADDY III Kasten 2KA, 2KH, 2CA, 2CH,GOLF VII Kombi BA5,EOS 1F7, 1F8,SCIROCCO 137, 138,SHARAN 7N1, 7N2,TOUAREG 7P5,JETTA III 1K2,PASSAT 362,AMAROK 2H_, S1B,BEETLE 5C1,JETTA IV 162, 163,BEETLE Cabriolet 5C7,PASSAT Variant 3G5,GOLF SPORTSVAN AM1,TOURAN,TIGUAN AD1,PASSAT 3G2,T-ROC A11,ARTEON 3H7,TIGUAN ALLSPACE BW2; SKODA: YETI 5L,SUPERB Kombi 3T5,SUPERB 3T4,FABIA NJ3,FABIA Kombi NJ5,KODIAQ NS7,KAROQ NU7; SEAT: ALHAMBRA 710, 711,ATECA KH7,IBIZA V KJ1,ARONA KJ7; 1T0955985, 1T09559859B9, 5M0955985, 5M09559859B9, 5M0955985A, 5M0955985A9B9, 5M0955985C, 5M0955985C9B9, 1T0955985, 1T09559859B9, 5M0955985, 5M09559859B9, 5M0955985A, 5M0955985A9B9, 5M0955985C, 5M0955985C9B9, 1T0955985, 1T09559859B9, 5M0955985, 5M09559859B9, 5M0955985A, 5M0955985A9B9, 5M0955985C, 5M0955985C9B9; Lasinpesimen Suutin,Pesusuutin, Lasinpesulaite<\/p>\n","protected":false},"excerpt":{"rendered":"<p>TOPRAN Pissapojan Suutin 114 275 Lasinpesimen Suutin,Pesusuutin, Lasinpesulaite VW,SKODA,SEAT,GOLF V 1K1,TOURAN 1T1, 1T2,GOLF VI 5K1<\/p>\n","protected":false},"featured_media":0,"template":"","meta":{"site-sidebar-layout":"default","site-content-layout":"default","ast-global-header-display":"","ast-main-header-display":"","ast-hfb-above-header-display":"","ast-hfb-below-header-display":"","ast-hfb-mobile-header-display":"","site-post-title":"","ast-breadcrumbs-content":"","ast-featured-img":"","footer-sml-layout":"","theme-transparent-header-meta":"","adv-header-id-meta":"","stick-header-meta":"","header-above-stick-meta":"","header-main-stick-meta":"","header-below-stick-meta":""},"pwb-brand":[18],"product_cat":[133],"product_tag":[],"class_list":{"0":"post-7046","1":"product","2":"type-product","3":"status-publish","5":"pwb-brand-topran","6":"product_cat-pissapojan-suutin","7":"desktop-align-left","8":"tablet-align-left","9":"mobile-align-left","11":"first","12":"instock","13":"product-type-external"},"brands":[{"id":18,"name":"TOPRAN","slug":"topran"}],"_links":{"self":[{"href":"https:\/\/www.autonvaraosahaku.fi\/index.php?rest_route=\/wp\/v2\/product\/7046","targetHints":{"allow":["GET"]}}],"collection":[{"href":"https:\/\/www.autonvaraosahaku.fi\/index.php?rest_route=\/wp\/v2\/product"}],"about":[{"href":"https:\/\/www.autonvaraosahaku.fi\/index.php?rest_route=\/wp\/v2\/types\/product"}],"wp:attachment":[{"href":"https:\/\/www.autonvaraosahaku.fi\/index.php?rest_route=%2Fwp%2Fv2%2Fmedia&parent=7046"}],"wp:term":[{"taxonomy":"pwb-brand","embeddable":true,"href":"https:\/\/www.autonvaraosahaku.fi\/index.php?rest_route=%2Fwp%2Fv2%2Fpwb-brand&post=7046"},{"taxonomy":"product_cat","embeddable":true,"href":"https:\/\/www.autonvaraosahaku.fi\/index.php?rest_route=%2Fwp%2Fv2%2Fproduct_cat&post=7046"},{"taxonomy":"product_tag","embeddable":true,"href":"https:\/\/www.autonvaraosahaku.fi\/index.php?rest_route=%2Fwp%2Fv2%2Fproduct_tag&post=7046"}],"curies":[{"name":"wp","href":"https:\/\/api.w.org\/{rel}","templated":true}]}}