{"id":70470,"date":"2021-02-21T19:09:03","date_gmt":"2021-02-21T19:09:03","guid":{"rendered":"https:\/\/www.autonvaraosahaku.fi\/?product=ridex-3926a0190-ilmamassamittari"},"modified":"2021-02-21T19:09:07","modified_gmt":"2021-02-21T19:09:07","slug":"ridex-3926a0190-ilmamassamittari","status":"publish","type":"product","link":"https:\/\/www.autonvaraosahaku.fi\/?product=ridex-3926a0190-ilmamassamittari","title":{"rendered":"RIDEX 3926A0190 Ilmamassamittari"},"content":{"rendered":"<p>Kotelomalli: Ilman koppaa; Napojen m\u00e4\u00e4r\u00e4: 4; J\u00e4nnite (V): 12; Alustanumerosta: BH000001; FORD: FIESTA VI,MONDEO IV Turnier BA7,S-MAX WA6,GALAXY WA6,TRANSIT MK-7 Kasten,RANGER TKE,MONDEO IV BA7,TRANSIT MK-7 Bus,TRANSIT CONNECT P65_, P70_, P80_,B-MAX JK,TOURNEO CONNECT,ECOSPORT,TRANSIT MK-7 Pritsche\/Fahrgestell,TRANSIT CUSTOM Kasten,TOURNEO CUSTOM Bus,MONDEO IV Stufenheck BA7,TRANSIT CUSTOM Bus,TOURNEO CONNECT \/ GRAND TOURNEO CONNECT Kombi,FIESTA VI Van,MONDEO V Turnier,TRANSIT Custom  Bus,TRANSIT Custom Pritsche\/Fahrgestell,MONDEO V Schr\u00e4gheck,TOURNEO COURIER Kombi,B-MAX Van,TRANSIT COURIER Kasten,TRANSIT COURIER Kombi; VOLVO: XC60,V70 III BW,V60,S80 II AS,S60 II; LAND ROVER: FREELANDER 2 FA_,DEFENDER Station Wagon LD,RANGE ROVER EVOQUE LV,DEFENDER Pick-up LD_,DEFENDER Cabrio LD,DEFENDER Pritsche\/Fahrgestell LD,DISCOVERY SPORT LC,RANGE ROVER EVOQUE Cabriolet LV_; FORD USA: MUSTANG Coupe,MUSTANG Convertible; 9674958880, 1516668, 8V2112B579AA, 8V2112B579AAAFLS1, 8V2112B579AAAFLS195, 8V2Z12B579A, LR019830, 9674958880, 30757655; Ilmam\u00e4\u00e4r\u00e4mittari,MAF Anturi<\/p>\n","protected":false},"excerpt":{"rendered":"<p>RIDEX Ilmamassamittari 3926A0190 Ilmam\u00e4\u00e4r\u00e4mittari,MAF Anturi FORD,VOLVO,LAND ROVER,FIESTA VI,MONDEO IV Turnier BA7,S-MAX WA6,GALAXY WA6<\/p>\n","protected":false},"featured_media":0,"template":"","meta":{"site-sidebar-layout":"default","site-content-layout":"default","ast-global-header-display":"","ast-main-header-display":"","ast-hfb-above-header-display":"","ast-hfb-below-header-display":"","ast-hfb-mobile-header-display":"","site-post-title":"","ast-breadcrumbs-content":"","ast-featured-img":"","footer-sml-layout":"","theme-transparent-header-meta":"","adv-header-id-meta":"","stick-header-meta":"","header-above-stick-meta":"","header-main-stick-meta":"","header-below-stick-meta":""},"pwb-brand":[157],"product_cat":[270],"product_tag":[],"class_list":{"0":"post-70470","1":"product","2":"type-product","3":"status-publish","5":"pwb-brand-ridex","6":"product_cat-ilmamassamittari","7":"desktop-align-left","8":"tablet-align-left","9":"mobile-align-left","11":"first","12":"instock","13":"product-type-external"},"brands":[{"id":157,"name":"RIDEX","slug":"ridex"}],"_links":{"self":[{"href":"https:\/\/www.autonvaraosahaku.fi\/index.php?rest_route=\/wp\/v2\/product\/70470","targetHints":{"allow":["GET"]}}],"collection":[{"href":"https:\/\/www.autonvaraosahaku.fi\/index.php?rest_route=\/wp\/v2\/product"}],"about":[{"href":"https:\/\/www.autonvaraosahaku.fi\/index.php?rest_route=\/wp\/v2\/types\/product"}],"wp:attachment":[{"href":"https:\/\/www.autonvaraosahaku.fi\/index.php?rest_route=%2Fwp%2Fv2%2Fmedia&parent=70470"}],"wp:term":[{"taxonomy":"pwb-brand","embeddable":true,"href":"https:\/\/www.autonvaraosahaku.fi\/index.php?rest_route=%2Fwp%2Fv2%2Fpwb-brand&post=70470"},{"taxonomy":"product_cat","embeddable":true,"href":"https:\/\/www.autonvaraosahaku.fi\/index.php?rest_route=%2Fwp%2Fv2%2Fproduct_cat&post=70470"},{"taxonomy":"product_tag","embeddable":true,"href":"https:\/\/www.autonvaraosahaku.fi\/index.php?rest_route=%2Fwp%2Fv2%2Fproduct_tag&post=70470"}],"curies":[{"name":"wp","href":"https:\/\/api.w.org\/{rel}","templated":true}]}}