{"id":70483,"date":"2021-02-21T19:09:08","date_gmt":"2021-02-21T19:09:08","guid":{"rendered":"https:\/\/www.autonvaraosahaku.fi\/?product=spidan-190969-vetonivelen-suojakumi"},"modified":"2021-02-21T19:09:11","modified_gmt":"2021-02-21T19:09:11","slug":"spidan-190969-vetonivelen-suojakumi","status":"publish","type":"product","link":"https:\/\/www.autonvaraosahaku.fi\/?product=spidan-190969-vetonivelen-suojakumi","title":{"rendered":"SPIDAN 190969 Vetonivelen suojakumi"},"content":{"rendered":"<p>Sis\u00e4l\u00e4pimitta 1 alkaen [mm]: 21; Sis\u00e4l\u00e4pimitta 1 enint\u00e4\u00e4n [mm]: 23; Sis\u00e4l\u00e4pimitta 2 alkaen [mm]: 57; Sis\u00e4l\u00e4pimitta 2 enint\u00e4\u00e4n [mm]: 60; Korkeus (mm): 90; Paljekumin materiaali: Neopreni; Versio: FlexBoot; Uusi osa: ; Valmistusvuoteen: 08\/2015; VW: GOLF IV 1J1,TRANSPORTER IV Bus 70XB, 70XC, 7DB, 7DW,GOLF IV Variant 1J5,TRANSPORTER V Bus 7HB, 7HJ, 7EB, 7EJ, 7EF,TOUAREG 7LA, 7L6, 7L7,MULTIVAN V 7HM, 7HN, 7HF, 7EF, 7EM, 7EN,BORA 1J2,TRANSPORTER IV Kasten 70XA,TRANSPORTER V Kasten 7HA, 7HH, 7EA, 7EH,NEW BEETLE 9C1, 1C1,PHAETON 3D_,BORA Kombi 1J6,TRANSPORTER III Bus,TRANSPORTER IV Pritsche\/Fahrgestell 70XD,BEETLE 5C1,JETTA IV 162, 163,TRANSPORTER V Pritsche\/Fahrgestell 7JD, 7JE, 7JL, 7JY, 7JZ,,TRANSPORTER III Kasten,BEETLE Cabriolet 5C7,TRANSPORTER III Pritsche\/Fahrgestell,MULTIVAN VI SGF, SGM, SGN,TRANSPORTER VI Bus SGB, SGG, SGJ,TRANSPORTER VI Kasten SGA, SGH,GOLF IV Van 1J1,TRANSPORTER VI Pritsche\/Fahrgestell SFD, SFE, SFL, SFZ; AUDI: A4 Avant 8K5, B8,A3 8L1,A4 8K2, B8,A5 8T3,A5 Sportback 8TA,Q7 4L,TT 8N3,A8 4E_,100 4A, C4,TT Roadster 8N9,100 Avant 4A, C4,A4 Allroad 8KH, B8,A5 Cabriolet 8F7,V8 44_, 4C_,R8 42,100 C1,100 43, C2,R8 Spyder,100 Avant 43, C2; MERCEDES-BENZ: C-CLASS W203,C-CLASS T-Model S203,C-CLASS W202,190 W201,SLK R170,E-CLASS W210,Stufenheck W124,E-CLASS Kombi S210,CLK C208,SL R129,SL R107,C-CLASS Kombi S202,Stufenheck W123,S-CLASS W220,S-CLASS W126,KOMBI Kombi S124,E-CLASS W124,CLK Cabriolet A208,COUPE C124,S-CLASS W140,E-CLASS Kombi S124,COUPE C123,SPRINTER 3-t Kasten 903,SPRINTER 2-t Bus 901, 902,S-CLASS Coupe C126,SPRINTER 2-t Kasten 901, 902,SPRINTER 3-t Bus 903,KOMBI Kombi S123,SPRINTER 3-t Pritsche\/Fahrgestell 903,E-CLASS Cabriolet A124,SL Coupe C107,E-CLASS Coupe C124,SPRINTER 4-t Pritsche\/Fahrgestell 904,S-CLASS W222, V222, X222,SPRINTER 2-t Pritsche\/Fahrgestell 901, 902,S-CLASS Coupe C140,SPRINTER 4-t Kasten 904,C-CLASS T-Model S205,C-CLASS W205,C-CLASS Coupe C205,C-CLASS Cabriolet A205,S-CLASS Coupe C217,S-CLASS Cabriolet A217; BMW: 6 E24,7 E23,5 E12; OPEL: CORSA C F08, F68,ZAFIRA B A05,ASTRA H Caravan L35,MERIVA,ASTRA H L48,ASTRA J Sports Tourer,INSIGNIA Caravan,VECTRA C Caravan,ASTRA J,ASTRA H GTC L08,MERIVA B,SIGNUM,VECTRA C,ZAFIRA TOURER C P12,VECTRA B 36_,OMEGA B Caravan 21_, 22_, 23_,MOKKA,OMEGA B 25_, 26_, 27_,ADAM,VECTRA C GTS,ANTARA,ASTRA H TwinTop L67,VIVARO Kasten F7,INSIGNIA,INSIGNIA Stufenheck,VIVARO Combi J7,ZAFIRA B Van,ASTRA GTC J,VECTRA A 86_, 87_,ASTRA F Cabriolet 53_B,ASTRA J Stufenheck,CASCADA W13,ASTRA H Stufenheck L69,ASTRA H Kasten L70,VIVARO Pritsche\/Fahrgestell E7,COMMODORE B Coupe,CORSA E,INSIGNIA A Country Tourer G09,CORSA E Van,ASTRA CLASSIC Caravan,ASTRA CLASSIC L48,ASTRA CLASSIC Stufenheck; FORD: MONDEO III Kombi BWY,FOCUS Kombi DNW,FOCUS DAW, DBW,FOCUS III Turnier,MONDEO III B5Y,FOCUS III,MONDEO III Stufenheck B4Y,KUGA II DM2,FOCUS Stufenheck DFW,TRANSIT CONNECT P65_, P70_, P80_,TOURNEO CONNECT,FOCUS III Stufenheck,ESCORT VII GAL, AAL, ABL,SCORPIO II GFR, GGR,SCORPIO I GAE, GGE,SCORPIO II Kombi GNR, GGR,SCORPIO I Stufenheck GGE,GRANADA GU,SCORPIO I Kombi GGE,GRANADA Kombi GNU,GRANADA GGTL, GGFL,GRANADA Coupe GGCL,GRANADA Kombi GGNL,KUGA II Van,FOCUS III Kasten\/Schr\u00e4gheck; RENAULT: CLIO II BB0\/1\/2_, CB0\/1\/2_,SC\u00c9NIC II JM0\/1_,KANGOO KC0\/1_,MEGANE III Grandtour KZ0\/1,ESPACE IV JK0\/1_,LAGUNA II Grandtour KG0\/1_,MEGANE II Kombi KM0\/1_,SC\u00c9NIC I JA0\/1_,MEGANE II Coup\u00e9-Cabriolet EM0\/1_,SC\u00c9NIC III JZ0\/1_,ESPACE III JE0_,LAGUNA III Grandtour KT0\/1,MEGANE Scenic JA0\/1_,MEGANE III Schr\u00e4gheck BZ0_,LAGUNA II BG0\/1_,MEGANE II BM0\/1_, CM0\/1_,TRAFIC II Bus JL,GRAND SC\u00c9NIC III JZ0\/1_,MEGANE I BA0\/1_,TRAFIC II Kasten FL,MEGANE III Coupe DZ0\/1_,KANGOO Express FC0\/1_,GRAND SC\u00c9NIC II JM0\/1_,LAGUNA III BT0\/1,MEGANE II Stufenheck LM0\/1_,MEGANE I Classic LA0\/1_,MEGANE I Coach DA0\/1_,MEGANE CC EZ0\/1_,VEL SATIS BJ0_,CLIO II Kasten SB0\/1\/2_,LAGUNA Coupe DT0\/1,FLUENCE L30_,THALIA I LB0\/1\/2_,TRAFIC II Pritsche\/Fahrgestell EL,THALIA II LU1\/2_,KADJAR,MEGANE IV B9A\/M_,MEGANE IV Grandtour K9A\/M_,ESPACE V,TALISMAN Grandtour KP_,TALISMAN,GRAND SC\u00c9NIC IV R9_,SC\u00c9NIC IV J9_,MEGANE II Kasten\/Kombi KM_,MEGANE II Hatchback Van KM0\/2_; FIAT: PUNTO 188,500 312,STILO 192,BARCHETTA 183,500 C 312,PUNTO 176,STILO Multi Wagon 192,CROMA 194,PUNTO 199,IDEA,PANDA 312,COUPE FA\/175,SEDICI,STRADA Pick-up 178E,MULTIPLA 186,QUBO 225,PUNTO Van 188AX,BRAVO I 182,BRAVA 182,MAREA Weekend 185,UNO 146A\/E,FIORINO Kasten\/Kombi 225,X 1\/9 128 AS,PALIO Weekend 178DX,PUNTO Van 199,FIORINO Kasten 146,TIPO 160,CROMA 154,MAREA 185,TEMPRA 159,RITMO I 138A,TEMPRA S.W. 159,FIORINO Pick up 146,REGATA 138,RITMO Cabriolet,PALIO 178BX,UNO Kasten 146,500X,SIENA 178_,PANDA VAN 312,REGATA Weekend 138; SKODA: OCTAVIA Combi 1U5,OCTAVIA 1U2; PEUGEOT: 206 Schr\u00e4gheck 2A\/C,207 WA_, WC_,207 CC WD_,207 SW WK_,206 SW 2E\/K,208,508 SW,1007 KM_,2008,508,207 Stufenheck,207 Van,3008 SUV,5008 II,TRAVELLER,208 Kasten; Vetoakselin Suojakumi,Paljekumi, Vetoakseli<\/p>\n","protected":false},"excerpt":{"rendered":"<p>SPIDAN Vetonivelen Suojakumi 190969 Vetoakselin Suojakumi,Paljekumi, Vetoakseli VW,AUDI,MERCEDES-BENZ,GOLF IV 1J1<\/p>\n","protected":false},"featured_media":0,"template":"","meta":{"site-sidebar-layout":"default","site-content-layout":"default","ast-global-header-display":"","ast-main-header-display":"","ast-hfb-above-header-display":"","ast-hfb-below-header-display":"","ast-hfb-mobile-header-display":"","site-post-title":"","ast-breadcrumbs-content":"","ast-featured-img":"","footer-sml-layout":"","theme-transparent-header-meta":"","adv-header-id-meta":"","stick-header-meta":"","header-above-stick-meta":"","header-main-stick-meta":"","header-below-stick-meta":""},"pwb-brand":[411],"product_cat":[42],"product_tag":[],"class_list":{"0":"post-70483","1":"product","2":"type-product","3":"status-publish","5":"pwb-brand-spidan","6":"product_cat-vetonivelen-suojakumi","7":"desktop-align-left","8":"tablet-align-left","9":"mobile-align-left","11":"first","12":"instock","13":"product-type-external"},"brands":[{"id":411,"name":"SPIDAN","slug":"spidan"}],"_links":{"self":[{"href":"https:\/\/www.autonvaraosahaku.fi\/index.php?rest_route=\/wp\/v2\/product\/70483","targetHints":{"allow":["GET"]}}],"collection":[{"href":"https:\/\/www.autonvaraosahaku.fi\/index.php?rest_route=\/wp\/v2\/product"}],"about":[{"href":"https:\/\/www.autonvaraosahaku.fi\/index.php?rest_route=\/wp\/v2\/types\/product"}],"wp:attachment":[{"href":"https:\/\/www.autonvaraosahaku.fi\/index.php?rest_route=%2Fwp%2Fv2%2Fmedia&parent=70483"}],"wp:term":[{"taxonomy":"pwb-brand","embeddable":true,"href":"https:\/\/www.autonvaraosahaku.fi\/index.php?rest_route=%2Fwp%2Fv2%2Fpwb-brand&post=70483"},{"taxonomy":"product_cat","embeddable":true,"href":"https:\/\/www.autonvaraosahaku.fi\/index.php?rest_route=%2Fwp%2Fv2%2Fproduct_cat&post=70483"},{"taxonomy":"product_tag","embeddable":true,"href":"https:\/\/www.autonvaraosahaku.fi\/index.php?rest_route=%2Fwp%2Fv2%2Fproduct_tag&post=70483"}],"curies":[{"name":"wp","href":"https:\/\/api.w.org\/{rel}","templated":true}]}}