{"id":70501,"date":"2021-02-21T19:09:14","date_gmt":"2021-02-21T19:09:14","guid":{"rendered":"https:\/\/www.autonvaraosahaku.fi\/?product=fa1-771-954-pakosarjan-tiivisteet"},"modified":"2021-02-21T19:09:16","modified_gmt":"2021-02-21T19:09:16","slug":"fa1-771-954-pakosarjan-tiivisteet","status":"publish","type":"product","link":"https:\/\/www.autonvaraosahaku.fi\/?product=fa1-771-954-pakosarjan-tiivisteet","title":{"rendered":"FA1 771-954 Pakosarjan tiivisteet"},"content":{"rendered":"<p>Sis\u00e4l\u00e4pimitta [mm]: 55; Ulkol\u00e4pimitta [mm]: 74; Korkeus (mm): 4,8; Pakoputkisto: f\u00fcr Mittelschalld\u00e4mpfer; LEXUS: IS II GSE2_, ALE2_, USE2_,GS GRS19_, UZS19_, GWS19_,GS UZS161, JZS160,RX MCU15,IS III GSE3_, AVE3_,LS UVF4_, USF4_,LS UCF20,GS GRL1_, GWL1_,SC UZZ40_,LS UCF30,IS C GSE2_,LX URJ201,ES AVV6_, GSV6_, ASV6_,RC GSC1_, USC1_,LS VXFA5_,LC; TOYOTA: AVENSIS Kombi T25,RAV 4 III ACA3_, ACE_, ALA3_, GSA3_, ZSA3_,RAV 4 II CLA2_, XA2_, ZCA2_, ACA2_,AVENSIS T25_,AVENSIS Stufenheck T25,RAV 4 IV ZSA4_, ALA4_,PREVIA MCR3_, ACR3_, CLR3_,HILUX III Pick-up TGN1_, GGN2_, GGN1_, KUN2_, KUN1_,AVENSIS VERSO _CLM2_, _ACM2_,CARINA E _T19_,LAND CRUISER PZJ7_, KZJ7_, HZJ7_, BJ7_, LJ7_, RJ7_,CELICA ST20_, AT20_,LAND CRUISER 80 _J8_,LAND CRUISER _J4_,CARINA E Stufenheck _T19_,SUPRA JZA80,CARINA E Sportswagon _T19_,LAND CRUISER _J6_,CAMRY MCV3_, ACV3_, _XV3_,HILUX III Pritsche\/Fahrgestell KUN1_, TGN3_, TGN2_, TGN1_,,CAMRY _CV2_, _XV2_,HIACE IV Bus LH1_,LAND CRUISER VDJ20_, UZJ20_,HIACE IV Kasten LXH1_, RZH1_, LH1_,CAMRY _CV1_, _XV1_, _V1_,TUNDRA Pick-up _K5_,LAND CRUISER Pick-up _J4_,CAMRY Stufenheck AVV5_, XV5_,DYNA Pritsche\/Fahrgestell KD_, LY_, TRY2_, KDY2_, XZU4_, XZ,CELICA Cabriolet AT20_, ST20_,DYNA 150 Pritsche\/Fahrgestell LY_,DYNA 150 Pritsche\/Fahrgestell,HILUX Pick-up GUN1_,DYNA 200 Pritsche\/Fahrgestell; 9008043026, 9091706024, 9091706073<\/p>\n","protected":false},"excerpt":{"rendered":"<p>FA1 Tiivisterengas, Pakoputki 771-954  LEXUS,TOYOTA,IS II GSE2_, ALE2_, USE2_,GS GRS19_, UZS19_, GWS19_,GS UZS161, JZS160,RX MCU15,IS III GSE3_, AVE3_<\/p>\n","protected":false},"featured_media":0,"template":"","meta":{"site-sidebar-layout":"default","site-content-layout":"default","ast-global-header-display":"","ast-main-header-display":"","ast-hfb-above-header-display":"","ast-hfb-below-header-display":"","ast-hfb-mobile-header-display":"","site-post-title":"","ast-breadcrumbs-content":"","ast-featured-img":"","footer-sml-layout":"","theme-transparent-header-meta":"","adv-header-id-meta":"","stick-header-meta":"","header-above-stick-meta":"","header-main-stick-meta":"","header-below-stick-meta":""},"pwb-brand":[39],"product_cat":[123],"product_tag":[],"class_list":{"0":"post-70501","1":"product","2":"type-product","3":"status-publish","5":"pwb-brand-fa1","6":"product_cat-pakosarjan-tiivisteet","7":"desktop-align-left","8":"tablet-align-left","9":"mobile-align-left","11":"first","12":"instock","13":"product-type-external"},"brands":[{"id":39,"name":"FA1","slug":"fa1"}],"_links":{"self":[{"href":"https:\/\/www.autonvaraosahaku.fi\/index.php?rest_route=\/wp\/v2\/product\/70501","targetHints":{"allow":["GET"]}}],"collection":[{"href":"https:\/\/www.autonvaraosahaku.fi\/index.php?rest_route=\/wp\/v2\/product"}],"about":[{"href":"https:\/\/www.autonvaraosahaku.fi\/index.php?rest_route=\/wp\/v2\/types\/product"}],"wp:attachment":[{"href":"https:\/\/www.autonvaraosahaku.fi\/index.php?rest_route=%2Fwp%2Fv2%2Fmedia&parent=70501"}],"wp:term":[{"taxonomy":"pwb-brand","embeddable":true,"href":"https:\/\/www.autonvaraosahaku.fi\/index.php?rest_route=%2Fwp%2Fv2%2Fpwb-brand&post=70501"},{"taxonomy":"product_cat","embeddable":true,"href":"https:\/\/www.autonvaraosahaku.fi\/index.php?rest_route=%2Fwp%2Fv2%2Fproduct_cat&post=70501"},{"taxonomy":"product_tag","embeddable":true,"href":"https:\/\/www.autonvaraosahaku.fi\/index.php?rest_route=%2Fwp%2Fv2%2Fproduct_tag&post=70501"}],"curies":[{"name":"wp","href":"https:\/\/api.w.org\/{rel}","templated":true}]}}