{"id":70538,"date":"2021-02-21T19:09:28","date_gmt":"2021-02-21T19:09:28","guid":{"rendered":"https:\/\/www.autonvaraosahaku.fi\/?product=fa1-256-852-001-kierretulppa"},"modified":"2021-02-21T19:09:31","modified_gmt":"2021-02-21T19:09:31","slug":"fa1-256-852-001-kierretulppa","status":"publish","type":"product","link":"https:\/\/www.autonvaraosahaku.fi\/?product=fa1-256-852-001-kierretulppa","title":{"rendered":"FA1 256.852.001 Kierretulppa"},"content":{"rendered":"<p>Kierremitta: M14x1,5; Pituus (mm): 15; Ruuvikanta\/mutteriprofiili: Kuusioruuvi \/-mutteri; Avainv\u00e4li: SW17; Lis\u00e4ksi tarvittavat tuotteet (tuotenumero): 359.980.100, 372.980.100; MAZDA: 5 CR19,3 BK,6 Station Wagon GY,6 Kombi GH,CX-7 ER,6 Hatchback GG,6 GG,3 BL,TRIBUTE EP,5 CW,MX-5 III NC,6 Schr\u00e4gheck GH,3 Stufenheck BK,6 GH,MPV II LW,3 Stufenheck BL; KIA: SORENTO I JC,PICANTO BA,CEE&#8217;D SW ED,CEE&#8217;D Schr\u00e4gheck ED,SPORTAGE JE_, KM_,CARENS II FJ,RIO II JB,PRO CEE&#8217;D ED,CERATO LD,MAGENTIS GD,CERATO Stufenheck LD,RIO II Stufenheck JB,PREGIO Kasten TB,PREGIO Bus,K2500 SD,BONGO Pritsche\/Fahrgestell; FORD USA: ESCAPE; HONDA: CIVIC VIII Hatchback FN, FK,JAZZ II GD,CR-V III RE,CIVIC VII Hatchback EU, EP, EV,JAZZ III GE,CR-V II RD_,ACCORD VII CL,CIVIC VI Hatchback EJ, EK,FR-V BE,CR-V IV RE,ACCORD VIII CU,ACCORD VII Tourer CM,ACCORD VI CG, CK,CIVIC IX FK,ACCORD VIII Kombi,CIVIC VI Fastback MA, MB,CRX III EH, EG,LOGO GA3,CIVIC VI Aerodeck MB, MC,STREAM RN,CR-V I RD,HR-V GH,CRX II ED, EE,CIVIC V Hatchback EG,PRELUDE V BB,CIVIC VII Coupe EM2,ACCORD VI Hatchback CH,CIVIC VIII Stufenheck FD, FA,ACCORD VI Coupe CG,JAZZ Stufenheck,INSIGHT ZE_,S2000 AP,CIVIC IV Hatchback EC, ED, EE,ACCORD V CE, CF,CIVIC VI Stufenheck EJ, EK,CR-Z ZF1,PRELUDE IV BB,CIVIC VI Coupe EJ, EM1,SHUTTLE RA,INTEGRA Coupe DC2, DC4,CIVIC V Coupe EJ,CIVIC VII Stufenheck ES,PRELUDE III BA,ACCORD IV CB,CIVIC V Stufenheck EG, EH,ACCORD V Aerodeck CE,ACCORD V CC, CD,LEGEND III KA9,ACCORD V Coupe CD,CIVIC IX Stufenheck FB, FG,ODYSSEY RL3, RL4 US,CONCERTO HW,LEGEND IV KB_,CIVIC IV Stufenheck ED,CRX I AF, AS,PRELUDE II AB,A; LAND ROVER: FREELANDER LN,FREELANDER Soft Top; HYUNDAI: i30 FD,GETZ TB,i10 PA,TUCSON JM,i30 CW FD,SANTA F\u00c9 I SM,SANTA F\u00c9 II CM,MATRIX FC,TERRACAN HP,COUPE GK,ATOS MX,TRAJET FO,GALLOPER II JK-01,SONATA IV EF,ACCENT II LC,COUPE RD,H-1 Kasten,ACCENT III MC,H-1 \/ STAREX,ELANTRA XD,ACCENT III Stufenheck MC,ELANTRA Stufenheck XD,ACCENT I X-3,ACCENT II Stufenheck LC,GRANDEUR TG,XG XG,LANTRA II Wagon J-2,LANTRA II J-2,ACCENT Stufenheck X-3,SONATA III Y-3,GALLOPER I,LANTRA I J-1,S COUPE SLC,H100 Bus P,HIGHWAY VAN,H100 Kasten,TIBURON Coupe,ELANTRA Stufenheck HD,H-1 Pritsche\/Fahrgestell,SONATA II Y-2,PORTER Pritsche\/Fahrgestell,H100 Pick-up,H100 Pritsche\/Fahrgestell,GRANDEUR HG,PORTER Pick-up; SAAB: 9-5 Kombi YS3E,9-5 YS3E; ROVER: 25 RF,200 RF,45 Stufenheck RT,600 RH,45 RT,400 RT,CABRIOLET XW,400 Hatchback RT,STREETWISE,800 XS,200 Hatchback XW,200 Coupe XW,800 Hatchback XS,400 Tourer XW,200 XH,800 Coupe,400 XW; SUZUKI: SWIFT III MZ, EZ,JIMNY FJ,SWIFT IV FZ, NZ,GRAND VITARA II JT,GRAND VITARA I FT,WAGON R+ MM,IGNIS FH,IGNIS II,SWIFT II Schr\u00e4gheck EA, MA,VITARA ET, TA,VITARA Cabrio ET, TA,LIANA Schr\u00e4gheck,LIANA ER,WAGON R+ EM,BALENO Kombi EG,BALENO EG,BALENO Schr\u00e4gheck EG,ALTO HA12, HA23,ALTO HA11,X-90 EL,SWIFT I AA,WAGON R,SWIFT II Stufenheck AH, AJ,CARRY Kasten FD,CAPPUCINO EA,VITARA LY,GRAND VITARA I Cabriolet GT,JIMNY Gel\u00e4ndewagen offen SN,CARRY Pick-up FD; OPEL: VECTRA C Caravan,SIGNUM,VECTRA C,VECTRA C GTS,FRONTERA A Sport 5_SUD2,FRONTERA A 5_MWL4; 90009PY3000, 2151221000, 251221010, 2151221000, 251221010, 5956222, 5956230; \u00d6ljytulppa,Kierretulppa, \u00d6ljypohja<\/p>\n","protected":false},"excerpt":{"rendered":"<p>FA1 Kierretulppa 256.852.001 \u00d6ljytulppa,Kierretulppa, \u00d6ljypohja MAZDA,KIA,FORD USA,5 CR19,3 BK,6 Station Wagon GY,6 Kombi GH,CX-7 ER,6 Hatchback GG<\/p>\n","protected":false},"featured_media":0,"template":"","meta":{"site-sidebar-layout":"default","site-content-layout":"default","ast-global-header-display":"","ast-main-header-display":"","ast-hfb-above-header-display":"","ast-hfb-below-header-display":"","ast-hfb-mobile-header-display":"","site-post-title":"","ast-breadcrumbs-content":"","ast-featured-img":"","footer-sml-layout":"","theme-transparent-header-meta":"","adv-header-id-meta":"","stick-header-meta":"","header-above-stick-meta":"","header-main-stick-meta":"","header-below-stick-meta":""},"pwb-brand":[39],"product_cat":[40],"product_tag":[],"class_list":{"0":"post-70538","1":"product","2":"type-product","3":"status-publish","5":"pwb-brand-fa1","6":"product_cat-kierretulppa","7":"desktop-align-left","8":"tablet-align-left","9":"mobile-align-left","11":"first","12":"instock","13":"product-type-external"},"brands":[{"id":39,"name":"FA1","slug":"fa1"}],"_links":{"self":[{"href":"https:\/\/www.autonvaraosahaku.fi\/index.php?rest_route=\/wp\/v2\/product\/70538","targetHints":{"allow":["GET"]}}],"collection":[{"href":"https:\/\/www.autonvaraosahaku.fi\/index.php?rest_route=\/wp\/v2\/product"}],"about":[{"href":"https:\/\/www.autonvaraosahaku.fi\/index.php?rest_route=\/wp\/v2\/types\/product"}],"wp:attachment":[{"href":"https:\/\/www.autonvaraosahaku.fi\/index.php?rest_route=%2Fwp%2Fv2%2Fmedia&parent=70538"}],"wp:term":[{"taxonomy":"pwb-brand","embeddable":true,"href":"https:\/\/www.autonvaraosahaku.fi\/index.php?rest_route=%2Fwp%2Fv2%2Fpwb-brand&post=70538"},{"taxonomy":"product_cat","embeddable":true,"href":"https:\/\/www.autonvaraosahaku.fi\/index.php?rest_route=%2Fwp%2Fv2%2Fproduct_cat&post=70538"},{"taxonomy":"product_tag","embeddable":true,"href":"https:\/\/www.autonvaraosahaku.fi\/index.php?rest_route=%2Fwp%2Fv2%2Fproduct_tag&post=70538"}],"curies":[{"name":"wp","href":"https:\/\/api.w.org\/{rel}","templated":true}]}}