{"id":7058,"date":"2021-02-21T13:59:05","date_gmt":"2021-02-21T13:59:05","guid":{"rendered":"https:\/\/www.autonvaraosahaku.fi\/?product=motul-107142-moottorioljy"},"modified":"2021-02-21T13:59:07","modified_gmt":"2021-02-21T13:59:07","slug":"motul-107142-moottorioljy","status":"publish","type":"product","link":"https:\/\/www.autonvaraosahaku.fi\/?product=motul-107142-moottorioljy","title":{"rendered":"MOTUL 107142 Moottori\u00f6ljy"},"content":{"rendered":"<p>Tilavuus (litra): 4; \u00d6ljy: Synteettinen \u00f6ljy; Huomioi huolto-ohjeet: ; Viskositeettiluokka SAE: 0W-20; Erittely: API SN, ILSAC GF-5; Tuotelinja: SPECIFIC; Versio: HYBRID; API-m\u00e4\u00e4rittely: ilman sis\u00e4\u00e4nrakennettua \u00f6ljyl\u00e4mp\u00f6tilan sensoria; MAZDA: CX-5 KE, GH,6 Kombi GH,3 BM,MX-5 III NC,6 Kombi GJ, GH,6 Schr\u00e4gheck GH,6 GH,6 Stufenheck GJ, GH,3 Stufenheck BM,2 DL, DJ,CX-3 DK,MX-5 IV ND,2 Stufenheck DL, DJ,MX-5 RF ND; NISSAN: MICRA IV K13,NOTE E12,QASHQAI J11, J11_,SENTRA B17; KIA: CEE&#8217;D SW ED,CEE&#8217;D Schr\u00e4gheck ED,PRO CEE&#8217;D ED; LEXUS: IS II GSE2_, ALE2_, USE2_,RX MHU3_, GSU3_, MCU3_,RX GYL1_, GGL15, AGL10,CT ZWA1_,IS III GSE3_, AVE3_,LS UVF4_, USF4_,GS GRL1_, GWL1_,IS C GSE2_,LX URJ201,ES AVV6_, GSV6_, ASV6_,GX URJ15_,HS ANF10,NX ZGZ1_, AGZ1_, AYZ1_,RX _L2_,RC GSC1_, USC1_; HONDA: JAZZ II GD,CR-V IV RE,CIVIC VII Stufenheck ES,INSIGHT ZE,ACCORD VII CP,PILOT YF3 YF4,JAZZ IV GK,ACCORD IX Stufenheck; HYUNDAI: i10 IA,i10 Stufenheck; DAIHATSU: MATERIA M4_,CHARADE; INFINITI: Q50,Q60 Coupe; SUZUKI: SWIFT IV FZ, NZ,SX4 S-Cross,IGNIS MF,SWIFT V AZ,BALENO FW, EW; SUBARU: FORESTER SH,LEGACY IV Station Wagon BL, BP, B13_,IMPREZA Schr\u00e4gheck GR, GH, G3,FORESTER SJ,XV,LEGACY IV BL, BP,LEGACY V Station Wagon BM, BR,OUTBACK BM, BR,BRZ,TREZIA,IMPREZA Stufenheck GR,LEGACY V BM, BR,IMPREZA Schr\u00e4gheck GP,IMPREZA Stufenheck GJ,OUTBACK BS,LEVORG<\/p>\n","protected":false},"excerpt":{"rendered":"<p>MOTUL Moottori\u00f6ljy 107142<\/p>\n","protected":false},"featured_media":0,"template":"","meta":{"site-sidebar-layout":"default","site-content-layout":"default","ast-global-header-display":"","ast-main-header-display":"","ast-hfb-above-header-display":"","ast-hfb-below-header-display":"","ast-hfb-mobile-header-display":"","site-post-title":"","ast-breadcrumbs-content":"","ast-featured-img":"","footer-sml-layout":"","theme-transparent-header-meta":"","adv-header-id-meta":"","stick-header-meta":"","header-above-stick-meta":"","header-main-stick-meta":"","header-below-stick-meta":""},"pwb-brand":[140],"product_cat":[129],"product_tag":[],"class_list":{"0":"post-7058","1":"product","2":"type-product","3":"status-publish","5":"pwb-brand-motul","6":"product_cat-moottorioljy","7":"desktop-align-left","8":"tablet-align-left","9":"mobile-align-left","11":"first","12":"instock","13":"product-type-external"},"brands":[{"id":140,"name":"MOTUL","slug":"motul"}],"_links":{"self":[{"href":"https:\/\/www.autonvaraosahaku.fi\/index.php?rest_route=\/wp\/v2\/product\/7058","targetHints":{"allow":["GET"]}}],"collection":[{"href":"https:\/\/www.autonvaraosahaku.fi\/index.php?rest_route=\/wp\/v2\/product"}],"about":[{"href":"https:\/\/www.autonvaraosahaku.fi\/index.php?rest_route=\/wp\/v2\/types\/product"}],"wp:attachment":[{"href":"https:\/\/www.autonvaraosahaku.fi\/index.php?rest_route=%2Fwp%2Fv2%2Fmedia&parent=7058"}],"wp:term":[{"taxonomy":"pwb-brand","embeddable":true,"href":"https:\/\/www.autonvaraosahaku.fi\/index.php?rest_route=%2Fwp%2Fv2%2Fpwb-brand&post=7058"},{"taxonomy":"product_cat","embeddable":true,"href":"https:\/\/www.autonvaraosahaku.fi\/index.php?rest_route=%2Fwp%2Fv2%2Fproduct_cat&post=7058"},{"taxonomy":"product_tag","embeddable":true,"href":"https:\/\/www.autonvaraosahaku.fi\/index.php?rest_route=%2Fwp%2Fv2%2Fproduct_tag&post=7058"}],"curies":[{"name":"wp","href":"https:\/\/api.w.org\/{rel}","templated":true}]}}