{"id":70581,"date":"2021-02-21T19:09:42","date_gmt":"2021-02-21T19:09:42","guid":{"rendered":"https:\/\/www.autonvaraosahaku.fi\/?product=abakus-551-1990r-ue-takavalot"},"modified":"2021-02-21T19:09:44","modified_gmt":"2021-02-21T19:09:44","slug":"abakus-551-1990r-ue-takavalot","status":"publish","type":"product","link":"https:\/\/www.autonvaraosahaku.fi\/?product=abakus-551-1990r-ue-takavalot","title":{"rendered":"ABAKUS 551-1990R-UE Takavalot"},"content":{"rendered":"<p>Asennuspuoli: Oikea; Lis\u00e4tarvike\/lis\u00e4tieto: Ilman lampun kantaa, Ilman polttimoa; Rekister\u00f6ity tyyppi: E-hyv\u00e4ksytty; Lamppumalli: P21\/5W, P21W; RENAULT: MEGANE III Grandtour KZ0\/1; 044086, 265500010R; Takavalo<\/p>\n","protected":false},"excerpt":{"rendered":"<p>ABAKUS Takavalot 551-1990R-UE Takavalo RENAULT,MEGANE III Grandtour KZ0\/1<\/p>\n","protected":false},"featured_media":0,"template":"","meta":{"site-sidebar-layout":"default","site-content-layout":"default","ast-global-header-display":"","ast-main-header-display":"","ast-hfb-above-header-display":"","ast-hfb-below-header-display":"","ast-hfb-mobile-header-display":"","site-post-title":"","ast-breadcrumbs-content":"","ast-featured-img":"","footer-sml-layout":"","theme-transparent-header-meta":"","adv-header-id-meta":"","stick-header-meta":"","header-above-stick-meta":"","header-main-stick-meta":"","header-below-stick-meta":""},"pwb-brand":[148],"product_cat":[159],"product_tag":[],"class_list":{"0":"post-70581","1":"product","2":"type-product","3":"status-publish","5":"pwb-brand-abakus","6":"product_cat-takavalot","7":"desktop-align-left","8":"tablet-align-left","9":"mobile-align-left","11":"first","12":"instock","13":"product-type-external"},"brands":[{"id":148,"name":"ABAKUS","slug":"abakus"}],"_links":{"self":[{"href":"https:\/\/www.autonvaraosahaku.fi\/index.php?rest_route=\/wp\/v2\/product\/70581","targetHints":{"allow":["GET"]}}],"collection":[{"href":"https:\/\/www.autonvaraosahaku.fi\/index.php?rest_route=\/wp\/v2\/product"}],"about":[{"href":"https:\/\/www.autonvaraosahaku.fi\/index.php?rest_route=\/wp\/v2\/types\/product"}],"wp:attachment":[{"href":"https:\/\/www.autonvaraosahaku.fi\/index.php?rest_route=%2Fwp%2Fv2%2Fmedia&parent=70581"}],"wp:term":[{"taxonomy":"pwb-brand","embeddable":true,"href":"https:\/\/www.autonvaraosahaku.fi\/index.php?rest_route=%2Fwp%2Fv2%2Fpwb-brand&post=70581"},{"taxonomy":"product_cat","embeddable":true,"href":"https:\/\/www.autonvaraosahaku.fi\/index.php?rest_route=%2Fwp%2Fv2%2Fproduct_cat&post=70581"},{"taxonomy":"product_tag","embeddable":true,"href":"https:\/\/www.autonvaraosahaku.fi\/index.php?rest_route=%2Fwp%2Fv2%2Fproduct_tag&post=70581"}],"curies":[{"name":"wp","href":"https:\/\/api.w.org\/{rel}","templated":true}]}}