{"id":70639,"date":"2021-02-21T19:10:06","date_gmt":"2021-02-21T19:10:06","guid":{"rendered":"https:\/\/www.autonvaraosahaku.fi\/?product=topran-408-399-kasijarruvaijeri"},"modified":"2021-02-21T19:10:08","modified_gmt":"2021-02-21T19:10:08","slug":"topran-408-399-kasijarruvaijeri","status":"publish","type":"product","link":"https:\/\/www.autonvaraosahaku.fi\/?product=topran-408-399-kasijarruvaijeri","title":{"rendered":"TOPRAN 408 399 K\u00e4sijarruvaijeri"},"content":{"rendered":"<p>Asennuspuoli: Taakse, vasen, Taakse, oikea; Tarvittava kappalem\u00e4\u00e4r\u00e4: 2; MERCEDES-BENZ: M-CLASS W164,GL-CLASS X164; 1644200385, 1644202385, A1644200385, A1644202385; Jarruvaijeri,Vaijeri, K\u00e4sijarru<\/p>\n","protected":false},"excerpt":{"rendered":"<p>TOPRAN K\u00e4sijarruvaijeri 408 399 Jarruvaijeri,Vaijeri, K\u00e4sijarru MERCEDES-BENZ,M-CLASS W164,GL-CLASS X164<\/p>\n","protected":false},"featured_media":0,"template":"","meta":{"site-sidebar-layout":"default","site-content-layout":"default","ast-global-header-display":"","ast-main-header-display":"","ast-hfb-above-header-display":"","ast-hfb-below-header-display":"","ast-hfb-mobile-header-display":"","site-post-title":"","ast-breadcrumbs-content":"","ast-featured-img":"","footer-sml-layout":"","theme-transparent-header-meta":"","adv-header-id-meta":"","stick-header-meta":"","header-above-stick-meta":"","header-main-stick-meta":"","header-below-stick-meta":""},"pwb-brand":[18],"product_cat":[210],"product_tag":[],"class_list":{"0":"post-70639","1":"product","2":"type-product","3":"status-publish","5":"pwb-brand-topran","6":"product_cat-kasijarruvaijeri","7":"desktop-align-left","8":"tablet-align-left","9":"mobile-align-left","11":"first","12":"instock","13":"product-type-external"},"brands":[{"id":18,"name":"TOPRAN","slug":"topran"}],"_links":{"self":[{"href":"https:\/\/www.autonvaraosahaku.fi\/index.php?rest_route=\/wp\/v2\/product\/70639","targetHints":{"allow":["GET"]}}],"collection":[{"href":"https:\/\/www.autonvaraosahaku.fi\/index.php?rest_route=\/wp\/v2\/product"}],"about":[{"href":"https:\/\/www.autonvaraosahaku.fi\/index.php?rest_route=\/wp\/v2\/types\/product"}],"wp:attachment":[{"href":"https:\/\/www.autonvaraosahaku.fi\/index.php?rest_route=%2Fwp%2Fv2%2Fmedia&parent=70639"}],"wp:term":[{"taxonomy":"pwb-brand","embeddable":true,"href":"https:\/\/www.autonvaraosahaku.fi\/index.php?rest_route=%2Fwp%2Fv2%2Fpwb-brand&post=70639"},{"taxonomy":"product_cat","embeddable":true,"href":"https:\/\/www.autonvaraosahaku.fi\/index.php?rest_route=%2Fwp%2Fv2%2Fproduct_cat&post=70639"},{"taxonomy":"product_tag","embeddable":true,"href":"https:\/\/www.autonvaraosahaku.fi\/index.php?rest_route=%2Fwp%2Fv2%2Fproduct_tag&post=70639"}],"curies":[{"name":"wp","href":"https:\/\/api.w.org\/{rel}","templated":true}]}}