{"id":70661,"date":"2021-02-21T19:10:14","date_gmt":"2021-02-21T19:10:14","guid":{"rendered":"https:\/\/www.autonvaraosahaku.fi\/?product=luk-623-3097-00-kytkinpaketti"},"modified":"2021-02-21T19:10:17","modified_gmt":"2021-02-21T19:10:17","slug":"luk-623-3097-00-kytkinpaketti","status":"publish","type":"product","link":"https:\/\/www.autonvaraosahaku.fi\/?product=luk-623-3097-00-kytkinpaketti","title":{"rendered":"LuK 623 3097 00 Kytkinpaketti"},"content":{"rendered":"<p>L\u00e4pimitta [mm]: 230; Korvaava tuote\/korvaava tiedote 2: irroitinlaakerilla, Kytkinlevyll\u00e4, irroitinlaakerilla, Tarkasta 2-massavauhtipy\u00f6r\u00e4 ja uusi tarvitaessa.; Moottorimalli: Moottoreihin, joissa kaksoismassa vauhtipy\u00f6r\u00e4; Tuotelinja: BR 0222; Moottorinumero: AHL; VW: PASSAT Variant 3B6,PASSAT Variant 3B5,PASSAT 3B2,PASSAT 3B3; AUDI: A4 8D2, B5,A4 Avant 8ED, B7,A4 Avant 8E5, B6,A6 Avant 4B5, C5,A4 Avant 8D5, B5,A4 8E2, B6,A6 4B2, C5,A4 Cabriolet 8H7, B6, 8HE, B7,A4 8EC, B7,CABRIOLET 8G7, B4,A6 Avant 4A, C4,A6 4A, C4; SKODA: SUPERB 3U4; 012141165A, 012141165B, 012141165D, 012141165E, 013141165, 01E141165A, 01E141165B, 01E141165D, 050141033N, 058141031C, 058141117A, 058141117AX, 06B141031E, 06B141031F, 06B141031G, 06B141031K, 06B141031P, 06B141117C, 06B141117CX, 06B198141CX, 0A3141165, 0B1141165, 0B1141165G, 0B4198165A, 01E141165A, 01E141165D, 06B141031P, 0B1141165, 012141165B, 012141165C, 012141165E, 013141165, 013141165C, 01E141165A, 01E141165B, 01E141165D, 050141033N, 058141031C, 058141117A, 06B141031E, 06B141031F, 06B141031G, 06B141031K, 06B141031L, 06B141031P, 06B141117C, 0B1141165; Kytkinsarja<\/p>\n","protected":false},"excerpt":{"rendered":"<p>LuK Kytkinpaketti 623 3097 00 Kytkinsarja VW,AUDI,SKODA,PASSAT Variant 3B6,PASSAT Variant 3B5,PASSAT 3B2,PASSAT 3B3,A4 8D2, B5,A4 Avant 8ED, B7<\/p>\n","protected":false},"featured_media":0,"template":"","meta":{"site-sidebar-layout":"default","site-content-layout":"default","ast-global-header-display":"","ast-main-header-display":"","ast-hfb-above-header-display":"","ast-hfb-below-header-display":"","ast-hfb-mobile-header-display":"","site-post-title":"","ast-breadcrumbs-content":"","ast-featured-img":"","footer-sml-layout":"","theme-transparent-header-meta":"","adv-header-id-meta":"","stick-header-meta":"","header-above-stick-meta":"","header-main-stick-meta":"","header-below-stick-meta":""},"pwb-brand":[20],"product_cat":[21],"product_tag":[],"class_list":{"0":"post-70661","1":"product","2":"type-product","3":"status-publish","5":"pwb-brand-luk","6":"product_cat-kytkinpaketti","7":"desktop-align-left","8":"tablet-align-left","9":"mobile-align-left","11":"first","12":"instock","13":"product-type-external"},"brands":[{"id":20,"name":"LuK","slug":"luk"}],"_links":{"self":[{"href":"https:\/\/www.autonvaraosahaku.fi\/index.php?rest_route=\/wp\/v2\/product\/70661","targetHints":{"allow":["GET"]}}],"collection":[{"href":"https:\/\/www.autonvaraosahaku.fi\/index.php?rest_route=\/wp\/v2\/product"}],"about":[{"href":"https:\/\/www.autonvaraosahaku.fi\/index.php?rest_route=\/wp\/v2\/types\/product"}],"wp:attachment":[{"href":"https:\/\/www.autonvaraosahaku.fi\/index.php?rest_route=%2Fwp%2Fv2%2Fmedia&parent=70661"}],"wp:term":[{"taxonomy":"pwb-brand","embeddable":true,"href":"https:\/\/www.autonvaraosahaku.fi\/index.php?rest_route=%2Fwp%2Fv2%2Fpwb-brand&post=70661"},{"taxonomy":"product_cat","embeddable":true,"href":"https:\/\/www.autonvaraosahaku.fi\/index.php?rest_route=%2Fwp%2Fv2%2Fproduct_cat&post=70661"},{"taxonomy":"product_tag","embeddable":true,"href":"https:\/\/www.autonvaraosahaku.fi\/index.php?rest_route=%2Fwp%2Fv2%2Fproduct_tag&post=70661"}],"curies":[{"name":"wp","href":"https:\/\/api.w.org\/{rel}","templated":true}]}}