{"id":70678,"date":"2021-02-21T19:10:23","date_gmt":"2021-02-21T19:10:23","guid":{"rendered":"https:\/\/www.autonvaraosahaku.fi\/?product=mahle-original-kx-63-1-polttoainesuodatin"},"modified":"2021-02-21T19:10:24","modified_gmt":"2021-02-21T19:10:24","slug":"mahle-original-kx-63-1-polttoainesuodatin","status":"publish","type":"product","link":"https:\/\/www.autonvaraosahaku.fi\/?product=mahle-original-kx-63-1-polttoainesuodatin","title":{"rendered":"MAHLE ORIGINAL KX 63\/1 Polttoainesuodatin"},"content":{"rendered":"<p>Suodatintyyppi: Suodatinpanos; L\u00e4pimitta [mm]: 69,5; Kopan l\u00e4pimitta (mm): 69,5; Korkeus 1 (mm): 60,5; Korkeus (mm): 62,0; L\u00e4pimitta 2 [mm]: 10,0; L\u00e4pimitta 3 [mm]: 80,0; Valmistusvuosi alkaen: 06\/1992; LANCIA: ZETA 220; HYUNDAI: LANTRA II Wagon J-2,LANTRA II J-2; FIAT: ULYSSE 220,SCUDO Kasten 220L,SCUDO Combinato 220P,SCUDO Pritsche\/Fahrgestell 220_; CITRO\u00cbN: BERLINGO MF,BERLINGO Kasten M_,XSARA N1,XSARA Break N2,XSARA Coupe N0,XANTIA X1,EVASION 22, U6,ZX N2,BX XB-_,JUMPY U6U,JUMPY Kasten BS_, BT_, BY_, BZ_,XANTIA Break X1,ZX Break N2,BX Break XB-_,C15 VD-_,JUMPY Pritsche\/Fahrgestell BU_, BV_, BW_, BX_,C15 Kombi,XSARA Kasten,XSARA Kasten\/Schr\u00e4gheck; PEUGEOT: 306 Schr\u00e4gheck 7A, 7C, N3, N5,406 Break 8E\/F,PARTNER Combispace 5F,205 II 20A\/C,PARTNER Kasten 5,306 Break 7E, N3, N5,406 8B,806 221,306 7B, N3, N5,EXPERT Kasten 222,309 II 3C, 3A,405 I 15B,605 6B,EXPERT 224,405 II 4B,306 Van N_, 7_,405 II Break 4E,405 I Break 15E,EXPERT Pritsche\/Fahrgestell 223,205 Kasten,306 Kasten\/Schr\u00e4gheck; 1606451188, 190629, 190633, 190638, 190643, 190664, 1906C1, 96098964, E148107, 1606451188, 9401906648, 9609896480, 3190629000, 3190629001, 1606451188, 9401906648, 9609896480, 00000001906C1, 1606451188, 190137, 190629, 190633, 190638, 190664, 1906C1, E148107<\/p>\n","protected":false},"excerpt":{"rendered":"<p>MAHLE ORIGINAL Polttoainesuodatin KX 63\/1  LANCIA,HYUNDAI,FIAT,ZETA 220,LANTRA II Wagon J-2,LANTRA II J-2,ULYSSE 220,SCUDO Kasten 220L<\/p>\n","protected":false},"featured_media":0,"template":"","meta":{"site-sidebar-layout":"default","site-content-layout":"default","ast-global-header-display":"","ast-main-header-display":"","ast-hfb-above-header-display":"","ast-hfb-below-header-display":"","ast-hfb-mobile-header-display":"","site-post-title":"","ast-breadcrumbs-content":"","ast-featured-img":"","footer-sml-layout":"","theme-transparent-header-meta":"","adv-header-id-meta":"","stick-header-meta":"","header-above-stick-meta":"","header-main-stick-meta":"","header-below-stick-meta":""},"pwb-brand":[153],"product_cat":[29],"product_tag":[],"class_list":{"0":"post-70678","1":"product","2":"type-product","3":"status-publish","5":"pwb-brand-mahle-original","6":"product_cat-polttoainesuodatin","7":"desktop-align-left","8":"tablet-align-left","9":"mobile-align-left","11":"first","12":"instock","13":"product-type-external"},"brands":[{"id":153,"name":"MAHLE ORIGINAL","slug":"mahle-original"}],"_links":{"self":[{"href":"https:\/\/www.autonvaraosahaku.fi\/index.php?rest_route=\/wp\/v2\/product\/70678","targetHints":{"allow":["GET"]}}],"collection":[{"href":"https:\/\/www.autonvaraosahaku.fi\/index.php?rest_route=\/wp\/v2\/product"}],"about":[{"href":"https:\/\/www.autonvaraosahaku.fi\/index.php?rest_route=\/wp\/v2\/types\/product"}],"wp:attachment":[{"href":"https:\/\/www.autonvaraosahaku.fi\/index.php?rest_route=%2Fwp%2Fv2%2Fmedia&parent=70678"}],"wp:term":[{"taxonomy":"pwb-brand","embeddable":true,"href":"https:\/\/www.autonvaraosahaku.fi\/index.php?rest_route=%2Fwp%2Fv2%2Fpwb-brand&post=70678"},{"taxonomy":"product_cat","embeddable":true,"href":"https:\/\/www.autonvaraosahaku.fi\/index.php?rest_route=%2Fwp%2Fv2%2Fproduct_cat&post=70678"},{"taxonomy":"product_tag","embeddable":true,"href":"https:\/\/www.autonvaraosahaku.fi\/index.php?rest_route=%2Fwp%2Fv2%2Fproduct_tag&post=70678"}],"curies":[{"name":"wp","href":"https:\/\/api.w.org\/{rel}","templated":true}]}}