{"id":70682,"date":"2021-02-21T19:10:23","date_gmt":"2021-02-21T19:10:23","guid":{"rendered":"https:\/\/www.autonvaraosahaku.fi\/?product=hella-4rv-008-188-321-ohjainlaite-lammitys-tuuletus"},"modified":"2021-02-21T19:10:25","modified_gmt":"2021-02-21T19:10:25","slug":"hella-4rv-008-188-321-ohjainlaite-lammitys-tuuletus","status":"publish","type":"product","link":"https:\/\/www.autonvaraosahaku.fi\/?product=hella-4rv-008-188-321-ohjainlaite-lammitys-tuuletus","title":{"rendered":"HELLA 4RV 008 188-321 Ohjainlaite l\u00e4mmitys tuuletus"},"content":{"rendered":"<p>Valmistaja rajaus: Bosch, Nagares; Lis\u00e4tarvike\/lis\u00e4tieto: ulkoisella l\u00e4mp\u00f6tilanvalvonnalla; Nimellisj\u00e4nnite (V): 12; Hehkutulppatyyppi: j\u00e4lkihehkutuksenkest\u00e4v\u00e4; Napojen m\u00e4\u00e4r\u00e4: 9; Esihehkutusaika [sek.]: 8; Valmistusvuosi alkaen: 07\/1994; CITRO\u00cbN: BERLINGO MF,SAXO S0, S1,BERLINGO Kasten M_,XSARA N1,XSARA Break N2,XANTIA X1,AX ZA-_,JUMPER Kasten 230L,XANTIA Break X1,JUMPER Bus 230P,JUMPER Pritsche\/Fahrgestell 230; PEUGEOT: 106 II 1,306 Schr\u00e4gheck 7A, 7C, N3, N5,PARTNER Combispace 5F,106 I 1A, 1C,PARTNER Kasten 5,306 Break 7E, N3, N5,BOXER Kasten 230L,306 7B, N3, N5,BOXER Bus 230P,BOXER Pritsche\/Fahrgestell ZCT_,405 II 4B,405 II Break 4E; 598121, 598126, 598127, 9616280080, 96165823, 9616582380, 46421954, 46423043, 60813023, 9615938380, 46421954, 46423043, 60813023, 9615938380, 598121, 598126, 598127, 9616280080, NCJ100110<\/p>\n","protected":false},"excerpt":{"rendered":"<p>HELLA Ohjainlaite, Hehkutusj\u00e4rjest. 4RV 008 188-321  CITRO\u00cbN,PEUGEOT,BERLINGO MF,SAXO S0, S1,BERLINGO Kasten M_,XSARA N1,XSARA Break N2,XANTIA X1<\/p>\n","protected":false},"featured_media":0,"template":"","meta":{"site-sidebar-layout":"default","site-content-layout":"default","ast-global-header-display":"","ast-main-header-display":"","ast-hfb-above-header-display":"","ast-hfb-below-header-display":"","ast-hfb-mobile-header-display":"","site-post-title":"","ast-breadcrumbs-content":"","ast-featured-img":"","footer-sml-layout":"","theme-transparent-header-meta":"","adv-header-id-meta":"","stick-header-meta":"","header-above-stick-meta":"","header-main-stick-meta":"","header-below-stick-meta":""},"pwb-brand":[24],"product_cat":[262],"product_tag":[],"class_list":{"0":"post-70682","1":"product","2":"type-product","3":"status-publish","5":"pwb-brand-hella","6":"product_cat-ohjainlaite-lammitys-tuuletus","7":"desktop-align-left","8":"tablet-align-left","9":"mobile-align-left","11":"first","12":"instock","13":"product-type-external"},"brands":[{"id":24,"name":"HELLA","slug":"hella"}],"_links":{"self":[{"href":"https:\/\/www.autonvaraosahaku.fi\/index.php?rest_route=\/wp\/v2\/product\/70682","targetHints":{"allow":["GET"]}}],"collection":[{"href":"https:\/\/www.autonvaraosahaku.fi\/index.php?rest_route=\/wp\/v2\/product"}],"about":[{"href":"https:\/\/www.autonvaraosahaku.fi\/index.php?rest_route=\/wp\/v2\/types\/product"}],"wp:attachment":[{"href":"https:\/\/www.autonvaraosahaku.fi\/index.php?rest_route=%2Fwp%2Fv2%2Fmedia&parent=70682"}],"wp:term":[{"taxonomy":"pwb-brand","embeddable":true,"href":"https:\/\/www.autonvaraosahaku.fi\/index.php?rest_route=%2Fwp%2Fv2%2Fpwb-brand&post=70682"},{"taxonomy":"product_cat","embeddable":true,"href":"https:\/\/www.autonvaraosahaku.fi\/index.php?rest_route=%2Fwp%2Fv2%2Fproduct_cat&post=70682"},{"taxonomy":"product_tag","embeddable":true,"href":"https:\/\/www.autonvaraosahaku.fi\/index.php?rest_route=%2Fwp%2Fv2%2Fproduct_tag&post=70682"}],"curies":[{"name":"wp","href":"https:\/\/api.w.org\/{rel}","templated":true}]}}