{"id":70684,"date":"2021-02-21T19:10:23","date_gmt":"2021-02-21T19:10:23","guid":{"rendered":"https:\/\/www.autonvaraosahaku.fi\/?product=ate-13-0460-2727-2-jarrupalat"},"modified":"2021-02-21T19:10:26","modified_gmt":"2021-02-21T19:10:26","slug":"ate-13-0460-2727-2-jarrupalat","status":"publish","type":"product","link":"https:\/\/www.autonvaraosahaku.fi\/?product=ate-13-0460-2727-2-jarrupalat","title":{"rendered":"ATE 13.0460-2727.2 Jarrupalat"},"content":{"rendered":"<p>Leveys (mm): 131,1; Korkeus 1 (mm): 69,8; Korkeus 2 (mm): 62,1; Paksuus [mm]: 19,8; Kulumisenilmaisimen liitos: Kulumisenilmaisemelle, Ilman kulumisenilmaisinta; Lis\u00e4tarvike\/lis\u00e4tieto: Tarvikkeilla; Korvaava tuote\/korvaava tiedote 2: Jarrusatulan ruuveilla; Ruuvien m\u00e4\u00e4r\u00e4: 4; Jarruj\u00e4rjestelm\u00e4: Lucas \/ TRW; Tarkistuskilpi: E1 90R-02A0334\/0279; MAPP-koodi saatavilla: ; Suositellun tarvikkeen tuotenumero: 24.8190-0410.2; Huomioi mitat: , ; M\u00e4\u00e4r\u00e4yksikk\u00f6: Akselisarja; Varusteet: f\u00fcr Fahrzeuge ohne Sportpaket; MERCEDES-BENZ: C-CLASS W203,C-CLASS T-Model S203,C-CLASS Coupe CL203,SLK R171,CLK C209,CLK Cabriolet A209,CLC-CLASS CL203; 0034202620, 0034206020, 0064206220, A0034202620, A0034206020, A0064206220; Jarrupalasarja,Jarrupala, Levyjarru<\/p>\n","protected":false},"excerpt":{"rendered":"<p>ATE Jarrupalat 13.0460-2727.2 Jarrupalasarja,Jarrupala, Levyjarru MERCEDES-BENZ,C-CLASS W203,C-CLASS T-Model S203,C-CLASS Coupe CL203,SLK R171<\/p>\n","protected":false},"featured_media":0,"template":"","meta":{"site-sidebar-layout":"default","site-content-layout":"default","ast-global-header-display":"","ast-main-header-display":"","ast-hfb-above-header-display":"","ast-hfb-below-header-display":"","ast-hfb-mobile-header-display":"","site-post-title":"","ast-breadcrumbs-content":"","ast-featured-img":"","footer-sml-layout":"","theme-transparent-header-meta":"","adv-header-id-meta":"","stick-header-meta":"","header-above-stick-meta":"","header-main-stick-meta":"","header-below-stick-meta":""},"pwb-brand":[108],"product_cat":[100],"product_tag":[],"class_list":{"0":"post-70684","1":"product","2":"type-product","3":"status-publish","5":"pwb-brand-ate","6":"product_cat-jarrupalat","7":"desktop-align-left","8":"tablet-align-left","9":"mobile-align-left","11":"first","12":"instock","13":"product-type-external"},"brands":[{"id":108,"name":"ATE","slug":"ate"}],"_links":{"self":[{"href":"https:\/\/www.autonvaraosahaku.fi\/index.php?rest_route=\/wp\/v2\/product\/70684","targetHints":{"allow":["GET"]}}],"collection":[{"href":"https:\/\/www.autonvaraosahaku.fi\/index.php?rest_route=\/wp\/v2\/product"}],"about":[{"href":"https:\/\/www.autonvaraosahaku.fi\/index.php?rest_route=\/wp\/v2\/types\/product"}],"wp:attachment":[{"href":"https:\/\/www.autonvaraosahaku.fi\/index.php?rest_route=%2Fwp%2Fv2%2Fmedia&parent=70684"}],"wp:term":[{"taxonomy":"pwb-brand","embeddable":true,"href":"https:\/\/www.autonvaraosahaku.fi\/index.php?rest_route=%2Fwp%2Fv2%2Fpwb-brand&post=70684"},{"taxonomy":"product_cat","embeddable":true,"href":"https:\/\/www.autonvaraosahaku.fi\/index.php?rest_route=%2Fwp%2Fv2%2Fproduct_cat&post=70684"},{"taxonomy":"product_tag","embeddable":true,"href":"https:\/\/www.autonvaraosahaku.fi\/index.php?rest_route=%2Fwp%2Fv2%2Fproduct_tag&post=70684"}],"curies":[{"name":"wp","href":"https:\/\/api.w.org\/{rel}","templated":true}]}}