{"id":70688,"date":"2021-02-21T19:10:23","date_gmt":"2021-02-21T19:10:23","guid":{"rendered":"https:\/\/www.autonvaraosahaku.fi\/?product=ate-03-2123-1003-3-jarrupaasylinteri"},"modified":"2021-02-21T19:10:26","modified_gmt":"2021-02-21T19:10:26","slug":"ate-03-2123-1003-3-jarrupaasylinteri","status":"publish","type":"product","link":"https:\/\/www.autonvaraosahaku.fi\/?product=ate-03-2123-1003-3-jarrupaasylinteri","title":{"rendered":"ATE 03.2123-1003.3 Jarrup\u00e4\u00e4sylinteri"},"content":{"rendered":"<p>L\u00e4pimitta [mm]: 23,8; Liittimi\u00e4: 3; Kierremitta: M10x1; Pituus 1 (mm): 18,8; Pituus 2 (mm): 153; MAPP-koodi saatavilla: ; Valmistusvuoteen: 10\/1976; MERCEDES-BENZ: SL R107,S-CLASS W108, W109,S-CLASS W116,COUPE W111,SL Coupe C107,CABRIOLET W111; 0024302801, 0034302201, A0024302801, A0034302201, 7101366010<\/p>\n","protected":false},"excerpt":{"rendered":"<p>ATE Jarrup\u00e4\u00e4sylinteri 03.2123-1003.3  MERCEDES-BENZ,SL R107,S-CLASS W108, W109,S-CLASS W116,COUPE W111,SL Coupe C107,CABRIOLET W111<\/p>\n","protected":false},"featured_media":0,"template":"","meta":{"site-sidebar-layout":"default","site-content-layout":"default","ast-global-header-display":"","ast-main-header-display":"","ast-hfb-above-header-display":"","ast-hfb-below-header-display":"","ast-hfb-mobile-header-display":"","site-post-title":"","ast-breadcrumbs-content":"","ast-featured-img":"","footer-sml-layout":"","theme-transparent-header-meta":"","adv-header-id-meta":"","stick-header-meta":"","header-above-stick-meta":"","header-main-stick-meta":"","header-below-stick-meta":""},"pwb-brand":[108],"product_cat":[276],"product_tag":[],"class_list":{"0":"post-70688","1":"product","2":"type-product","3":"status-publish","5":"pwb-brand-ate","6":"product_cat-jarrupaasylinteri","7":"desktop-align-left","8":"tablet-align-left","9":"mobile-align-left","11":"first","12":"instock","13":"product-type-external"},"brands":[{"id":108,"name":"ATE","slug":"ate"}],"_links":{"self":[{"href":"https:\/\/www.autonvaraosahaku.fi\/index.php?rest_route=\/wp\/v2\/product\/70688","targetHints":{"allow":["GET"]}}],"collection":[{"href":"https:\/\/www.autonvaraosahaku.fi\/index.php?rest_route=\/wp\/v2\/product"}],"about":[{"href":"https:\/\/www.autonvaraosahaku.fi\/index.php?rest_route=\/wp\/v2\/types\/product"}],"wp:attachment":[{"href":"https:\/\/www.autonvaraosahaku.fi\/index.php?rest_route=%2Fwp%2Fv2%2Fmedia&parent=70688"}],"wp:term":[{"taxonomy":"pwb-brand","embeddable":true,"href":"https:\/\/www.autonvaraosahaku.fi\/index.php?rest_route=%2Fwp%2Fv2%2Fpwb-brand&post=70688"},{"taxonomy":"product_cat","embeddable":true,"href":"https:\/\/www.autonvaraosahaku.fi\/index.php?rest_route=%2Fwp%2Fv2%2Fproduct_cat&post=70688"},{"taxonomy":"product_tag","embeddable":true,"href":"https:\/\/www.autonvaraosahaku.fi\/index.php?rest_route=%2Fwp%2Fv2%2Fproduct_tag&post=70688"}],"curies":[{"name":"wp","href":"https:\/\/api.w.org\/{rel}","templated":true}]}}