{"id":70697,"date":"2021-02-21T19:10:28","date_gmt":"2021-02-21T19:10:28","guid":{"rendered":"https:\/\/www.autonvaraosahaku.fi\/?product=vaico-v42-0043-ilmansuodatin"},"modified":"2021-02-21T19:10:29","modified_gmt":"2021-02-21T19:10:29","slug":"vaico-v42-0043-ilmansuodatin","status":"publish","type":"product","link":"https:\/\/www.autonvaraosahaku.fi\/?product=vaico-v42-0043-ilmansuodatin","title":{"rendered":"VAICO V42-0043 Ilmansuodatin"},"content":{"rendered":"<p>Leveys (mm): 168; Korkeus (mm): 50; Suodatintyyppi: Suodatinpanos; Paksuus [mm]: 50; Pituus (mm): 246; Paino [kg]: 0,2525; Pakkausleveys [cm]: 5,4; Pakkauskorkeus [mm]: 25; Pakkaussyvyys [cm]: 18; lis\u00e4tieto: CST99; TECDOC henkil\u00f6auton tyyppinumero: 16182; CITRO\u00cbN: C4 I LC_,C4 Coupe LA_; PEUGEOT: 206 Schr\u00e4gheck 2A\/C,307 SW 3H,307 CC 3B,307 3A\/C,307 Break 3E; 1444FH, E147177, 1444VW, 1444W2, 1444W3, E147177, E147241<\/p>\n","protected":false},"excerpt":{"rendered":"<p>VAICO Ilmansuodatin V42-0043  CITRO\u00cbN,PEUGEOT,C4 I LC_,C4 Coupe LA_,206 Schr\u00e4gheck 2A\/C,307 SW 3H,307 CC 3B,307 3A\/C,307 Break 3E<\/p>\n","protected":false},"featured_media":0,"template":"","meta":{"site-sidebar-layout":"default","site-content-layout":"default","ast-global-header-display":"","ast-main-header-display":"","ast-hfb-above-header-display":"","ast-hfb-below-header-display":"","ast-hfb-mobile-header-display":"","site-post-title":"","ast-breadcrumbs-content":"","ast-featured-img":"","footer-sml-layout":"","theme-transparent-header-meta":"","adv-header-id-meta":"","stick-header-meta":"","header-above-stick-meta":"","header-main-stick-meta":"","header-below-stick-meta":""},"pwb-brand":[330],"product_cat":[31],"product_tag":[],"class_list":{"0":"post-70697","1":"product","2":"type-product","3":"status-publish","5":"pwb-brand-vaico","6":"product_cat-ilmansuodatin","7":"desktop-align-left","8":"tablet-align-left","9":"mobile-align-left","11":"first","12":"instock","13":"product-type-external"},"brands":[{"id":330,"name":"VAICO","slug":"vaico"}],"_links":{"self":[{"href":"https:\/\/www.autonvaraosahaku.fi\/index.php?rest_route=\/wp\/v2\/product\/70697","targetHints":{"allow":["GET"]}}],"collection":[{"href":"https:\/\/www.autonvaraosahaku.fi\/index.php?rest_route=\/wp\/v2\/product"}],"about":[{"href":"https:\/\/www.autonvaraosahaku.fi\/index.php?rest_route=\/wp\/v2\/types\/product"}],"wp:attachment":[{"href":"https:\/\/www.autonvaraosahaku.fi\/index.php?rest_route=%2Fwp%2Fv2%2Fmedia&parent=70697"}],"wp:term":[{"taxonomy":"pwb-brand","embeddable":true,"href":"https:\/\/www.autonvaraosahaku.fi\/index.php?rest_route=%2Fwp%2Fv2%2Fpwb-brand&post=70697"},{"taxonomy":"product_cat","embeddable":true,"href":"https:\/\/www.autonvaraosahaku.fi\/index.php?rest_route=%2Fwp%2Fv2%2Fproduct_cat&post=70697"},{"taxonomy":"product_tag","embeddable":true,"href":"https:\/\/www.autonvaraosahaku.fi\/index.php?rest_route=%2Fwp%2Fv2%2Fproduct_tag&post=70697"}],"curies":[{"name":"wp","href":"https:\/\/api.w.org\/{rel}","templated":true}]}}