{"id":70701,"date":"2021-02-21T19:10:28","date_gmt":"2021-02-21T19:10:28","guid":{"rendered":"https:\/\/www.autonvaraosahaku.fi\/?product=hella-8gj-002-525-251-lamput-hehkulamppu"},"modified":"2021-02-21T19:10:30","modified_gmt":"2021-02-21T19:10:30","slug":"hella-8gj-002-525-251-lamput-hehkulamppu","status":"publish","type":"product","link":"https:\/\/www.autonvaraosahaku.fi\/?product=hella-8gj-002-525-251-lamput-hehkulamppu","title":{"rendered":"HELLA 8GJ 002 525-251 Lamput (hehkulamppu)"},"content":{"rendered":"<p>Lamppumalli: H4; J\u00e4nnite (V): 24; Nimellisteho (W): 75\/70; M\u00e4\u00e4r\u00e4: 1; Tarkistuskilpi: E1; Kantamalli: P 43 t-38; Pakkaustyyppi: Laatikko; Lyhdyn muoto: Einfachscheinwerfer; VW: L 80; MERCEDES-BENZ: T1 Pritsche\/Fahrgestell 602,T2\/L Kasten\/Kombi,T2\/LN1 Kasten\/Kombi,T2\/L Pritsche\/Fahrgestell,T1\/TN Pritsche\/Fahrgestell,T2\/LN1 Pritsche\/Fahrgestell,T1\/TN Kasten\/Kombi,T2\/L Kommunalfahrzeug,T2\/LN1 Kipper,T2\/L Kipper,T2\/LN1 Bus,T2\/LN1 Triebkopf,ACTROS,ATEGO,AXOR,CITARO (O 530),CONECTO (O 345),MK,O 100,O 340,O 407,O 408,SK,TOURINO (O 510); NISSAN: NAVARA D40,NAVARA Pritsche\/Fahrgestell D40; VOLVO: B12,B7,F10,F12,F16,FE,FH12,FH16,FL II,FL10,FL12,FL6,FL7,FM,FM10,FM12,FM7,FM9,FS7,NH12; IVECO: EUROCARGO I-III,EUROSTAR,EUROTECH MH,EUROTECH MP,EUROTECH MT,EUROTRAKKER,TURBOTECH; SCANIA: 3 &#8211; series,3 &#8211; series bus,4 &#8211; series,P,G,R,T &#8211; series; RENAULT TRUCKS: AGORA,MAGNUM,MAXTER,MIDLINER; MAN: CLA,EL,F2000,F9,F90,F90 Unterflur,G90,L2000,LION\u00b4S CITY,LION\u00b4S COACH,LION\u00b4S COMFORT,LION\u00b4S STAR,M 2000 L,M 2000 M,M90,NL,N\u00dc,TGA,TGL,TGM,TGS,TGX; DAF: 45,55,65 CF,75,85 CF,95 XF; 1354889, 151001200, ZF259010094, 0050187, 20003402650, 3132293, 3402650, 964763; Polttimo, Ajovalo<\/p>\n","protected":false},"excerpt":{"rendered":"<p>HELLA Ajovalopolttimo HEAVY DUTY 8GJ 002 525-251 Polttimo, Ajovalo VW,MERCEDES-BENZ,NISSAN,L 80,T1 Pritsche\/Fahrgestell 602,T2\/L Kasten\/Kombi<\/p>\n","protected":false},"featured_media":0,"template":"","meta":{"site-sidebar-layout":"default","site-content-layout":"default","ast-global-header-display":"","ast-main-header-display":"","ast-hfb-above-header-display":"","ast-hfb-below-header-display":"","ast-hfb-mobile-header-display":"","site-post-title":"","ast-breadcrumbs-content":"","ast-featured-img":"","footer-sml-layout":"","theme-transparent-header-meta":"","adv-header-id-meta":"","stick-header-meta":"","header-above-stick-meta":"","header-main-stick-meta":"","header-below-stick-meta":""},"pwb-brand":[24],"product_cat":[151],"product_tag":[],"class_list":{"0":"post-70701","1":"product","2":"type-product","3":"status-publish","5":"pwb-brand-hella","6":"product_cat-lamput-hehkulamppu","7":"desktop-align-left","8":"tablet-align-left","9":"mobile-align-left","11":"first","12":"instock","13":"product-type-external"},"brands":[{"id":24,"name":"HELLA","slug":"hella"}],"_links":{"self":[{"href":"https:\/\/www.autonvaraosahaku.fi\/index.php?rest_route=\/wp\/v2\/product\/70701","targetHints":{"allow":["GET"]}}],"collection":[{"href":"https:\/\/www.autonvaraosahaku.fi\/index.php?rest_route=\/wp\/v2\/product"}],"about":[{"href":"https:\/\/www.autonvaraosahaku.fi\/index.php?rest_route=\/wp\/v2\/types\/product"}],"wp:attachment":[{"href":"https:\/\/www.autonvaraosahaku.fi\/index.php?rest_route=%2Fwp%2Fv2%2Fmedia&parent=70701"}],"wp:term":[{"taxonomy":"pwb-brand","embeddable":true,"href":"https:\/\/www.autonvaraosahaku.fi\/index.php?rest_route=%2Fwp%2Fv2%2Fpwb-brand&post=70701"},{"taxonomy":"product_cat","embeddable":true,"href":"https:\/\/www.autonvaraosahaku.fi\/index.php?rest_route=%2Fwp%2Fv2%2Fproduct_cat&post=70701"},{"taxonomy":"product_tag","embeddable":true,"href":"https:\/\/www.autonvaraosahaku.fi\/index.php?rest_route=%2Fwp%2Fv2%2Fproduct_tag&post=70701"}],"curies":[{"name":"wp","href":"https:\/\/api.w.org\/{rel}","templated":true}]}}