{"id":70703,"date":"2021-02-21T19:10:28","date_gmt":"2021-02-21T19:10:28","guid":{"rendered":"https:\/\/www.autonvaraosahaku.fi\/?product=vaico-v51-0006-oljynsuodatin"},"modified":"2021-02-21T19:10:31","modified_gmt":"2021-02-21T19:10:31","slug":"vaico-v51-0006-oljynsuodatin","status":"publish","type":"product","link":"https:\/\/www.autonvaraosahaku.fi\/?product=vaico-v51-0006-oljynsuodatin","title":{"rendered":"VAICO V51-0006 \u00d6ljynsuodatin"},"content":{"rendered":"<p>Kierremitta: 3\/4-16 UNF; Ulkol\u00e4pimitta [mm]: 66; Korvaava tuote\/korvaava tiedote 2: yhdell\u00e4 peruutuksenestoventtiilill\u00e4; L\u00e4pimitta [mm]: 67; Suodatintyyppi: Ruuvattava suodatin; Sis\u00e4l\u00e4pimitta 1 [mm]: 54; Sis\u00e4l\u00e4pimitta 2 [mm]: 62; Avauspaine ohitusventtiili [bar]: 1; Korkeus (mm): 65; Paino [kg]: 0,36; Pakkausleveys [cm]: 7,5; Pakkauskorkeus [mm]: 7,5; Pakkaussyvyys [cm]: 7; lis\u00e4tieto: CST99; Moottorinumero: LY4; CHEVROLET: MATIZ M200, M250,AVEO Schr\u00e4gheck T250, T255,AVEO Stufenheck T250, T255,SPARK M200 M250; DAEWOO: KALOS KLAS,MATIZ KLYA,TICO KLY3; NISSAN: PIXO UA0; DAIHATSU: CUORE VII L251,CUORE VIII,TERIOS J2_,TREVIS,SIRION M1,YRV M2,TERIOS J1,HIJET Kasten S85,CUORE IV L501,COPEN L880_, L881_,FEROZA Soft Top F300,MOVE L6, L9,SPORTRAK F300,GRAN MOVE G3,MOVE L6_,CHARADE IV G200, G202,CHARADE III G100, G101, G102,CUORE III L201,CUORE II L80, L81,APPLAUSE II A101,APPLAUSE I A101, A111,CHARADE II G11, G30,CUORE I L55, L60,HIJET Bus S85,CHARADE IV Stufenheck G203,HIJET Pick-up,CHARADE I G10,HIJET Bus,HIJET Kasten,CHARADE III Stufenheck G102,SPARCAR Bus S7_,SPARCAR Kasten S7_; SUZUKI: SWIFT IV FZ, NZ,SPLASH,SWIFT II Schr\u00e4gheck EA, MA,ALTO HA25, HA35,ALTO HA24,WAGON R+ EM,LJ 80,BALENO Kombi EG,BALENO EG,BALENO Schr\u00e4gheck EG,SJ 410 Cabrio,SJ 410,ALTO HA11,X-90 EL,SWIFT I AA,SWIFT Cabriolet SF413,SWIFT II Stufenheck AH, AJ,CARRY Kasten FD,SUPER CARRY Bus ED,CAPPUCINO EA,ALTO,ALTO SS80,CARRY Kasten ST90V; OPEL: AGILA B H08; SUBARU: JUSTY II JMA, MS; PIAGGIO: PORTER Kipper,PORTER Pritsche\/Fahrgestell,PORTER Kasten,PORTER Bus; VAUXHALL: AGILA Mk II B; INNOCENTI: MINI; 96325703, 25183779, 96325703, 96565412, 96570765, 1560181402, 1560182703, 1560182706, 1560187103, 1560187203, 1560187703, 1560187703000, 1560187704, 1560187706, 1561082703, 1651082704, 1651060B11, 1651073001, 1651073002, 1651073010, 1651081400, 1651081420, 1651081802, 1651082701, 1651082702, 1651082703, 1651085FA1, 1651087701, 96565412<\/p>\n","protected":false},"excerpt":{"rendered":"<p>VAICO \u00d6ljynsuodatin V51-0006  CHEVROLET,DAEWOO,NISSAN,MATIZ M200, M250,AVEO Schr\u00e4gheck T250, T255,AVEO Stufenheck T250, T255,SPARK M200 M250<\/p>\n","protected":false},"featured_media":0,"template":"","meta":{"site-sidebar-layout":"default","site-content-layout":"default","ast-global-header-display":"","ast-main-header-display":"","ast-hfb-above-header-display":"","ast-hfb-below-header-display":"","ast-hfb-mobile-header-display":"","site-post-title":"","ast-breadcrumbs-content":"","ast-featured-img":"","footer-sml-layout":"","theme-transparent-header-meta":"","adv-header-id-meta":"","stick-header-meta":"","header-above-stick-meta":"","header-main-stick-meta":"","header-below-stick-meta":""},"pwb-brand":[330],"product_cat":[30],"product_tag":[],"class_list":{"0":"post-70703","1":"product","2":"type-product","3":"status-publish","5":"pwb-brand-vaico","6":"product_cat-oljynsuodatin","7":"desktop-align-left","8":"tablet-align-left","9":"mobile-align-left","11":"first","12":"instock","13":"product-type-external"},"brands":[{"id":330,"name":"VAICO","slug":"vaico"}],"_links":{"self":[{"href":"https:\/\/www.autonvaraosahaku.fi\/index.php?rest_route=\/wp\/v2\/product\/70703","targetHints":{"allow":["GET"]}}],"collection":[{"href":"https:\/\/www.autonvaraosahaku.fi\/index.php?rest_route=\/wp\/v2\/product"}],"about":[{"href":"https:\/\/www.autonvaraosahaku.fi\/index.php?rest_route=\/wp\/v2\/types\/product"}],"wp:attachment":[{"href":"https:\/\/www.autonvaraosahaku.fi\/index.php?rest_route=%2Fwp%2Fv2%2Fmedia&parent=70703"}],"wp:term":[{"taxonomy":"pwb-brand","embeddable":true,"href":"https:\/\/www.autonvaraosahaku.fi\/index.php?rest_route=%2Fwp%2Fv2%2Fpwb-brand&post=70703"},{"taxonomy":"product_cat","embeddable":true,"href":"https:\/\/www.autonvaraosahaku.fi\/index.php?rest_route=%2Fwp%2Fv2%2Fproduct_cat&post=70703"},{"taxonomy":"product_tag","embeddable":true,"href":"https:\/\/www.autonvaraosahaku.fi\/index.php?rest_route=%2Fwp%2Fv2%2Fproduct_tag&post=70703"}],"curies":[{"name":"wp","href":"https:\/\/api.w.org\/{rel}","templated":true}]}}