{"id":70730,"date":"2021-02-21T19:10:34","date_gmt":"2021-02-21T19:10:34","guid":{"rendered":"https:\/\/www.autonvaraosahaku.fi\/?product=kyb-341191-iskunvaimennin"},"modified":"2021-02-21T19:10:38","modified_gmt":"2021-02-21T19:10:38","slug":"kyb-341191-iskunvaimennin","status":"publish","type":"product","link":"https:\/\/www.autonvaraosahaku.fi\/?product=kyb-341191-iskunvaimennin","title":{"rendered":"KYB 341191 Iskunvaimennin"},"content":{"rendered":"<p>Asennuspuoli: Taka-akseli; Iskunvaimennusj\u00e4rjestelm\u00e4: Kaksiputki; Iskunvaimennin asennustapa: Tappi ylh\u00e4\u00e4ll\u00e4, Silmukka alhaalla; Iskunvaimennin tyyppi: Kaasupaine; Tuotelinja: Excel-G; Valmistusvuosi alkaen: 05\/1994; TOYOTA: STARLET EP91,STARLET _P8_,PASEO Coupe EL54,PASEO Cabriolet EL54; 4833019755, 4853010290, 4853010300, 4853010310, 4853010330, 4853010340, 4853010341, 4853010370, 4853010380, 4853010390, 4853010400, 4853016380, 4853016390, 4853016400, 4853016410, 4853016431, 4853016450, 4853016460, 4853016490, 4853019565, 4853019566, 4853019575, 4853019576, 4853019585, 4853019586, 4853019595, 4853019596, 4853019725, 4853019726, 4853019745, 4853019746, 4853019755, 4853019765, 4853019775, 4853019785, 4853019795, 4853019875, 4853046010, 4853049085; Iskarit,Iskunvaimennin<\/p>\n","protected":false},"excerpt":{"rendered":"<p>KYB Iskunvaimentimet 341191 Iskarit,Iskunvaimennin TOYOTA,STARLET EP91,STARLET _P8_,PASEO Coupe EL54,PASEO Cabriolet EL54<\/p>\n","protected":false},"featured_media":0,"template":"","meta":{"site-sidebar-layout":"default","site-content-layout":"default","ast-global-header-display":"","ast-main-header-display":"","ast-hfb-above-header-display":"","ast-hfb-below-header-display":"","ast-hfb-mobile-header-display":"","site-post-title":"","ast-breadcrumbs-content":"","ast-featured-img":"","footer-sml-layout":"","theme-transparent-header-meta":"","adv-header-id-meta":"","stick-header-meta":"","header-above-stick-meta":"","header-main-stick-meta":"","header-below-stick-meta":""},"pwb-brand":[226],"product_cat":[80],"product_tag":[],"class_list":{"0":"post-70730","1":"product","2":"type-product","3":"status-publish","5":"pwb-brand-kyb","6":"product_cat-iskunvaimennin","7":"desktop-align-left","8":"tablet-align-left","9":"mobile-align-left","11":"first","12":"instock","13":"product-type-external"},"brands":[{"id":226,"name":"KYB","slug":"kyb"}],"_links":{"self":[{"href":"https:\/\/www.autonvaraosahaku.fi\/index.php?rest_route=\/wp\/v2\/product\/70730","targetHints":{"allow":["GET"]}}],"collection":[{"href":"https:\/\/www.autonvaraosahaku.fi\/index.php?rest_route=\/wp\/v2\/product"}],"about":[{"href":"https:\/\/www.autonvaraosahaku.fi\/index.php?rest_route=\/wp\/v2\/types\/product"}],"wp:attachment":[{"href":"https:\/\/www.autonvaraosahaku.fi\/index.php?rest_route=%2Fwp%2Fv2%2Fmedia&parent=70730"}],"wp:term":[{"taxonomy":"pwb-brand","embeddable":true,"href":"https:\/\/www.autonvaraosahaku.fi\/index.php?rest_route=%2Fwp%2Fv2%2Fpwb-brand&post=70730"},{"taxonomy":"product_cat","embeddable":true,"href":"https:\/\/www.autonvaraosahaku.fi\/index.php?rest_route=%2Fwp%2Fv2%2Fproduct_cat&post=70730"},{"taxonomy":"product_tag","embeddable":true,"href":"https:\/\/www.autonvaraosahaku.fi\/index.php?rest_route=%2Fwp%2Fv2%2Fproduct_tag&post=70730"}],"curies":[{"name":"wp","href":"https:\/\/api.w.org\/{rel}","templated":true}]}}