{"id":7076,"date":"2021-02-21T13:59:08","date_gmt":"2021-02-21T13:59:08","guid":{"rendered":"https:\/\/www.autonvaraosahaku.fi\/?product=motul-105779-vaihteistooljy"},"modified":"2021-02-21T13:59:10","modified_gmt":"2021-02-21T13:59:10","slug":"motul-105779-vaihteistooljy","status":"publish","type":"product","link":"https:\/\/www.autonvaraosahaku.fi\/?product=motul-105779-vaihteistooljy","title":{"rendered":"MOTUL 105779 Vaihteisto\u00f6ljy"},"content":{"rendered":"<p>Tilavuus (litra): 1; \u00d6ljy: T\u00e4ysisynteetinen \u00f6ljy; Erittely: API GL-5; Huomioi huolto-ohjeet: ; Viskositeettiluokka SAE: 75W-140; Tuotelinja: GEAR COMPETITION; Vaihdelaatikon \u00d6ljy<\/p>\n","protected":false},"excerpt":{"rendered":"<p>MOTUL Vaihteisto\u00f6ljy 105779 Vaihdelaatikon \u00d6ljy<\/p>\n","protected":false},"featured_media":0,"template":"","meta":{"site-sidebar-layout":"default","site-content-layout":"default","ast-global-header-display":"","ast-main-header-display":"","ast-hfb-above-header-display":"","ast-hfb-below-header-display":"","ast-hfb-mobile-header-display":"","site-post-title":"","ast-breadcrumbs-content":"","ast-featured-img":"","footer-sml-layout":"","theme-transparent-header-meta":"","adv-header-id-meta":"","stick-header-meta":"","header-above-stick-meta":"","header-main-stick-meta":"","header-below-stick-meta":""},"pwb-brand":[140],"product_cat":[58],"product_tag":[],"class_list":{"0":"post-7076","1":"product","2":"type-product","3":"status-publish","5":"pwb-brand-motul","6":"product_cat-vaihteistooljy","7":"desktop-align-left","8":"tablet-align-left","9":"mobile-align-left","11":"first","12":"instock","13":"product-type-external"},"brands":[{"id":140,"name":"MOTUL","slug":"motul"}],"_links":{"self":[{"href":"https:\/\/www.autonvaraosahaku.fi\/index.php?rest_route=\/wp\/v2\/product\/7076","targetHints":{"allow":["GET"]}}],"collection":[{"href":"https:\/\/www.autonvaraosahaku.fi\/index.php?rest_route=\/wp\/v2\/product"}],"about":[{"href":"https:\/\/www.autonvaraosahaku.fi\/index.php?rest_route=\/wp\/v2\/types\/product"}],"wp:attachment":[{"href":"https:\/\/www.autonvaraosahaku.fi\/index.php?rest_route=%2Fwp%2Fv2%2Fmedia&parent=7076"}],"wp:term":[{"taxonomy":"pwb-brand","embeddable":true,"href":"https:\/\/www.autonvaraosahaku.fi\/index.php?rest_route=%2Fwp%2Fv2%2Fpwb-brand&post=7076"},{"taxonomy":"product_cat","embeddable":true,"href":"https:\/\/www.autonvaraosahaku.fi\/index.php?rest_route=%2Fwp%2Fv2%2Fproduct_cat&post=7076"},{"taxonomy":"product_tag","embeddable":true,"href":"https:\/\/www.autonvaraosahaku.fi\/index.php?rest_route=%2Fwp%2Fv2%2Fproduct_tag&post=7076"}],"curies":[{"name":"wp","href":"https:\/\/api.w.org\/{rel}","templated":true}]}}