{"id":70765,"date":"2021-02-21T19:10:45","date_gmt":"2021-02-21T19:10:45","guid":{"rendered":"https:\/\/www.autonvaraosahaku.fi\/?product=contitech-6pk800-moniurahihna"},"modified":"2021-02-21T19:10:47","modified_gmt":"2021-02-21T19:10:47","slug":"contitech-6pk800-moniurahihna","status":"publish","type":"product","link":"https:\/\/www.autonvaraosahaku.fi\/?product=contitech-6pk800-moniurahihna","title":{"rendered":"CONTITECH 6PK800 Moniurahihna"},"content":{"rendered":"<p>Paino [kg]: 0,088; kiiloja: 6; Pituus (mm): 800; Apulaitteet: angetr. Agg.: Generator; MAZDA: 3 BK,2 DE,3 Stufenheck BK; VOLVO: V50 MW,V70 III BW,C30,S40 II MS,S80 II AS; SUZUKI: SX4 EY, GY; MINI: MINI R56,MINI CLUBMAN R55; FORD: FIESTA V JH_, JD_,FOCUS II Kombi DA_,FIESTA VI,MONDEO IV Turnier BA7,FOCUS II DA_,S-MAX WA6,FOCUS III Turnier,FOCUS C-MAX,GALAXY WA6,FUSION JU_,C-MAX DM2,FOCUS III,C-MAX II,MONDEO IV BA7,GRAND C-MAX,FOCUS II Stufenheck DA_,B-MAX JK,FOCUS III Stufenheck,TOURNEO CONNECT \/ GRAND TOURNEO CONNECT Kombi,FIESTA V Van,FIESTA VI Van,TRANSIT CONNECT Kasten,GRAND C-MAX Van,FIESTA VII,C-MAX II Van,TOURNEO COURIER Kombi,B-MAX Van,TRANSIT CONNECT Kombi,TRANSIT COURIER Kasten,FOCUS III Kasten\/Schr\u00e4gheck,TRANSIT COURIER Kombi,KA; TOYOTA: AYGO WNB1_, KGB1_,PROACE Bus MPY_,PROACE Kasten MDZ_; SMART: FORFOUR Schr\u00e4gheck 453; FIAT: STILO 192,BRAVO II 198,STILO Multi Wagon 192; CITRO\u00cbN: C1 PM_, PN_,C2 JM_,C3 I FC_,BERLINGO B9,C4 Picasso I UD_,C4 Grand Picasso I UA_,C4 I LC_,DS3,C3 Picasso,C3 II,C4 Coupe LA_,C3 Pluriel HB_,C4 II B7,BERLINGO Kasten B9,C4 Grand Picasso II,C4 Picasso II,C4 Stufenheck L,C4 AIRCROSS,JUMPER Kasten 230L,DS3 Cabriolet,JUMPER Bus 230P,C2 ENTERPRISE,JUMPER Pritsche\/Fahrgestell 230,BERLINGO Pritsche\/Fahrgestell B9,C-ELYSEE,C4 CACTUS,JUMPY Kasten,SPACETOURER,C3 III SX,C3 AIRCROSS II,JUMPY,JUMPY Pritsche\/Fahrgestell; PEUGEOT: 206 Schr\u00e4gheck 2A\/C,206 CC 2D,207 WA_, WC_,307 SW 3H,207 CC WD_,307 3A\/C,207 SW WK_,107,308 SW,206 SW 2E\/K,208,206+ T3E,308 4A_, 4C_,5008,307 Break 3E,PARTNER Tepee,308 CC,1007 KM_,2008,BOXER Kasten 230L,PARTNER Kasten,308 II,BOXER Bus 230P,BOXER Pritsche\/Fahrgestell ZCT_,301,308 SW II,207 Van,PARTNER Pritsche\/Fahrgestell,408,EXPERT Kasten,5008 II,TRAVELLER,208 Kasten; 5750E7, 5750FS, 5750FT, 5750J0, 5750VL, 5750YP, 5750ZF, 9640115880, 9640115980, 9804491580, 55202379, 55202584, 71744463, 71746481, 1229548, 1539585, 4M5Q6C301CA, 6M5Q6C301FA, Y60215909, 11287795036, 9682237080, 5750E7, 5750FS, 5750FT, 5750J0, 5750VL, 5750YP, 5750ZF, 9804491580, 90916WX001, 30637504, 31251775<\/p>\n","protected":false},"excerpt":{"rendered":"<p>CONTITECH Moniurahihna 6PK800  MAZDA,VOLVO,SUZUKI,3 BK,2 DE,3 Stufenheck BK,V50 MW,V70 III BW,C30,S40 II MS,S80 II AS,SX4 EY, GY,MINI R56<\/p>\n","protected":false},"featured_media":0,"template":"","meta":{"site-sidebar-layout":"default","site-content-layout":"default","ast-global-header-display":"","ast-main-header-display":"","ast-hfb-above-header-display":"","ast-hfb-below-header-display":"","ast-hfb-mobile-header-display":"","site-post-title":"","ast-breadcrumbs-content":"","ast-featured-img":"","footer-sml-layout":"","theme-transparent-header-meta":"","adv-header-id-meta":"","stick-header-meta":"","header-above-stick-meta":"","header-main-stick-meta":"","header-below-stick-meta":""},"pwb-brand":[187],"product_cat":[23],"product_tag":[],"class_list":{"0":"post-70765","1":"product","2":"type-product","3":"status-publish","5":"pwb-brand-contitech","6":"product_cat-moniurahihna","7":"desktop-align-left","8":"tablet-align-left","9":"mobile-align-left","11":"first","12":"instock","13":"product-type-external"},"brands":[{"id":187,"name":"CONTITECH","slug":"contitech"}],"_links":{"self":[{"href":"https:\/\/www.autonvaraosahaku.fi\/index.php?rest_route=\/wp\/v2\/product\/70765","targetHints":{"allow":["GET"]}}],"collection":[{"href":"https:\/\/www.autonvaraosahaku.fi\/index.php?rest_route=\/wp\/v2\/product"}],"about":[{"href":"https:\/\/www.autonvaraosahaku.fi\/index.php?rest_route=\/wp\/v2\/types\/product"}],"wp:attachment":[{"href":"https:\/\/www.autonvaraosahaku.fi\/index.php?rest_route=%2Fwp%2Fv2%2Fmedia&parent=70765"}],"wp:term":[{"taxonomy":"pwb-brand","embeddable":true,"href":"https:\/\/www.autonvaraosahaku.fi\/index.php?rest_route=%2Fwp%2Fv2%2Fpwb-brand&post=70765"},{"taxonomy":"product_cat","embeddable":true,"href":"https:\/\/www.autonvaraosahaku.fi\/index.php?rest_route=%2Fwp%2Fv2%2Fproduct_cat&post=70765"},{"taxonomy":"product_tag","embeddable":true,"href":"https:\/\/www.autonvaraosahaku.fi\/index.php?rest_route=%2Fwp%2Fv2%2Fproduct_tag&post=70765"}],"curies":[{"name":"wp","href":"https:\/\/api.w.org\/{rel}","templated":true}]}}