{"id":70775,"date":"2021-02-21T19:10:50","date_gmt":"2021-02-21T19:10:50","guid":{"rendered":"https:\/\/www.autonvaraosahaku.fi\/?product=elring-104-380-venttiilinvarren-kumit"},"modified":"2021-02-21T19:10:51","modified_gmt":"2021-02-21T19:10:51","slug":"elring-104-380-venttiilinvarren-kumit","status":"publish","type":"product","link":"https:\/\/www.autonvaraosahaku.fi\/?product=elring-104-380-venttiilinvarren-kumit","title":{"rendered":"ELRING 104.380 Venttiilinvarren kumit"},"content":{"rendered":"<p>Venttiilinvarren l\u00e4pimitta [mm]: 8, 8; Sis\u00e4l\u00e4pimitta [mm]: 12; Ulkol\u00e4pimitta [mm]: 15,4; Korkeus (mm): 9,5; Materiaali: FPM (fluori-kumi); Asennuspuoli: Einlassseite; JEEP: GRAND CHEROKEE II WJ, WG,GRAND CHEROKEE I ZJ,CHEROKEE XJ; VOLVO: 7700,8300,8500,8700,8900,9300,9400,9500,9700,9900,A,B12,B6,B7,B9,FH12,FL,FL12,FL6,FL7,FM,FM12,FM9,FS7,NH12,VLE; MERCEDES-BENZ: VARIO Kasten\/Kombi,VARIO Pritsche\/Fahrgestell,VARIO Kipper,VARIO Bus,VARIO Triebkopf,ACCELO,ALLEGRO,ALLIADO,ATEGO,ATEGO 2,ATEGO 3,ATRON,AXOR,AXOR 2,BOXER,CITARO (O 530),CITO (O 520),CONECTO (O 345),ECONIC,FPN (FlatNose),HPN (LongNose),INTEGRO (O 550),INTOURO,LK\/LN2,LO,OF,OH,OMC,TORINO,TOURINO (O 510),TOURO (O 500),UNIMOG,ZETROS; OPEL: FRONTERA A Sport 5_SUD2,FRONTERA A 5_MWL4; CHRYSLER: VOYAGER III GS,VOYAGER II ES,GRAND CARAVAN; DODGE: CARAVAN NS; VAUXHALL: FRONTERA Mk I A,FRONTERA Mk I A Sport; STERLING TRUCKS: ACTERRA; SETRA: Series 400; RENAULT TRUCKS: MAGNUM; 9060530258, 9060530358, 9060530458, 642541, 91153929, 21501189, 859171, 8591711<\/p>\n","protected":false},"excerpt":{"rendered":"<p>ELRING Tiiviste, Venttiilivarsi 104.380  JEEP,VOLVO,MERCEDES-BENZ,GRAND CHEROKEE II WJ, WG,GRAND CHEROKEE I ZJ,CHEROKEE XJ,7700,8300,8500,8700,8900<\/p>\n","protected":false},"featured_media":0,"template":"","meta":{"site-sidebar-layout":"default","site-content-layout":"default","ast-global-header-display":"","ast-main-header-display":"","ast-hfb-above-header-display":"","ast-hfb-below-header-display":"","ast-hfb-mobile-header-display":"","site-post-title":"","ast-breadcrumbs-content":"","ast-featured-img":"","footer-sml-layout":"","theme-transparent-header-meta":"","adv-header-id-meta":"","stick-header-meta":"","header-above-stick-meta":"","header-main-stick-meta":"","header-below-stick-meta":""},"pwb-brand":[26],"product_cat":[170],"product_tag":[],"class_list":{"0":"post-70775","1":"product","2":"type-product","3":"status-publish","5":"pwb-brand-elring","6":"product_cat-venttiilinvarren-kumit","7":"desktop-align-left","8":"tablet-align-left","9":"mobile-align-left","11":"first","12":"instock","13":"product-type-external"},"brands":[{"id":26,"name":"ELRING","slug":"elring"}],"_links":{"self":[{"href":"https:\/\/www.autonvaraosahaku.fi\/index.php?rest_route=\/wp\/v2\/product\/70775","targetHints":{"allow":["GET"]}}],"collection":[{"href":"https:\/\/www.autonvaraosahaku.fi\/index.php?rest_route=\/wp\/v2\/product"}],"about":[{"href":"https:\/\/www.autonvaraosahaku.fi\/index.php?rest_route=\/wp\/v2\/types\/product"}],"wp:attachment":[{"href":"https:\/\/www.autonvaraosahaku.fi\/index.php?rest_route=%2Fwp%2Fv2%2Fmedia&parent=70775"}],"wp:term":[{"taxonomy":"pwb-brand","embeddable":true,"href":"https:\/\/www.autonvaraosahaku.fi\/index.php?rest_route=%2Fwp%2Fv2%2Fpwb-brand&post=70775"},{"taxonomy":"product_cat","embeddable":true,"href":"https:\/\/www.autonvaraosahaku.fi\/index.php?rest_route=%2Fwp%2Fv2%2Fproduct_cat&post=70775"},{"taxonomy":"product_tag","embeddable":true,"href":"https:\/\/www.autonvaraosahaku.fi\/index.php?rest_route=%2Fwp%2Fv2%2Fproduct_tag&post=70775"}],"curies":[{"name":"wp","href":"https:\/\/api.w.org\/{rel}","templated":true}]}}