{"id":70829,"date":"2021-02-21T19:11:00","date_gmt":"2021-02-21T19:11:00","guid":{"rendered":"https:\/\/www.autonvaraosahaku.fi\/?product=meyle-100-121-0002-paisuntasailio"},"modified":"2021-02-21T19:11:04","modified_gmt":"2021-02-21T19:11:04","slug":"meyle-100-121-0002-paisuntasailio","status":"publish","type":"product","link":"https:\/\/www.autonvaraosahaku.fi\/?product=meyle-100-121-0002-paisuntasailio","title":{"rendered":"MEYLE 100 121 0002 Paisuntas\u00e4ili\u00f6"},"content":{"rendered":"<p>Korvaava tuote\/korvaava tiedote 2: ilman kantta; Suositellun tarvikkeen tuotenumero: 100 121 0042; lis\u00e4tieto: ORIGINAL Quality; Valmistusvuoteen: 12\/1989; VW: GOLF II 19E, 1G1,GOLF I Cabriolet 155,CORRADO 53I,SCIROCCO 53B,GOLF I 17,CADDY I 14,JETTA II 19E, 1G2, 165,PASSAT Variant 32B,PASSAT 32B,SCIROCCO 53,JETTA I 16,PASSAT Stufenheck 32B,SANTANA 32B; 171121407, 171121407A, 171121407C, 171121407E, 171121407F; Nestes\u00e4ili\u00f6, J\u00e4\u00e4hdytysneste<\/p>\n","protected":false},"excerpt":{"rendered":"<p>MEYLE Paisuntas\u00e4ili\u00f6 100 121 0002 Nestes\u00e4ili\u00f6, J\u00e4\u00e4hdytysneste VW,GOLF II 19E, 1G1,GOLF I Cabriolet 155,CORRADO 53I,SCIROCCO 53B,GOLF I 17,CADDY I 14<\/p>\n","protected":false},"featured_media":0,"template":"","meta":{"site-sidebar-layout":"default","site-content-layout":"default","ast-global-header-display":"","ast-main-header-display":"","ast-hfb-above-header-display":"","ast-hfb-below-header-display":"","ast-hfb-mobile-header-display":"","site-post-title":"","ast-breadcrumbs-content":"","ast-featured-img":"","footer-sml-layout":"","theme-transparent-header-meta":"","adv-header-id-meta":"","stick-header-meta":"","header-above-stick-meta":"","header-main-stick-meta":"","header-below-stick-meta":""},"pwb-brand":[84],"product_cat":[127],"product_tag":[],"class_list":{"0":"post-70829","1":"product","2":"type-product","3":"status-publish","5":"pwb-brand-meyle","6":"product_cat-paisuntasailio","7":"desktop-align-left","8":"tablet-align-left","9":"mobile-align-left","11":"first","12":"instock","13":"product-type-external"},"brands":[{"id":84,"name":"MEYLE","slug":"meyle"}],"_links":{"self":[{"href":"https:\/\/www.autonvaraosahaku.fi\/index.php?rest_route=\/wp\/v2\/product\/70829","targetHints":{"allow":["GET"]}}],"collection":[{"href":"https:\/\/www.autonvaraosahaku.fi\/index.php?rest_route=\/wp\/v2\/product"}],"about":[{"href":"https:\/\/www.autonvaraosahaku.fi\/index.php?rest_route=\/wp\/v2\/types\/product"}],"wp:attachment":[{"href":"https:\/\/www.autonvaraosahaku.fi\/index.php?rest_route=%2Fwp%2Fv2%2Fmedia&parent=70829"}],"wp:term":[{"taxonomy":"pwb-brand","embeddable":true,"href":"https:\/\/www.autonvaraosahaku.fi\/index.php?rest_route=%2Fwp%2Fv2%2Fpwb-brand&post=70829"},{"taxonomy":"product_cat","embeddable":true,"href":"https:\/\/www.autonvaraosahaku.fi\/index.php?rest_route=%2Fwp%2Fv2%2Fproduct_cat&post=70829"},{"taxonomy":"product_tag","embeddable":true,"href":"https:\/\/www.autonvaraosahaku.fi\/index.php?rest_route=%2Fwp%2Fv2%2Fproduct_tag&post=70829"}],"curies":[{"name":"wp","href":"https:\/\/api.w.org\/{rel}","templated":true}]}}