{"id":70838,"date":"2021-02-21T19:11:06","date_gmt":"2021-02-21T19:11:06","guid":{"rendered":"https:\/\/www.autonvaraosahaku.fi\/?product=japanparts-fa-991s-ilmansuodatin"},"modified":"2021-02-21T19:11:07","modified_gmt":"2021-02-21T19:11:07","slug":"japanparts-fa-991s-ilmansuodatin","status":"publish","type":"product","link":"https:\/\/www.autonvaraosahaku.fi\/?product=japanparts-fa-991s-ilmansuodatin","title":{"rendered":"JAPANPARTS FA-991S Ilmansuodatin"},"content":{"rendered":"<p>Korkeus (mm): 287,2; Ulkol\u00e4pimitta [mm]: 135,6; Ulkol\u00e4pimitta 1 [mm]: 132; Sis\u00e4l\u00e4pimitta [mm]: 68; Sis\u00e4l\u00e4pimitta 1 [mm]: 14,4; Rakennemalli: L038\/LO68; HYUNDAI: GALLOPER II JK-01,GALLOPER I,H100 Bus P,H100 Kasten,H100 Pritsche\/Fahrgestell,PORTER Pick-up; MITSUBISHI: L 300 Bus P0_W, P1_W, P2_W,L 300 Pritsche\/Fahrgestell L03_P,L 300 Kasten L03_P,L 300 Kasten P0_W, P1_W,L 300 Bus LO3_P\/G, L0_2P,L 300 Pritsche\/Fahrgestell P1_T; 2813044000, 2913044001, 2813044001, MD603446, MZ311790<\/p>\n","protected":false},"excerpt":{"rendered":"<p>JAPANPARTS Ilmansuodatin FA-991S  HYUNDAI,MITSUBISHI,GALLOPER II JK-01,GALLOPER I,H100 Bus P,H100 Kasten,H100 Pritsche\/Fahrgestell,PORTER Pick-up<\/p>\n","protected":false},"featured_media":0,"template":"","meta":{"site-sidebar-layout":"default","site-content-layout":"default","ast-global-header-display":"","ast-main-header-display":"","ast-hfb-above-header-display":"","ast-hfb-below-header-display":"","ast-hfb-mobile-header-display":"","site-post-title":"","ast-breadcrumbs-content":"","ast-featured-img":"","footer-sml-layout":"","theme-transparent-header-meta":"","adv-header-id-meta":"","stick-header-meta":"","header-above-stick-meta":"","header-main-stick-meta":"","header-below-stick-meta":""},"pwb-brand":[334],"product_cat":[31],"product_tag":[],"class_list":{"0":"post-70838","1":"product","2":"type-product","3":"status-publish","5":"pwb-brand-japanparts","6":"product_cat-ilmansuodatin","7":"desktop-align-left","8":"tablet-align-left","9":"mobile-align-left","11":"first","12":"instock","13":"product-type-external"},"brands":[{"id":334,"name":"JAPANPARTS","slug":"japanparts"}],"_links":{"self":[{"href":"https:\/\/www.autonvaraosahaku.fi\/index.php?rest_route=\/wp\/v2\/product\/70838","targetHints":{"allow":["GET"]}}],"collection":[{"href":"https:\/\/www.autonvaraosahaku.fi\/index.php?rest_route=\/wp\/v2\/product"}],"about":[{"href":"https:\/\/www.autonvaraosahaku.fi\/index.php?rest_route=\/wp\/v2\/types\/product"}],"wp:attachment":[{"href":"https:\/\/www.autonvaraosahaku.fi\/index.php?rest_route=%2Fwp%2Fv2%2Fmedia&parent=70838"}],"wp:term":[{"taxonomy":"pwb-brand","embeddable":true,"href":"https:\/\/www.autonvaraosahaku.fi\/index.php?rest_route=%2Fwp%2Fv2%2Fpwb-brand&post=70838"},{"taxonomy":"product_cat","embeddable":true,"href":"https:\/\/www.autonvaraosahaku.fi\/index.php?rest_route=%2Fwp%2Fv2%2Fproduct_cat&post=70838"},{"taxonomy":"product_tag","embeddable":true,"href":"https:\/\/www.autonvaraosahaku.fi\/index.php?rest_route=%2Fwp%2Fv2%2Fproduct_tag&post=70838"}],"curies":[{"name":"wp","href":"https:\/\/api.w.org\/{rel}","templated":true}]}}