{"id":70855,"date":"2021-02-21T19:11:11","date_gmt":"2021-02-21T19:11:11","guid":{"rendered":"https:\/\/www.autonvaraosahaku.fi\/?product=ae-v91933-imuventtiili"},"modified":"2021-02-21T19:11:11","modified_gmt":"2021-02-21T19:11:11","slug":"ae-v91933-imuventtiili","status":"publish","type":"product","link":"https:\/\/www.autonvaraosahaku.fi\/?product=ae-v91933-imuventtiili","title":{"rendered":"AE V91933 Imuventtiili"},"content":{"rendered":"<p>Pituus (mm): 113,100; Materiaali: Kromi-siliciumter\u00e4s; Korvaava tuote\/korvaava tiedote 2: venttiilinvarsi kromattu, Venttilivarren p\u00e4\u00e4 karkaistu; Venttiililautasen l\u00e4pimitta [mm]: 33,400; Venttiilinvarren l\u00e4pimitta [mm]: 7,000; venttiiliistukan kulma [astetta]: 45; TECDOC-moottorinumero: 14528; LANCIA: THESIS 841AX,LYBRA SW 839BX,KAPPA 838A,LYBRA 839AX,DELTA II 836,KAPPA SW 838B,KAPPA Coupe 838,DEDRA 835,DEDRA SW 835; FIAT: PUNTO 188,STILO 192,BARCHETTA 183,STILO Multi Wagon 192,COUPE FA\/175,BRAVO I 182,BRAVA 182,MAREA Weekend 185,STRADA Pick-up 578_,MAREA 185; ALFA ROMEO: 147 937,156 Sportwagon 932,156 932,GT 937,SPIDER 916S_,166 936,GTV 916C_,145 930,155 167,146 930; 60811153, 7766564, 60811153, 7766564, 60811153, 7766564<\/p>\n","protected":false},"excerpt":{"rendered":"<p>AE Imuventtiili V91933  LANCIA,FIAT,ALFA ROMEO,THESIS 841AX,LYBRA SW 839BX,KAPPA 838A,LYBRA 839AX,DELTA II 836,KAPPA SW 838B,KAPPA Coupe 838,DEDRA 835<\/p>\n","protected":false},"featured_media":0,"template":"","meta":{"site-sidebar-layout":"default","site-content-layout":"default","ast-global-header-display":"","ast-main-header-display":"","ast-hfb-above-header-display":"","ast-hfb-below-header-display":"","ast-hfb-mobile-header-display":"","site-post-title":"","ast-breadcrumbs-content":"","ast-featured-img":"","footer-sml-layout":"","theme-transparent-header-meta":"","adv-header-id-meta":"","stick-header-meta":"","header-above-stick-meta":"","header-main-stick-meta":"","header-below-stick-meta":""},"pwb-brand":[190],"product_cat":[274],"product_tag":[],"class_list":{"0":"post-70855","1":"product","2":"type-product","3":"status-publish","5":"pwb-brand-ae","6":"product_cat-imuventtiili","7":"desktop-align-left","8":"tablet-align-left","9":"mobile-align-left","11":"first","12":"instock","13":"product-type-external"},"brands":[{"id":190,"name":"AE","slug":"ae"}],"_links":{"self":[{"href":"https:\/\/www.autonvaraosahaku.fi\/index.php?rest_route=\/wp\/v2\/product\/70855","targetHints":{"allow":["GET"]}}],"collection":[{"href":"https:\/\/www.autonvaraosahaku.fi\/index.php?rest_route=\/wp\/v2\/product"}],"about":[{"href":"https:\/\/www.autonvaraosahaku.fi\/index.php?rest_route=\/wp\/v2\/types\/product"}],"wp:attachment":[{"href":"https:\/\/www.autonvaraosahaku.fi\/index.php?rest_route=%2Fwp%2Fv2%2Fmedia&parent=70855"}],"wp:term":[{"taxonomy":"pwb-brand","embeddable":true,"href":"https:\/\/www.autonvaraosahaku.fi\/index.php?rest_route=%2Fwp%2Fv2%2Fpwb-brand&post=70855"},{"taxonomy":"product_cat","embeddable":true,"href":"https:\/\/www.autonvaraosahaku.fi\/index.php?rest_route=%2Fwp%2Fv2%2Fproduct_cat&post=70855"},{"taxonomy":"product_tag","embeddable":true,"href":"https:\/\/www.autonvaraosahaku.fi\/index.php?rest_route=%2Fwp%2Fv2%2Fproduct_tag&post=70855"}],"curies":[{"name":"wp","href":"https:\/\/api.w.org\/{rel}","templated":true}]}}