{"id":70868,"date":"2021-02-21T19:11:11","date_gmt":"2021-02-21T19:11:11","guid":{"rendered":"https:\/\/www.autonvaraosahaku.fi\/?product=corteco-20018100b-tiivisteet"},"modified":"2021-02-21T19:11:14","modified_gmt":"2021-02-21T19:11:14","slug":"corteco-20018100b-tiivisteet","status":"publish","type":"product","link":"https:\/\/www.autonvaraosahaku.fi\/?product=corteco-20018100b-tiivisteet","title":{"rendered":"CORTECO 20018100B Tiivisteet"},"content":{"rendered":"<p>Asennuspuoli: Etup\u00e4\u00e4; Sis\u00e4l\u00e4pimitta 1 [mm]: 35; Ulkol\u00e4pimitta 1 [mm]: 50; Korkeus 1 (mm): 7; Materiaali: FPM (fluori-kumi); Suojavaippa: Suojakumilla; Rihlamalli: Oikea kierre; Moottorinumero: XUD9Y; VW: POLO 86C, 80,SCIROCCO 53B,GOLF I 17,PASSAT Variant 32B; AUDI: A6 4A, C4,COUPE 89, 8B,100 Avant 44, 44Q, C3,COUPE 81, 85,50 86; MAZDA: TRIBUTE EP,626 V Station Wagon GW; BMW: 3 E36,3 E30,02 E10,6 E63,7 E23,5 E12; NISSAN: PRIMERA Traveller WP11; HONDA: CIVIC III Hatchback AL, AJ, AG, AH; SUZUKI: SWIFT II Schr\u00e4gheck EA, MA; MERCEDES-BENZ: E-CLASS Kombi S210,KOMBI Kombi S124; OPEL: KADETT E CC 33_, 34_, 43_, 44_; JAGUAR: XJSC Convertible; 080714, 9400807149, 1614995, 1663814, 6066331, 6078809, 6165500, 83SM6700A5A, 86SM6700A6A, 928M6700B5A, 190400351, 080714, 1137886CA0, 1274666G00, SU00100084<\/p>\n","protected":false},"excerpt":{"rendered":"<p>CORTECO Akselitiiviste, Tasauspy\u00f6r\u00e4st\u00f6 20018100B  VW,AUDI,MAZDA,POLO 86C, 80,SCIROCCO 53B,GOLF I 17,PASSAT Variant 32B,A6 4A, C4,COUPE 89, 8B<\/p>\n","protected":false},"featured_media":0,"template":"","meta":{"site-sidebar-layout":"default","site-content-layout":"default","ast-global-header-display":"","ast-main-header-display":"","ast-hfb-above-header-display":"","ast-hfb-below-header-display":"","ast-hfb-mobile-header-display":"","site-post-title":"","ast-breadcrumbs-content":"","ast-featured-img":"","footer-sml-layout":"","theme-transparent-header-meta":"","adv-header-id-meta":"","stick-header-meta":"","header-above-stick-meta":"","header-main-stick-meta":"","header-below-stick-meta":""},"pwb-brand":[53],"product_cat":[27],"product_tag":[],"class_list":{"0":"post-70868","1":"product","2":"type-product","3":"status-publish","5":"pwb-brand-corteco","6":"product_cat-tiivisteet","7":"desktop-align-left","8":"tablet-align-left","9":"mobile-align-left","11":"first","12":"instock","13":"product-type-external"},"brands":[{"id":53,"name":"CORTECO","slug":"corteco"}],"_links":{"self":[{"href":"https:\/\/www.autonvaraosahaku.fi\/index.php?rest_route=\/wp\/v2\/product\/70868","targetHints":{"allow":["GET"]}}],"collection":[{"href":"https:\/\/www.autonvaraosahaku.fi\/index.php?rest_route=\/wp\/v2\/product"}],"about":[{"href":"https:\/\/www.autonvaraosahaku.fi\/index.php?rest_route=\/wp\/v2\/types\/product"}],"wp:attachment":[{"href":"https:\/\/www.autonvaraosahaku.fi\/index.php?rest_route=%2Fwp%2Fv2%2Fmedia&parent=70868"}],"wp:term":[{"taxonomy":"pwb-brand","embeddable":true,"href":"https:\/\/www.autonvaraosahaku.fi\/index.php?rest_route=%2Fwp%2Fv2%2Fpwb-brand&post=70868"},{"taxonomy":"product_cat","embeddable":true,"href":"https:\/\/www.autonvaraosahaku.fi\/index.php?rest_route=%2Fwp%2Fv2%2Fproduct_cat&post=70868"},{"taxonomy":"product_tag","embeddable":true,"href":"https:\/\/www.autonvaraosahaku.fi\/index.php?rest_route=%2Fwp%2Fv2%2Fproduct_tag&post=70868"}],"curies":[{"name":"wp","href":"https:\/\/api.w.org\/{rel}","templated":true}]}}