{"id":70915,"date":"2021-02-21T19:11:29","date_gmt":"2021-02-21T19:11:29","guid":{"rendered":"https:\/\/www.autonvaraosahaku.fi\/?product=trw-gsk1264-jarrukengat"},"modified":"2021-02-21T19:11:29","modified_gmt":"2021-02-21T19:11:29","slug":"trw-gsk1264-jarrukengat","status":"publish","type":"product","link":"https:\/\/www.autonvaraosahaku.fi\/?product=trw-gsk1264-jarrukengat","title":{"rendered":"TRW GSK1264 Jarrukeng\u00e4t"},"content":{"rendered":"<p>Valmistaja rajaus: BOSCH; L\u00e4pimitta [mm]: 228; Leveys (mm): 42; Materiaali: Alumiini; Tarkistuskilpi: E9-90R-01.116\/2152; Sylinterin halkaisija [mm]: 20,6; Lis\u00e4tarvike\/lis\u00e4tieto: Py\u00f6r\u00e4n jarrun sylinterill\u00e4; Asennusmalli: Esiasennettu; Huomioi tekniset tiedot: ; Tuotelinja: Superkit; Asennuspuoli: Hinterachse; PEUGEOT: 207 WA_, WC_,207 SW WK_,208,207 Stufenheck,207 Van,208 Kasten; CITRO\u00cbN: DS3,C3 II,DS3 Cabriolet; DS: DS 3,DS 3 Cabriolet; 424220, 424244, 424244, 424220, 424244<\/p>\n","protected":false},"excerpt":{"rendered":"<p>TRW Jarrukenk\u00e4sarja, Rumpujarru GSK1264  PEUGEOT,CITRO\u00cbN,DS,207 WA_, WC_,207 SW WK_,208,207 Stufenheck,207 Van,208 Kasten,DS3,C3 II,DS3 Cabriolet,DS 3<\/p>\n","protected":false},"featured_media":0,"template":"","meta":{"site-sidebar-layout":"default","site-content-layout":"default","ast-global-header-display":"","ast-main-header-display":"","ast-hfb-above-header-display":"","ast-hfb-below-header-display":"","ast-hfb-mobile-header-display":"","site-post-title":"","ast-breadcrumbs-content":"","ast-featured-img":"","footer-sml-layout":"","theme-transparent-header-meta":"","adv-header-id-meta":"","stick-header-meta":"","header-above-stick-meta":"","header-main-stick-meta":"","header-below-stick-meta":""},"pwb-brand":[332],"product_cat":[176],"product_tag":[],"class_list":{"0":"post-70915","1":"product","2":"type-product","3":"status-publish","5":"pwb-brand-trw","6":"product_cat-jarrukengat","7":"desktop-align-left","8":"tablet-align-left","9":"mobile-align-left","11":"first","12":"instock","13":"product-type-external"},"brands":[{"id":332,"name":"TRW","slug":"trw"}],"_links":{"self":[{"href":"https:\/\/www.autonvaraosahaku.fi\/index.php?rest_route=\/wp\/v2\/product\/70915","targetHints":{"allow":["GET"]}}],"collection":[{"href":"https:\/\/www.autonvaraosahaku.fi\/index.php?rest_route=\/wp\/v2\/product"}],"about":[{"href":"https:\/\/www.autonvaraosahaku.fi\/index.php?rest_route=\/wp\/v2\/types\/product"}],"wp:attachment":[{"href":"https:\/\/www.autonvaraosahaku.fi\/index.php?rest_route=%2Fwp%2Fv2%2Fmedia&parent=70915"}],"wp:term":[{"taxonomy":"pwb-brand","embeddable":true,"href":"https:\/\/www.autonvaraosahaku.fi\/index.php?rest_route=%2Fwp%2Fv2%2Fpwb-brand&post=70915"},{"taxonomy":"product_cat","embeddable":true,"href":"https:\/\/www.autonvaraosahaku.fi\/index.php?rest_route=%2Fwp%2Fv2%2Fproduct_cat&post=70915"},{"taxonomy":"product_tag","embeddable":true,"href":"https:\/\/www.autonvaraosahaku.fi\/index.php?rest_route=%2Fwp%2Fv2%2Fproduct_tag&post=70915"}],"curies":[{"name":"wp","href":"https:\/\/api.w.org\/{rel}","templated":true}]}}