{"id":70935,"date":"2021-02-21T19:11:34","date_gmt":"2021-02-21T19:11:34","guid":{"rendered":"https:\/\/www.autonvaraosahaku.fi\/?product=nk-753910-pyoranlaakerit"},"modified":"2021-02-21T19:11:34","modified_gmt":"2021-02-21T19:11:34","slug":"nk-753910-pyoranlaakerit","status":"publish","type":"product","link":"https:\/\/www.autonvaraosahaku.fi\/?product=nk-753910-pyoranlaakerit","title":{"rendered":"NK 753910 Py\u00f6r\u00e4nlaakerit"},"content":{"rendered":"<p>Leveys (mm): 37,1; Sis\u00e4l\u00e4pimitta [mm]: 36,9; Ulkol\u00e4pimitta [mm]: 72; Lohkojen erottelu: ; NISSAN: KUBISTAR Kasten X80; DACIA: SANDERO,LOGAN MCV KS_,SANDERO II,LOGAN MCV II,LOGAN LS_,LOGAN EXPRESS FS_,LOGAN Pick-up US_,LOGAN II; RENAULT: CLIO II BB0\/1\/2_, CB0\/1\/2_,CLIO III BR0\/1, CR0\/1,KANGOO KC0\/1_,TWINGO II CN0_,MODUS \/ GRAND MODUS F\/JP0_,MEGANE II Kombi KM0\/1_,SC\u00c9NIC I JA0\/1_,MEGANE II Coup\u00e9-Cabriolet EM0\/1_,MEGANE Scenic JA0\/1_,MEGANE II BM0\/1_, CM0\/1_,MEGANE I BA0\/1_,KANGOO \/ GRAND KANGOO KW0\/1_,KANGOO Express FC0\/1_,CLIO Grandtour KR0\/1_,MEGANE I Grandtour KA0\/1_,MEGANE I Cabriolet EA0\/1_,CLIO I B\/C57_, 5\/357_,KANGOO Express FW0\/1_,MEGANE II Stufenheck LM0\/1_,MEGANE I Classic LA0\/1_,MEGANE I Coach DA0\/1_,KANGOO BE BOP KW0\/1_,CLIO II Kasten SB0\/1\/2_,RAPID Kasten F40_, G40_,THALIA I LB0\/1\/2_,CLIO III Kasten SB_, SR_,SANDERO\/STEPWAY I,CLIO I Kasten S57_,LOGAN I Kombi KS_,LOGAN I LS_,THALIA II LU1\/2_,EXPRESS Pick-up,LOGAN EXPRESS,MEGANE II Kasten\/Kombi KM_,EXPRESS Kasten\/Kombi,SANDERO\/STEPWAY II,MEGANE II Hatchback Van KM0\/2_,LOGAN II Kombi,LOGAN II,THALIA III; 402102977R, 6001547696, 4021000QAA, 402102977R, 6001547696, 7701205779, 7701464049; Py\u00f6r\u00e4nlaakerisarja<\/p>\n","protected":false},"excerpt":{"rendered":"<p>NK Py\u00f6r\u00e4nlaakerit 753910 Py\u00f6r\u00e4nlaakerisarja NISSAN,DACIA,RENAULT,KUBISTAR Kasten X80,SANDERO,LOGAN MCV KS_,SANDERO II,LOGAN MCV II,LOGAN LS_<\/p>\n","protected":false},"featured_media":0,"template":"","meta":{"site-sidebar-layout":"default","site-content-layout":"default","ast-global-header-display":"","ast-main-header-display":"","ast-hfb-above-header-display":"","ast-hfb-below-header-display":"","ast-hfb-mobile-header-display":"","site-post-title":"","ast-breadcrumbs-content":"","ast-featured-img":"","footer-sml-layout":"","theme-transparent-header-meta":"","adv-header-id-meta":"","stick-header-meta":"","header-above-stick-meta":"","header-main-stick-meta":"","header-below-stick-meta":""},"pwb-brand":[341],"product_cat":[83],"product_tag":[],"class_list":{"0":"post-70935","1":"product","2":"type-product","3":"status-publish","5":"pwb-brand-nk","6":"product_cat-pyoranlaakerit","7":"desktop-align-left","8":"tablet-align-left","9":"mobile-align-left","11":"first","12":"instock","13":"product-type-external"},"brands":[{"id":341,"name":"NK","slug":"nk"}],"_links":{"self":[{"href":"https:\/\/www.autonvaraosahaku.fi\/index.php?rest_route=\/wp\/v2\/product\/70935","targetHints":{"allow":["GET"]}}],"collection":[{"href":"https:\/\/www.autonvaraosahaku.fi\/index.php?rest_route=\/wp\/v2\/product"}],"about":[{"href":"https:\/\/www.autonvaraosahaku.fi\/index.php?rest_route=\/wp\/v2\/types\/product"}],"wp:attachment":[{"href":"https:\/\/www.autonvaraosahaku.fi\/index.php?rest_route=%2Fwp%2Fv2%2Fmedia&parent=70935"}],"wp:term":[{"taxonomy":"pwb-brand","embeddable":true,"href":"https:\/\/www.autonvaraosahaku.fi\/index.php?rest_route=%2Fwp%2Fv2%2Fpwb-brand&post=70935"},{"taxonomy":"product_cat","embeddable":true,"href":"https:\/\/www.autonvaraosahaku.fi\/index.php?rest_route=%2Fwp%2Fv2%2Fproduct_cat&post=70935"},{"taxonomy":"product_tag","embeddable":true,"href":"https:\/\/www.autonvaraosahaku.fi\/index.php?rest_route=%2Fwp%2Fv2%2Fproduct_tag&post=70935"}],"curies":[{"name":"wp","href":"https:\/\/api.w.org\/{rel}","templated":true}]}}