{"id":70944,"date":"2021-02-21T19:11:34","date_gmt":"2021-02-21T19:11:34","guid":{"rendered":"https:\/\/www.autonvaraosahaku.fi\/?product=ulo-1007003-takavalot"},"modified":"2021-02-21T19:11:36","modified_gmt":"2021-02-21T19:11:36","slug":"ulo-1007003-takavalot","status":"publish","type":"product","link":"https:\/\/www.autonvaraosahaku.fi\/?product=ulo-1007003-takavalot","title":{"rendered":"ULO 1007003 Takavalot"},"content":{"rendered":"<p>Vuosimalliin: 2008, 2008; ei uusittuun malliin (facelift): ; Varustelumahdollisuudet: HIGH; Asennuspuoli: Vasen; Vasen \/ oikea liikenne: Ohjaus vasemmalla; Lyhdyn muoto: LED, Hehkulankatekniikka; Valotoiminto: Jarruvalolla (LED); Lis\u00e4tarvike\/lis\u00e4tieto: Lampun kannalla; Rekister\u00f6ity tyyppi: E-hyv\u00e4ksytty; Laatu: OEM, ORIGINAL; Paino [kg]: 1,49; AUDI: A6 4F2, C6; 4F5945095F, 4F5945095N, 4F5945095S; Takavalo<\/p>\n","protected":false},"excerpt":{"rendered":"<p>ULO Takavalot 1007003 Takavalo AUDI,A6 4F2, C6<\/p>\n","protected":false},"featured_media":0,"template":"","meta":{"site-sidebar-layout":"default","site-content-layout":"default","ast-global-header-display":"","ast-main-header-display":"","ast-hfb-above-header-display":"","ast-hfb-below-header-display":"","ast-hfb-mobile-header-display":"","site-post-title":"","ast-breadcrumbs-content":"","ast-featured-img":"","footer-sml-layout":"","theme-transparent-header-meta":"","adv-header-id-meta":"","stick-header-meta":"","header-above-stick-meta":"","header-main-stick-meta":"","header-below-stick-meta":""},"pwb-brand":[316],"product_cat":[159],"product_tag":[],"class_list":{"0":"post-70944","1":"product","2":"type-product","3":"status-publish","5":"pwb-brand-ulo","6":"product_cat-takavalot","7":"desktop-align-left","8":"tablet-align-left","9":"mobile-align-left","11":"first","12":"instock","13":"product-type-external"},"brands":[{"id":316,"name":"ULO","slug":"ulo"}],"_links":{"self":[{"href":"https:\/\/www.autonvaraosahaku.fi\/index.php?rest_route=\/wp\/v2\/product\/70944","targetHints":{"allow":["GET"]}}],"collection":[{"href":"https:\/\/www.autonvaraosahaku.fi\/index.php?rest_route=\/wp\/v2\/product"}],"about":[{"href":"https:\/\/www.autonvaraosahaku.fi\/index.php?rest_route=\/wp\/v2\/types\/product"}],"wp:attachment":[{"href":"https:\/\/www.autonvaraosahaku.fi\/index.php?rest_route=%2Fwp%2Fv2%2Fmedia&parent=70944"}],"wp:term":[{"taxonomy":"pwb-brand","embeddable":true,"href":"https:\/\/www.autonvaraosahaku.fi\/index.php?rest_route=%2Fwp%2Fv2%2Fpwb-brand&post=70944"},{"taxonomy":"product_cat","embeddable":true,"href":"https:\/\/www.autonvaraosahaku.fi\/index.php?rest_route=%2Fwp%2Fv2%2Fproduct_cat&post=70944"},{"taxonomy":"product_tag","embeddable":true,"href":"https:\/\/www.autonvaraosahaku.fi\/index.php?rest_route=%2Fwp%2Fv2%2Fproduct_tag&post=70944"}],"curies":[{"name":"wp","href":"https:\/\/api.w.org\/{rel}","templated":true}]}}