{"id":7095,"date":"2021-02-21T13:59:12","date_gmt":"2021-02-21T13:59:12","guid":{"rendered":"https:\/\/www.autonvaraosahaku.fi\/?product=motul-102222-muut-luokat"},"modified":"2021-02-21T13:59:13","modified_gmt":"2021-02-21T13:59:13","slug":"motul-102222-muut-luokat","status":"publish","type":"product","link":"https:\/\/www.autonvaraosahaku.fi\/?product=motul-102222-muut-luokat","title":{"rendered":"MOTUL 102222 Muut luokat"},"content":{"rendered":"<p>Tilavuus (litra): 0,5; Huomioi huolto-ohjeet: ; Erittely: Additive; J\u00e4\u00e4hdytysneste,Pakkasneste,J\u00e4\u00e4tymissuoja<\/p>\n","protected":false},"excerpt":{"rendered":"<p>MOTUL J\u00e4\u00e4hdytinneste MOCOOL 102222 J\u00e4\u00e4hdytysneste,Pakkasneste<\/p>\n","protected":false},"featured_media":0,"template":"","meta":{"site-sidebar-layout":"default","site-content-layout":"default","ast-global-header-display":"","ast-main-header-display":"","ast-hfb-above-header-display":"","ast-hfb-below-header-display":"","ast-hfb-mobile-header-display":"","site-post-title":"","ast-breadcrumbs-content":"","ast-featured-img":"","footer-sml-layout":"","theme-transparent-header-meta":"","adv-header-id-meta":"","stick-header-meta":"","header-above-stick-meta":"","header-main-stick-meta":"","header-below-stick-meta":""},"pwb-brand":[140],"product_cat":[37],"product_tag":[],"class_list":{"0":"post-7095","1":"product","2":"type-product","3":"status-publish","5":"pwb-brand-motul","6":"product_cat-muut-luokat","7":"desktop-align-left","8":"tablet-align-left","9":"mobile-align-left","11":"first","12":"instock","13":"product-type-external"},"brands":[{"id":140,"name":"MOTUL","slug":"motul"}],"_links":{"self":[{"href":"https:\/\/www.autonvaraosahaku.fi\/index.php?rest_route=\/wp\/v2\/product\/7095","targetHints":{"allow":["GET"]}}],"collection":[{"href":"https:\/\/www.autonvaraosahaku.fi\/index.php?rest_route=\/wp\/v2\/product"}],"about":[{"href":"https:\/\/www.autonvaraosahaku.fi\/index.php?rest_route=\/wp\/v2\/types\/product"}],"wp:attachment":[{"href":"https:\/\/www.autonvaraosahaku.fi\/index.php?rest_route=%2Fwp%2Fv2%2Fmedia&parent=7095"}],"wp:term":[{"taxonomy":"pwb-brand","embeddable":true,"href":"https:\/\/www.autonvaraosahaku.fi\/index.php?rest_route=%2Fwp%2Fv2%2Fpwb-brand&post=7095"},{"taxonomy":"product_cat","embeddable":true,"href":"https:\/\/www.autonvaraosahaku.fi\/index.php?rest_route=%2Fwp%2Fv2%2Fproduct_cat&post=7095"},{"taxonomy":"product_tag","embeddable":true,"href":"https:\/\/www.autonvaraosahaku.fi\/index.php?rest_route=%2Fwp%2Fv2%2Fproduct_tag&post=7095"}],"curies":[{"name":"wp","href":"https:\/\/api.w.org\/{rel}","templated":true}]}}