{"id":70981,"date":"2021-02-21T19:11:44","date_gmt":"2021-02-21T19:11:44","guid":{"rendered":"https:\/\/www.autonvaraosahaku.fi\/?product=meyle-300-312-1102-s-pyorannapa"},"modified":"2021-02-21T19:11:46","modified_gmt":"2021-02-21T19:11:46","slug":"meyle-300-312-1102-s-pyorannapa","status":"publish","type":"product","link":"https:\/\/www.autonvaraosahaku.fi\/?product=meyle-300-312-1102-s-pyorannapa","title":{"rendered":"MEYLE 300 312 1102\/S Py\u00f6r\u00e4nnapa"},"content":{"rendered":"<p>Asennuspuoli: etuakseli molemminpuoleinen; Lis\u00e4tarvike\/lis\u00e4tieto: Asennusmateriaalilla; Korvaava tuote\/korvaava tiedote 2: ABS-sensorirenkaalla, integroidulla py\u00f6r\u00e4nlaakerilla; Sis\u00e4l\u00e4pimitta [mm]: 31; Ulkol\u00e4pimitta [mm]: 120; Reik\u00e4ympyr\u00e4-\u00d8 [mm]: 100; Hammasluku, ABS-keh\u00e4: 48; Vanne, aukkoja: 4; Laakerityyppi: Kuulalaakeri; lis\u00e4tieto: ORIGINAL Quality; BMW: 3 E30,3 Cabriolet E30,3 Touring E30,Z1; 31211128157, 31211128569, 31211129576, 31211131297; Py\u00f6r\u00e4n Napa<\/p>\n","protected":false},"excerpt":{"rendered":"<p>MEYLE Py\u00f6r\u00e4nnapa 300 312 1102\/S Py\u00f6r\u00e4n Napa BMW,3 E30,3 Cabriolet E30,3 Touring E30,Z1<\/p>\n","protected":false},"featured_media":0,"template":"","meta":{"site-sidebar-layout":"default","site-content-layout":"default","ast-global-header-display":"","ast-main-header-display":"","ast-hfb-above-header-display":"","ast-hfb-below-header-display":"","ast-hfb-mobile-header-display":"","site-post-title":"","ast-breadcrumbs-content":"","ast-featured-img":"","footer-sml-layout":"","theme-transparent-header-meta":"","adv-header-id-meta":"","stick-header-meta":"","header-above-stick-meta":"","header-main-stick-meta":"","header-below-stick-meta":""},"pwb-brand":[84],"product_cat":[257],"product_tag":[],"class_list":{"0":"post-70981","1":"product","2":"type-product","3":"status-publish","5":"pwb-brand-meyle","6":"product_cat-pyorannapa","7":"desktop-align-left","8":"tablet-align-left","9":"mobile-align-left","11":"first","12":"instock","13":"product-type-external"},"brands":[{"id":84,"name":"MEYLE","slug":"meyle"}],"_links":{"self":[{"href":"https:\/\/www.autonvaraosahaku.fi\/index.php?rest_route=\/wp\/v2\/product\/70981","targetHints":{"allow":["GET"]}}],"collection":[{"href":"https:\/\/www.autonvaraosahaku.fi\/index.php?rest_route=\/wp\/v2\/product"}],"about":[{"href":"https:\/\/www.autonvaraosahaku.fi\/index.php?rest_route=\/wp\/v2\/types\/product"}],"wp:attachment":[{"href":"https:\/\/www.autonvaraosahaku.fi\/index.php?rest_route=%2Fwp%2Fv2%2Fmedia&parent=70981"}],"wp:term":[{"taxonomy":"pwb-brand","embeddable":true,"href":"https:\/\/www.autonvaraosahaku.fi\/index.php?rest_route=%2Fwp%2Fv2%2Fpwb-brand&post=70981"},{"taxonomy":"product_cat","embeddable":true,"href":"https:\/\/www.autonvaraosahaku.fi\/index.php?rest_route=%2Fwp%2Fv2%2Fproduct_cat&post=70981"},{"taxonomy":"product_tag","embeddable":true,"href":"https:\/\/www.autonvaraosahaku.fi\/index.php?rest_route=%2Fwp%2Fv2%2Fproduct_tag&post=70981"}],"curies":[{"name":"wp","href":"https:\/\/api.w.org\/{rel}","templated":true}]}}