{"id":70996,"date":"2021-02-21T19:11:50","date_gmt":"2021-02-21T19:11:50","guid":{"rendered":"https:\/\/www.autonvaraosahaku.fi\/?product=vaico-v10-0362-jaahdyttimen-letku"},"modified":"2021-02-21T19:11:50","modified_gmt":"2021-02-21T19:11:50","slug":"vaico-v10-0362-jaahdyttimen-letku","status":"publish","type":"product","link":"https:\/\/www.autonvaraosahaku.fi\/?product=vaico-v10-0362-jaahdyttimen-letku","title":{"rendered":"VAICO V10-0362 J\u00e4\u00e4hdyttimen letku"},"content":{"rendered":"<p>J\u00e4\u00e4hdytysjohto: Vesipumpusta yhdysputkeen; Paino [kg]: 0,042; Pakkausleveys [cm]: 2,6; Pakkauskorkeus [mm]: 3; Pakkaussyvyys [cm]: 12; lis\u00e4tieto: CST97; Moottorinumero: ABN; EZ; VW: GOLF III 1H1,GOLF II 19E, 1G1,PASSAT Variant 3A5, 35I,GOLF III Variant 1H5,PASSAT 3A2, 35I,CORRADO 53I,SCIROCCO 53B,VENTO 1H2,JETTA II 19E, 1G2, 165; SEAT: TOLEDO I 1L; 068121063M, 068121063M, 68121063M, 068121063M, 68121063M, 068121063M, 68121063M<\/p>\n","protected":false},"excerpt":{"rendered":"<p>VAICO J\u00e4\u00e4hdyttimen Letku V10-0362  VW,SEAT,GOLF III 1H1,GOLF II 19E, 1G1,PASSAT Variant 3A5, 35I,GOLF III Variant 1H5,PASSAT 3A2, 35I,CORRADO 53I<\/p>\n","protected":false},"featured_media":0,"template":"","meta":{"site-sidebar-layout":"default","site-content-layout":"default","ast-global-header-display":"","ast-main-header-display":"","ast-hfb-above-header-display":"","ast-hfb-below-header-display":"","ast-hfb-mobile-header-display":"","site-post-title":"","ast-breadcrumbs-content":"","ast-featured-img":"","footer-sml-layout":"","theme-transparent-header-meta":"","adv-header-id-meta":"","stick-header-meta":"","header-above-stick-meta":"","header-main-stick-meta":"","header-below-stick-meta":""},"pwb-brand":[330],"product_cat":[206],"product_tag":[],"class_list":{"0":"post-70996","1":"product","2":"type-product","3":"status-publish","5":"pwb-brand-vaico","6":"product_cat-jaahdyttimen-letku","7":"desktop-align-left","8":"tablet-align-left","9":"mobile-align-left","11":"first","12":"instock","13":"product-type-external"},"brands":[{"id":330,"name":"VAICO","slug":"vaico"}],"_links":{"self":[{"href":"https:\/\/www.autonvaraosahaku.fi\/index.php?rest_route=\/wp\/v2\/product\/70996","targetHints":{"allow":["GET"]}}],"collection":[{"href":"https:\/\/www.autonvaraosahaku.fi\/index.php?rest_route=\/wp\/v2\/product"}],"about":[{"href":"https:\/\/www.autonvaraosahaku.fi\/index.php?rest_route=\/wp\/v2\/types\/product"}],"wp:attachment":[{"href":"https:\/\/www.autonvaraosahaku.fi\/index.php?rest_route=%2Fwp%2Fv2%2Fmedia&parent=70996"}],"wp:term":[{"taxonomy":"pwb-brand","embeddable":true,"href":"https:\/\/www.autonvaraosahaku.fi\/index.php?rest_route=%2Fwp%2Fv2%2Fpwb-brand&post=70996"},{"taxonomy":"product_cat","embeddable":true,"href":"https:\/\/www.autonvaraosahaku.fi\/index.php?rest_route=%2Fwp%2Fv2%2Fproduct_cat&post=70996"},{"taxonomy":"product_tag","embeddable":true,"href":"https:\/\/www.autonvaraosahaku.fi\/index.php?rest_route=%2Fwp%2Fv2%2Fproduct_tag&post=70996"}],"curies":[{"name":"wp","href":"https:\/\/api.w.org\/{rel}","templated":true}]}}