{"id":71002,"date":"2021-02-21T19:11:50","date_gmt":"2021-02-21T19:11:50","guid":{"rendered":"https:\/\/www.autonvaraosahaku.fi\/?product=trw-gdb1782-jarrupalat"},"modified":"2021-02-21T19:11:52","modified_gmt":"2021-02-21T19:11:52","slug":"trw-gdb1782-jarrupalat","status":"publish","type":"product","link":"https:\/\/www.autonvaraosahaku.fi\/?product=trw-gdb1782-jarrupalat","title":{"rendered":"TRW GDB1782 Jarrupalat"},"content":{"rendered":"<p>Valmistaja rajaus: MANDO; Pituus (mm): 131,5; Korkeus (mm): 59,6; Paksuus [mm]: 19,0; Kulumisenilmaisimen liitos: akustisella kulumavaroittimella; Tarkistuskilpi: E9 90R &#8211; 01107\/2264; M\u00e4\u00e4r\u00e4yksikk\u00f6: Akselisarja; Tuotelinja: COTEC; Asennuspuoli: Vorderachse; CHEVROLET: CAMARO GMX511,MALIBU V300,CAMARO Convertible GMX511; SAAB: 9-5 YS3G; OPEL: INSIGNIA Caravan,INSIGNIA,INSIGNIA Stufenheck,INSIGNIA A Country Tourer G09; BUICK (SGM): REGAL II; VAUXHALL: INSIGNIA Mk I A,INSIGNIA Mk I A Estate,INSIGNIA Mk I A Sedan,INSIGNIA Mk I A Country Tourer G09; 13237753, 13312895, 1605236, 20877794, 20963796, 22959105, 13237750, 13237753, 13312895, 1605236, 1605624, 22959105, 13237753, 20877794, 20963796, 13237750, 1605185, 1605236, 1605624, 22959105, 95514525, 13237750, 13237753, 13312895, 1605624, 13237750, 13237753, 13312895, 1605185, 1605236, 1605624, 22959105, 95514525; Jarrupalasarja,Jarrupala, Levyjarru<\/p>\n","protected":false},"excerpt":{"rendered":"<p>TRW Jarrupalat GDB1782 Jarrupalasarja,Jarrupala, Levyjarru CHEVROLET,SAAB,OPEL,CAMARO GMX511,MALIBU V300,CAMARO Convertible GMX511,9-5 YS3G<\/p>\n","protected":false},"featured_media":0,"template":"","meta":{"site-sidebar-layout":"default","site-content-layout":"default","ast-global-header-display":"","ast-main-header-display":"","ast-hfb-above-header-display":"","ast-hfb-below-header-display":"","ast-hfb-mobile-header-display":"","site-post-title":"","ast-breadcrumbs-content":"","ast-featured-img":"","footer-sml-layout":"","theme-transparent-header-meta":"","adv-header-id-meta":"","stick-header-meta":"","header-above-stick-meta":"","header-main-stick-meta":"","header-below-stick-meta":""},"pwb-brand":[332],"product_cat":[100],"product_tag":[],"class_list":{"0":"post-71002","1":"product","2":"type-product","3":"status-publish","5":"pwb-brand-trw","6":"product_cat-jarrupalat","7":"desktop-align-left","8":"tablet-align-left","9":"mobile-align-left","11":"first","12":"instock","13":"product-type-external"},"brands":[{"id":332,"name":"TRW","slug":"trw"}],"_links":{"self":[{"href":"https:\/\/www.autonvaraosahaku.fi\/index.php?rest_route=\/wp\/v2\/product\/71002","targetHints":{"allow":["GET"]}}],"collection":[{"href":"https:\/\/www.autonvaraosahaku.fi\/index.php?rest_route=\/wp\/v2\/product"}],"about":[{"href":"https:\/\/www.autonvaraosahaku.fi\/index.php?rest_route=\/wp\/v2\/types\/product"}],"wp:attachment":[{"href":"https:\/\/www.autonvaraosahaku.fi\/index.php?rest_route=%2Fwp%2Fv2%2Fmedia&parent=71002"}],"wp:term":[{"taxonomy":"pwb-brand","embeddable":true,"href":"https:\/\/www.autonvaraosahaku.fi\/index.php?rest_route=%2Fwp%2Fv2%2Fpwb-brand&post=71002"},{"taxonomy":"product_cat","embeddable":true,"href":"https:\/\/www.autonvaraosahaku.fi\/index.php?rest_route=%2Fwp%2Fv2%2Fproduct_cat&post=71002"},{"taxonomy":"product_tag","embeddable":true,"href":"https:\/\/www.autonvaraosahaku.fi\/index.php?rest_route=%2Fwp%2Fv2%2Fproduct_tag&post=71002"}],"curies":[{"name":"wp","href":"https:\/\/api.w.org\/{rel}","templated":true}]}}