{"id":71014,"date":"2021-02-21T19:11:55","date_gmt":"2021-02-21T19:11:55","guid":{"rendered":"https:\/\/www.autonvaraosahaku.fi\/?product=vegaz-dg-117-pakoputken-asennussarja"},"modified":"2021-02-21T19:11:55","modified_gmt":"2021-02-21T19:11:55","slug":"vegaz-dg-117-pakoputken-asennussarja","status":"publish","type":"product","link":"https:\/\/www.autonvaraosahaku.fi\/?product=vegaz-dg-117-pakoputken-asennussarja","title":{"rendered":"VEGAZ DG-117 Pakoputken asennussarja"},"content":{"rendered":"<p>Materiaali: EPDM (eteenipropeeni-dieeni-kumi); L\u00e4pimitta [mm]: 12; Akseliv\u00e4li (mm): 40,1; Katalysaattorimalli: f\u00fcr Fahrzeuge mit Katalysator; MAZDA: 121 III JASM, JBSM; DAEWOO: NUBIRA Wagon KLAJ,NUBIRA Stufenheck KLAJ,NUBIRA KLAJ; NISSAN: MICRA II K11,PRIMERA P11,PRIMERA Traveller WP11,PRIMERA Hatchback P11,ALMERA I Hatchback N15,PICK UP D22,MICRA I K10,ALMERA I N15,PICK UP D21,SERENA C23M,PRIMERA P10,SUNNY III N14,PULSAR V Schr\u00e4gheck N14,SUNNY III Liftback N14,PRIMERA Hatchback P10,PRIMERA Traveller W10,BLUEBIRD T72 , T12,SUNNY III Traveller Y10,VANETTE CARGO Kasten HC 23,BLUEBIRD Hatchback T72, T12,VANETTE CARGO Bus HC 23; FORD: FIESTA IV JA_, JB_,PUMA EC_,ESCORT VII GAL, AAL, ABL,ESCORT VII Kombi GAL, ANL,ESCORT VII Cabriolet ALL,ESCORT VII Stufenheck GAL, AFL,FIESTA Kasten JV_,ESCORT CLASSIC AAL, ABL,ESCORT CLASSIC Turnier ANL; 2065001B00, 2065001B01, 206500M000, 206502F001, 206502J100, 2065050A10, 2065050Y00, 2065052L00, 2065090J00, 2065090J01, 206509C001, 20650D0101, 20650D0102, 206512F003<\/p>\n","protected":false},"excerpt":{"rendered":"<p>VEGAZ Pidike, Pakoputkisto DG-117  MAZDA,DAEWOO,NISSAN,121 III JASM, JBSM,NUBIRA Wagon KLAJ,NUBIRA Stufenheck KLAJ,NUBIRA KLAJ,MICRA II K11<\/p>\n","protected":false},"featured_media":0,"template":"","meta":{"site-sidebar-layout":"default","site-content-layout":"default","ast-global-header-display":"","ast-main-header-display":"","ast-hfb-above-header-display":"","ast-hfb-below-header-display":"","ast-hfb-mobile-header-display":"","site-post-title":"","ast-breadcrumbs-content":"","ast-featured-img":"","footer-sml-layout":"","theme-transparent-header-meta":"","adv-header-id-meta":"","stick-header-meta":"","header-above-stick-meta":"","header-main-stick-meta":"","header-below-stick-meta":""},"pwb-brand":[306],"product_cat":[101],"product_tag":[],"class_list":{"0":"post-71014","1":"product","2":"type-product","3":"status-publish","5":"pwb-brand-vegaz","6":"product_cat-pakoputken-asennussarja","7":"desktop-align-left","8":"tablet-align-left","9":"mobile-align-left","11":"first","12":"instock","13":"product-type-external"},"brands":[{"id":306,"name":"VEGAZ","slug":"vegaz"}],"_links":{"self":[{"href":"https:\/\/www.autonvaraosahaku.fi\/index.php?rest_route=\/wp\/v2\/product\/71014","targetHints":{"allow":["GET"]}}],"collection":[{"href":"https:\/\/www.autonvaraosahaku.fi\/index.php?rest_route=\/wp\/v2\/product"}],"about":[{"href":"https:\/\/www.autonvaraosahaku.fi\/index.php?rest_route=\/wp\/v2\/types\/product"}],"wp:attachment":[{"href":"https:\/\/www.autonvaraosahaku.fi\/index.php?rest_route=%2Fwp%2Fv2%2Fmedia&parent=71014"}],"wp:term":[{"taxonomy":"pwb-brand","embeddable":true,"href":"https:\/\/www.autonvaraosahaku.fi\/index.php?rest_route=%2Fwp%2Fv2%2Fpwb-brand&post=71014"},{"taxonomy":"product_cat","embeddable":true,"href":"https:\/\/www.autonvaraosahaku.fi\/index.php?rest_route=%2Fwp%2Fv2%2Fproduct_cat&post=71014"},{"taxonomy":"product_tag","embeddable":true,"href":"https:\/\/www.autonvaraosahaku.fi\/index.php?rest_route=%2Fwp%2Fv2%2Fproduct_tag&post=71014"}],"curies":[{"name":"wp","href":"https:\/\/api.w.org\/{rel}","templated":true}]}}