{"id":71065,"date":"2021-02-21T19:12:05","date_gmt":"2021-02-21T19:12:05","guid":{"rendered":"https:\/\/www.autonvaraosahaku.fi\/?product=febi-bilstein-11783-hydraulinen-venttiilinnostin"},"modified":"2021-02-21T19:12:08","modified_gmt":"2021-02-21T19:12:08","slug":"febi-bilstein-11783-hydraulinen-venttiilinnostin","status":"publish","type":"product","link":"https:\/\/www.autonvaraosahaku.fi\/?product=febi-bilstein-11783-hydraulinen-venttiilinnostin","title":{"rendered":"FEBI BILSTEIN 11783 Hydraulinen venttiilinnostin"},"content":{"rendered":"<p>Paksuus [mm]: 36,0; Ulkol\u00e4pimitta [mm]: 12,0; K\u00e4ytt\u00f6: Hydraulinen; Paino [kg]: 0,018; Huomioi huolto-ohjeet: , ; Tarvittava kappalem\u00e4\u00e4r\u00e4: 16; VW: GOLF IV 1J1,GOLF V 1K1,PASSAT Variant 3B6,TRANSPORTER IV Bus 70XB, 70XC, 7DB, 7DW,GOLF IV Variant 1J5,SHARAN 7M8, 7M9, 7M6,TRANSPORTER V Bus 7HB, 7HJ, 7EB, 7EJ, 7EF,TOUAREG 7LA, 7L6, 7L7,MULTIVAN V 7HM, 7HN, 7HF, 7EF, 7EM, 7EN,BORA 1J2,TRANSPORTER IV Kasten 70XA,TRANSPORTER V Kasten 7HA, 7HH, 7EA, 7EH,NEW BEETLE 9C1, 1C1,PASSAT 3B3,PHAETON 3D_,BORA Kombi 1J6,TRANSPORTER IV Pritsche\/Fahrgestell 70XD,TRANSPORTER V Pritsche\/Fahrgestell 7JD, 7JE, 7JL, 7JY, 7JZ,; AUDI: A3 8P1,A3 Sportback 8PA,A5 8T3,TT 8N3,TT 8J3,A8 4D2, 4D8,TT Roadster 8N9,TT Roadster 8J9; SKODA: SUPERB Kombi 3T5,CITIGO,SUPERB 3T4; SEAT: LEON 1M1,ALHAMBRA 7V8, 7V9,TOLEDO II 1M2; MERCEDES-BENZ: A-CLASS W168,VANEO 414; FORD: GALAXY WGR; SMART: CITY-COUPE 450,CABRIO 450,FORTWO Coupe 450,FORTWO Cabrio 450; 022109423, 022109423B, 022109423C, 22109423, 22109423B, 22109423C, 1118064, YM216500AA, 6680500080, 6680500180, A6680500080, A6680500180, 022109423, 022109423B, 022109423C, 22109423, 22109423B, 22109423C, 022109423, 022109423B, 022109423C, 22109423, 22109423B, 22109423C, 0004572V001, 0004572V00100000, 4572V001, 4572V001000000, 6680500180, A0004572V001, A0004572V00100000, A4572V001, A4572V001000000, A6680500180, 022109423, 022109423B, 022109423C, 22109423, 22109423B, 22109423C; Venttiilinnostin<\/p>\n","protected":false},"excerpt":{"rendered":"<p>FEBI BILSTEIN Hydraulinen Venttiilinnostin 11783 Venttiilinnostin VW,AUDI,SKODA,GOLF IV 1J1,GOLF V 1K1,PASSAT Variant 3B6<\/p>\n","protected":false},"featured_media":0,"template":"","meta":{"site-sidebar-layout":"default","site-content-layout":"default","ast-global-header-display":"","ast-main-header-display":"","ast-hfb-above-header-display":"","ast-hfb-below-header-display":"","ast-hfb-mobile-header-display":"","site-post-title":"","ast-breadcrumbs-content":"","ast-featured-img":"","footer-sml-layout":"","theme-transparent-header-meta":"","adv-header-id-meta":"","stick-header-meta":"","header-above-stick-meta":"","header-main-stick-meta":"","header-below-stick-meta":""},"pwb-brand":[50],"product_cat":[126],"product_tag":[],"class_list":{"0":"post-71065","1":"product","2":"type-product","3":"status-publish","5":"pwb-brand-febi-bilstein","6":"product_cat-hydraulinen-venttiilinnostin","7":"desktop-align-left","8":"tablet-align-left","9":"mobile-align-left","11":"first","12":"instock","13":"product-type-external"},"brands":[{"id":50,"name":"FEBI BILSTEIN","slug":"febi-bilstein"}],"_links":{"self":[{"href":"https:\/\/www.autonvaraosahaku.fi\/index.php?rest_route=\/wp\/v2\/product\/71065","targetHints":{"allow":["GET"]}}],"collection":[{"href":"https:\/\/www.autonvaraosahaku.fi\/index.php?rest_route=\/wp\/v2\/product"}],"about":[{"href":"https:\/\/www.autonvaraosahaku.fi\/index.php?rest_route=\/wp\/v2\/types\/product"}],"wp:attachment":[{"href":"https:\/\/www.autonvaraosahaku.fi\/index.php?rest_route=%2Fwp%2Fv2%2Fmedia&parent=71065"}],"wp:term":[{"taxonomy":"pwb-brand","embeddable":true,"href":"https:\/\/www.autonvaraosahaku.fi\/index.php?rest_route=%2Fwp%2Fv2%2Fpwb-brand&post=71065"},{"taxonomy":"product_cat","embeddable":true,"href":"https:\/\/www.autonvaraosahaku.fi\/index.php?rest_route=%2Fwp%2Fv2%2Fproduct_cat&post=71065"},{"taxonomy":"product_tag","embeddable":true,"href":"https:\/\/www.autonvaraosahaku.fi\/index.php?rest_route=%2Fwp%2Fv2%2Fproduct_tag&post=71065"}],"curies":[{"name":"wp","href":"https:\/\/api.w.org\/{rel}","templated":true}]}}