{"id":7109,"date":"2021-02-21T13:59:15","date_gmt":"2021-02-21T13:59:15","guid":{"rendered":"https:\/\/www.autonvaraosahaku.fi\/?product=febi-bilstein-100539-muut-luokat"},"modified":"2021-02-21T13:59:16","modified_gmt":"2021-02-21T13:59:16","slug":"febi-bilstein-100539-muut-luokat","status":"publish","type":"product","link":"https:\/\/www.autonvaraosahaku.fi\/?product=febi-bilstein-100539-muut-luokat","title":{"rendered":"FEBI BILSTEIN 100539 Muut luokat"},"content":{"rendered":"<p>Paksuus [mm]: 10,5, 18,2; V\u00e4ri: Valkoinen; Materiaali: Muovi; Ulkol\u00e4pimitta 1 [mm]: 13; Ulkol\u00e4pimitta 2 [mm]: 18; Paino [kg]: 0,01, 0,01; AUDI: A4 Avant 8ED, B7,A4 Avant 8E5, B6,A4 8E2, B6,A4 8EC, B7; RENAULT: CLIO III BR0\/1, CR0\/1,SC\u00c9NIC II JM0\/1_,TWINGO II CN0_,MEGANE III Grandtour KZ0\/1,ESPACE IV JK0\/1_,MODUS \/ GRAND MODUS F\/JP0_,MEGANE II Kombi KM0\/1_,MEGANE II Coup\u00e9-Cabriolet EM0\/1_,SC\u00c9NIC III JZ0\/1_,MEGANE III Schr\u00e4gheck BZ0_,MEGANE II BM0\/1_, CM0\/1_,GRAND SC\u00c9NIC III JZ0\/1_,MEGANE III Coupe DZ0\/1_,KANGOO \/ GRAND KANGOO KW0\/1_,CLIO Grandtour KR0\/1_,GRAND SC\u00c9NIC II JM0\/1_,MASTER III Kasten FV,KANGOO Express FW0\/1_,MEGANE II Stufenheck LM0\/1_,MASTER III Bus JV,MASTER III Pritsche\/Fahrgestell EV, HV, UV,CLIO III Kasten SB_, SR_,LOGAN I LS_,MEGANE II Kasten\/Kombi KM_,MEGANE II Hatchback Van KM0\/2_; PEUGEOT: 206 Schr\u00e4gheck 2A\/C,206 CC 2D,207 WA_, WC_,307 SW 3H,307 CC 3B,407 SW 6E_,307 3A\/C,207 SW WK_,308 SW,206 SW 2E\/K,208,807 E,106 II 1,206+ T3E,308 4A_, 4C_,BOXER Kasten,307 Break 3E,306 Schr\u00e4gheck 7A, 7C, N3, N5,607 9D, 9U,407 6D_,406 Break 8E\/F,PARTNER Tepee,308 CC,1007 KM_,PARTNER Combispace 5F,PARTNER Kasten 5,406 Coupe 8C,406 8B,806 221,BOXER Kasten 230L,BOXER Kasten 244,306 7B, N3, N5,307 Stufenheck,PARTNER Kasten,BOXER Bus,207 Stufenheck,206 Stufenheck,308 II,BOXER Bus 230P,BOXER Bus 244, Z_,BOXER Pritsche\/Fahrgestell ZCT_,206 Van,106 Van 1_,BOXER Pritsche\/Fahrgestell 244,308 SW II,207 Van,5008 II,PARTNER Pritsche\/Fahrgestell,306 Kasten\/Schr\u00e4gheck; SEAT: EXEO ST 3R5,EXEO 3R2; CITRO\u00cbN: BERLINGO MF,XSARA PICASSO N68,C2 JM_,C3 I FC_,BERLINGO B9,C4 Picasso I UD_,C8 EA_, EB_,C4 I LC_,SAXO S0, S1,BERLINGO Kasten M_,C5 II Break RE_,C3 Picasso,C5 I DC_,C5 I Break DE_,C3 II,XSARA N1,C4 Coupe LA_,C3 Pluriel HB_,C5 II RC_,JUMPY,BERLINGO Kasten B9,JUMPER Kasten 244,C6 TD_,JUMPY Kasten,XANTIA X2,XSARA Coupe N0,XANTIA X1,EVASION 22, U6,C4 Stufenheck L,XANTIA Break X2,JUMPY U6U,JUMPY Kasten BS_, BT_, BY_, BZ_,JUMPER Kasten 230L,JUMPER Bus 244, Z_,XANTIA Break X1,JUMPER Bus 230P,C2 ENTERPRISE,JUMPER Pritsche\/Fahrgestell 244,JUMPER Pritsche\/Fahrgestell 230,BERLINGO Pritsche\/Fahrgestell B9,JUMPY Pritsche\/Fahrgestell BU_, BV_, BW_, BX_,C3 III SX,C3 AIRCROSS II,JUMPY Pritsche\/Fahrgestell,SAXO Hatchback van S3_,XSARA Kasten\/Schr\u00e4gheck,C3 AIRCROSS; VOLVO: V70 II SW,V50 MW,V70 I LV,V70 III BW,C30,S80 I TS, XY,S40 II MS,S40 I VS,S80 II AS,V90 Kombi,S90,V90 II,S90 II; DACIA: LODGY,LOGAN LS_; 8E9867299, 6991S6, 7701056846, 6991S6, 6991S6, 7701056846, 8E9867299, 8E9867299, 30648141, 8E9867299<\/p>\n","protected":false},"excerpt":{"rendered":"<p>FEBI BILSTEIN Kiinnike febi Plus 100539  AUDI,RENAULT,PEUGEOT,A4 Avant 8ED, B7,A4 Avant 8E5, B6,A4 8E2, B6,A4 8EC, B7,CLIO III BR0\/1, CR0\/1<\/p>\n","protected":false},"featured_media":0,"template":"","meta":{"site-sidebar-layout":"default","site-content-layout":"default","ast-global-header-display":"","ast-main-header-display":"","ast-hfb-above-header-display":"","ast-hfb-below-header-display":"","ast-hfb-mobile-header-display":"","site-post-title":"","ast-breadcrumbs-content":"","ast-featured-img":"","footer-sml-layout":"","theme-transparent-header-meta":"","adv-header-id-meta":"","stick-header-meta":"","header-above-stick-meta":"","header-main-stick-meta":"","header-below-stick-meta":""},"pwb-brand":[50],"product_cat":[37],"product_tag":[],"class_list":{"0":"post-7109","1":"product","2":"type-product","3":"status-publish","5":"pwb-brand-febi-bilstein","6":"product_cat-muut-luokat","7":"desktop-align-left","8":"tablet-align-left","9":"mobile-align-left","11":"first","12":"instock","13":"product-type-external"},"brands":[{"id":50,"name":"FEBI BILSTEIN","slug":"febi-bilstein"}],"_links":{"self":[{"href":"https:\/\/www.autonvaraosahaku.fi\/index.php?rest_route=\/wp\/v2\/product\/7109","targetHints":{"allow":["GET"]}}],"collection":[{"href":"https:\/\/www.autonvaraosahaku.fi\/index.php?rest_route=\/wp\/v2\/product"}],"about":[{"href":"https:\/\/www.autonvaraosahaku.fi\/index.php?rest_route=\/wp\/v2\/types\/product"}],"wp:attachment":[{"href":"https:\/\/www.autonvaraosahaku.fi\/index.php?rest_route=%2Fwp%2Fv2%2Fmedia&parent=7109"}],"wp:term":[{"taxonomy":"pwb-brand","embeddable":true,"href":"https:\/\/www.autonvaraosahaku.fi\/index.php?rest_route=%2Fwp%2Fv2%2Fpwb-brand&post=7109"},{"taxonomy":"product_cat","embeddable":true,"href":"https:\/\/www.autonvaraosahaku.fi\/index.php?rest_route=%2Fwp%2Fv2%2Fproduct_cat&post=7109"},{"taxonomy":"product_tag","embeddable":true,"href":"https:\/\/www.autonvaraosahaku.fi\/index.php?rest_route=%2Fwp%2Fv2%2Fproduct_tag&post=7109"}],"curies":[{"name":"wp","href":"https:\/\/api.w.org\/{rel}","templated":true}]}}