{"id":71106,"date":"2021-02-21T19:12:16","date_gmt":"2021-02-21T19:12:16","guid":{"rendered":"https:\/\/www.autonvaraosahaku.fi\/?product=contitech-6pk1019-elast-t2-moniurahihna"},"modified":"2021-02-21T19:12:19","modified_gmt":"2021-02-21T19:12:19","slug":"contitech-6pk1019-elast-t2-moniurahihna","status":"publish","type":"product","link":"https:\/\/www.autonvaraosahaku.fi\/?product=contitech-6pk1019-elast-t2-moniurahihna","title":{"rendered":"CONTITECH 6PK1019 ELAST T2 Moniurahihna"},"content":{"rendered":"<p>Pakkauspituus [cm]: 26,5; Pakkausleveys [cm]: 16,5; Pakkauskorkeus [mm]: 7; Hihnojen m\u00e4\u00e4r\u00e4: 1; sis\u00e4lt\u00e4\u00e4 useampia tuotteita OE-sarjana (tuote-nro.): 1830909; Apulaitteet: angetr. Agg.: Generator; MAZDA: 2 DY; FORD: FIESTA VI,FOCUS III Turnier,FOCUS III,C-MAX II,FIESTA Stufenheck JA8 JR8,GRAND C-MAX,B-MAX JK,FOCUS III Stufenheck,FIESTA VI Van,B-MAX Van; 1557104, 1830909, 8V2Q6D314AA, 8V2Q6D314AB<\/p>\n","protected":false},"excerpt":{"rendered":"<p>CONTITECH Moniurahihnasarja 6PK1019 ELAST T2  MAZDA,FORD,2 DY,FIESTA VI,FOCUS III Turnier,FOCUS III,C-MAX II,FIESTA Stufenheck JA8 JR8,GRAND C-MAX<\/p>\n","protected":false},"featured_media":0,"template":"","meta":{"site-sidebar-layout":"default","site-content-layout":"default","ast-global-header-display":"","ast-main-header-display":"","ast-hfb-above-header-display":"","ast-hfb-below-header-display":"","ast-hfb-mobile-header-display":"","site-post-title":"","ast-breadcrumbs-content":"","ast-featured-img":"","footer-sml-layout":"","theme-transparent-header-meta":"","adv-header-id-meta":"","stick-header-meta":"","header-above-stick-meta":"","header-main-stick-meta":"","header-below-stick-meta":""},"pwb-brand":[187],"product_cat":[23],"product_tag":[],"class_list":{"0":"post-71106","1":"product","2":"type-product","3":"status-publish","5":"pwb-brand-contitech","6":"product_cat-moniurahihna","7":"desktop-align-left","8":"tablet-align-left","9":"mobile-align-left","11":"first","12":"instock","13":"product-type-external"},"brands":[{"id":187,"name":"CONTITECH","slug":"contitech"}],"_links":{"self":[{"href":"https:\/\/www.autonvaraosahaku.fi\/index.php?rest_route=\/wp\/v2\/product\/71106","targetHints":{"allow":["GET"]}}],"collection":[{"href":"https:\/\/www.autonvaraosahaku.fi\/index.php?rest_route=\/wp\/v2\/product"}],"about":[{"href":"https:\/\/www.autonvaraosahaku.fi\/index.php?rest_route=\/wp\/v2\/types\/product"}],"wp:attachment":[{"href":"https:\/\/www.autonvaraosahaku.fi\/index.php?rest_route=%2Fwp%2Fv2%2Fmedia&parent=71106"}],"wp:term":[{"taxonomy":"pwb-brand","embeddable":true,"href":"https:\/\/www.autonvaraosahaku.fi\/index.php?rest_route=%2Fwp%2Fv2%2Fpwb-brand&post=71106"},{"taxonomy":"product_cat","embeddable":true,"href":"https:\/\/www.autonvaraosahaku.fi\/index.php?rest_route=%2Fwp%2Fv2%2Fproduct_cat&post=71106"},{"taxonomy":"product_tag","embeddable":true,"href":"https:\/\/www.autonvaraosahaku.fi\/index.php?rest_route=%2Fwp%2Fv2%2Fproduct_tag&post=71106"}],"curies":[{"name":"wp","href":"https:\/\/api.w.org\/{rel}","templated":true}]}}