{"id":71124,"date":"2021-02-21T19:12:22","date_gmt":"2021-02-21T19:12:22","guid":{"rendered":"https:\/\/www.autonvaraosahaku.fi\/?product=metelli-05-0150-jarrupaasylinteri"},"modified":"2021-02-21T19:12:25","modified_gmt":"2021-02-21T19:12:25","slug":"metelli-05-0150-jarrupaasylinteri","status":"publish","type":"product","link":"https:\/\/www.autonvaraosahaku.fi\/?product=metelli-05-0150-jarrupaasylinteri","title":{"rendered":"METELLI 05-0150 Jarrup\u00e4\u00e4sylinteri"},"content":{"rendered":"<p>Materiaali: Valurauta; L\u00e4pimitta 1\/l\u00e4pimitta 2 [mm]: 19,05; Valmistusvuosi alkaen: 03\/1992; FIAT: SEICENTO 187,CINQUECENTO 170,SEICENTO Van 187; 71740005, 7651142, 7692964<\/p>\n","protected":false},"excerpt":{"rendered":"<p>METELLI Jarrup\u00e4\u00e4sylinteri 05-0150  FIAT,SEICENTO 187,CINQUECENTO 170,SEICENTO Van 187<\/p>\n","protected":false},"featured_media":0,"template":"","meta":{"site-sidebar-layout":"default","site-content-layout":"default","ast-global-header-display":"","ast-main-header-display":"","ast-hfb-above-header-display":"","ast-hfb-below-header-display":"","ast-hfb-mobile-header-display":"","site-post-title":"","ast-breadcrumbs-content":"","ast-featured-img":"","footer-sml-layout":"","theme-transparent-header-meta":"","adv-header-id-meta":"","stick-header-meta":"","header-above-stick-meta":"","header-main-stick-meta":"","header-below-stick-meta":""},"pwb-brand":[251],"product_cat":[276],"product_tag":[],"class_list":{"0":"post-71124","1":"product","2":"type-product","3":"status-publish","5":"pwb-brand-metelli","6":"product_cat-jarrupaasylinteri","7":"desktop-align-left","8":"tablet-align-left","9":"mobile-align-left","11":"first","12":"instock","13":"product-type-external"},"brands":[{"id":251,"name":"METELLI","slug":"metelli"}],"_links":{"self":[{"href":"https:\/\/www.autonvaraosahaku.fi\/index.php?rest_route=\/wp\/v2\/product\/71124","targetHints":{"allow":["GET"]}}],"collection":[{"href":"https:\/\/www.autonvaraosahaku.fi\/index.php?rest_route=\/wp\/v2\/product"}],"about":[{"href":"https:\/\/www.autonvaraosahaku.fi\/index.php?rest_route=\/wp\/v2\/types\/product"}],"wp:attachment":[{"href":"https:\/\/www.autonvaraosahaku.fi\/index.php?rest_route=%2Fwp%2Fv2%2Fmedia&parent=71124"}],"wp:term":[{"taxonomy":"pwb-brand","embeddable":true,"href":"https:\/\/www.autonvaraosahaku.fi\/index.php?rest_route=%2Fwp%2Fv2%2Fpwb-brand&post=71124"},{"taxonomy":"product_cat","embeddable":true,"href":"https:\/\/www.autonvaraosahaku.fi\/index.php?rest_route=%2Fwp%2Fv2%2Fproduct_cat&post=71124"},{"taxonomy":"product_tag","embeddable":true,"href":"https:\/\/www.autonvaraosahaku.fi\/index.php?rest_route=%2Fwp%2Fv2%2Fproduct_tag&post=71124"}],"curies":[{"name":"wp","href":"https:\/\/api.w.org\/{rel}","templated":true}]}}