{"id":71131,"date":"2021-02-21T19:12:22","date_gmt":"2021-02-21T19:12:22","guid":{"rendered":"https:\/\/www.autonvaraosahaku.fi\/?product=reinz-40-76246-00-imusarjan-tiivisteet"},"modified":"2021-02-21T19:12:26","modified_gmt":"2021-02-21T19:12:26","slug":"reinz-40-76246-00-imusarjan-tiivisteet","status":"publish","type":"product","link":"https:\/\/www.autonvaraosahaku.fi\/?product=reinz-40-76246-00-imusarjan-tiivisteet","title":{"rendered":"REINZ 40-76246-00 Imusarjan tiivisteet"},"content":{"rendered":"<p>Materiaali: FPM (fluori-kumi); Sis\u00e4l\u00e4pimitta [mm]: 33,5; Ulkol\u00e4pimitta [mm]: 45,5; M\u00e4\u00e4r\u00e4: 4; Tarvittava kappalem\u00e4\u00e4r\u00e4: 4; FORD: FIESTA V JH_, JD_,FIESTA VI,FUSION JU_,FIESTA V Van,FIESTA VI Van; PEUGEOT: 206 Schr\u00e4gheck 2A\/C,207 WA_, WC_,307 3A\/C,107,206 SW 2E\/K,206+ T3E,307 Break 3E,1007 KM_,206 Stufenheck,BIPPER AA_,BIPPER Tepee,206 Van,207 Van; TOYOTA: AYGO WNB1_, KGB1_; CITRO\u00cbN: C1 PM_, PN_,C2 JM_,C3 I FC_,C3 II,XSARA N1,C3 Pluriel HB_,XSARA Break N2,XSARA Coupe N0,NEMO Kasten AA_,NEMO Kombi,C2 ENTERPRISE; MAZDA: 2 DY,2 DE; SUZUKI: LIANA Schr\u00e4gheck,LIANA ER; 0348R2, 0348T8, 1148106, Y40113113, 0348R2, 0348T8, SU00100825; Tiiviste, Imusarja<\/p>\n","protected":false},"excerpt":{"rendered":"<p>REINZ Imusarjan Tiivisteet 40-76246-00 Tiiviste, Imusarja FORD,PEUGEOT,TOYOTA,FIESTA V JH_, JD_,FIESTA VI,FUSION JU_,FIESTA V Van,FIESTA VI Van<\/p>\n","protected":false},"featured_media":0,"template":"","meta":{"site-sidebar-layout":"default","site-content-layout":"default","ast-global-header-display":"","ast-main-header-display":"","ast-hfb-above-header-display":"","ast-hfb-below-header-display":"","ast-hfb-mobile-header-display":"","site-post-title":"","ast-breadcrumbs-content":"","ast-featured-img":"","footer-sml-layout":"","theme-transparent-header-meta":"","adv-header-id-meta":"","stick-header-meta":"","header-above-stick-meta":"","header-main-stick-meta":"","header-below-stick-meta":""},"pwb-brand":[138],"product_cat":[43],"product_tag":[],"class_list":{"0":"post-71131","1":"product","2":"type-product","3":"status-publish","5":"pwb-brand-reinz","6":"product_cat-imusarjan-tiivisteet","7":"desktop-align-left","8":"tablet-align-left","9":"mobile-align-left","11":"first","12":"instock","13":"product-type-external"},"brands":[{"id":138,"name":"REINZ","slug":"reinz"}],"_links":{"self":[{"href":"https:\/\/www.autonvaraosahaku.fi\/index.php?rest_route=\/wp\/v2\/product\/71131","targetHints":{"allow":["GET"]}}],"collection":[{"href":"https:\/\/www.autonvaraosahaku.fi\/index.php?rest_route=\/wp\/v2\/product"}],"about":[{"href":"https:\/\/www.autonvaraosahaku.fi\/index.php?rest_route=\/wp\/v2\/types\/product"}],"wp:attachment":[{"href":"https:\/\/www.autonvaraosahaku.fi\/index.php?rest_route=%2Fwp%2Fv2%2Fmedia&parent=71131"}],"wp:term":[{"taxonomy":"pwb-brand","embeddable":true,"href":"https:\/\/www.autonvaraosahaku.fi\/index.php?rest_route=%2Fwp%2Fv2%2Fpwb-brand&post=71131"},{"taxonomy":"product_cat","embeddable":true,"href":"https:\/\/www.autonvaraosahaku.fi\/index.php?rest_route=%2Fwp%2Fv2%2Fproduct_cat&post=71131"},{"taxonomy":"product_tag","embeddable":true,"href":"https:\/\/www.autonvaraosahaku.fi\/index.php?rest_route=%2Fwp%2Fv2%2Fproduct_tag&post=71131"}],"curies":[{"name":"wp","href":"https:\/\/api.w.org\/{rel}","templated":true}]}}