{"id":71141,"date":"2021-02-21T19:12:27","date_gmt":"2021-02-21T19:12:27","guid":{"rendered":"https:\/\/www.autonvaraosahaku.fi\/?product=topran-200-512-tiivisteet"},"modified":"2021-02-21T19:12:29","modified_gmt":"2021-02-21T19:12:29","slug":"topran-200-512-tiivisteet","status":"publish","type":"product","link":"https:\/\/www.autonvaraosahaku.fi\/?product=topran-200-512-tiivisteet","title":{"rendered":"TOPRAN 200 512 Tiivisteet"},"content":{"rendered":"<p>Materiaali: Paperi; Vaihteistomalli: Schaltgetriebe; OPEL: CORSA D,CORSA C F08, F68,ASTRA H Caravan L35,ASTRA G CC F48_, F08_,ASTRA H L48,ASTRA G Caravan F35_,CORSA B 73_, 78_, 79_,ASTRA H GTC L08,AGILA A H00,VECTRA B 36_,ASTRA F CC 53_, 54_, 58_, 59_,TIGRA TwinTop,VECTRA B Caravan 31_,ASTRA H TwinTop L67,ASTRA G Cabriolet F67,ASTRA F Caravan 51_, 52_,ASTRA G Coupe F07_,COMBO Kasten\/Kombi,ASTRA G Stufenheck F69_,VECTRA B CC 38_,COMBO Tour,VECTRA A 86_, 87_,ASTRA F Cabriolet 53_B,ASTRA F 56_, 57_,KADETT E CC 33_, 34_, 43_, 44_,CORSA D Van,TIGRA 95_,CORSA A CC 93_, 94_, 98_, 99_,ASTRA H Stufenheck L69,VECTRA A CC 88_, 89_,COMBO 71_,KADETT E Cabriolet 43B_,ASTRA H Kasten L70,ASCONA C 81_, 86_, 87_, 88_,CORSA A TR 91_, 92_, 96_, 97_,KADETT E 39_, 49_,ASCONA C CC 84_, 89_,ASTRA G Kasten F70,KADETT E Caravan 35_, 36_, 45_, 46_,CORSA B Kombi F35,ASTRA F Van 55_,CORSA A Kasten,KADETT E Kasten 37_, 47_,KADETT E Combo 38_, 48_; VAUXHALL: CORSA Mk III D L_8,ASTRA Mk V H CC,CORSA Mk II C W5L, F08,ASTRA Mk V H Estate,ASTRA Mk V H Convertible,ASTRA Mk IV G CC,ASTRA Mk III F CC,CORSA Mk I B,ASTRA Mk IV G Sedan,ASTRA Mk II CC,CORSAVAN Mk III D,TIGRA Convertible,AGILA Mk I A,VECTRA B CC,CAVALIER Mk III 87,VECTRA B Estate,VECTRA B,ASTRA Mk III F Estate,ASTRAVAN Mk V H,ASTRAVAN Mk IV G,ASTRA Mk IV G Coupe F67,CAVALIER Mk III CC,COMBO Mk I B,TIGRA Mk I F07,COMBO Mk II C Kasten\/Kombi F25,ASTRAVAN Mk III F,ASTRA Mk IV G Convertible,ASTRA Mk IV G Estate,CAVALIER Mk II CC,NOVA,NOVA CC; 0370035, 370035, 90345226<\/p>\n","protected":false},"excerpt":{"rendered":"<p>TOPRAN Tiiviste, Tasauspy\u00f6r\u00e4st\u00f6 200 512  OPEL,VAUXHALL,CORSA D,CORSA C F08, F68,ASTRA H Caravan L35,ASTRA G CC F48_, F08_,ASTRA H L48<\/p>\n","protected":false},"featured_media":0,"template":"","meta":{"site-sidebar-layout":"default","site-content-layout":"default","ast-global-header-display":"","ast-main-header-display":"","ast-hfb-above-header-display":"","ast-hfb-below-header-display":"","ast-hfb-mobile-header-display":"","site-post-title":"","ast-breadcrumbs-content":"","ast-featured-img":"","footer-sml-layout":"","theme-transparent-header-meta":"","adv-header-id-meta":"","stick-header-meta":"","header-above-stick-meta":"","header-main-stick-meta":"","header-below-stick-meta":""},"pwb-brand":[18],"product_cat":[27],"product_tag":[],"class_list":{"0":"post-71141","1":"product","2":"type-product","3":"status-publish","5":"pwb-brand-topran","6":"product_cat-tiivisteet","7":"desktop-align-left","8":"tablet-align-left","9":"mobile-align-left","11":"first","12":"instock","13":"product-type-external"},"brands":[{"id":18,"name":"TOPRAN","slug":"topran"}],"_links":{"self":[{"href":"https:\/\/www.autonvaraosahaku.fi\/index.php?rest_route=\/wp\/v2\/product\/71141","targetHints":{"allow":["GET"]}}],"collection":[{"href":"https:\/\/www.autonvaraosahaku.fi\/index.php?rest_route=\/wp\/v2\/product"}],"about":[{"href":"https:\/\/www.autonvaraosahaku.fi\/index.php?rest_route=\/wp\/v2\/types\/product"}],"wp:attachment":[{"href":"https:\/\/www.autonvaraosahaku.fi\/index.php?rest_route=%2Fwp%2Fv2%2Fmedia&parent=71141"}],"wp:term":[{"taxonomy":"pwb-brand","embeddable":true,"href":"https:\/\/www.autonvaraosahaku.fi\/index.php?rest_route=%2Fwp%2Fv2%2Fpwb-brand&post=71141"},{"taxonomy":"product_cat","embeddable":true,"href":"https:\/\/www.autonvaraosahaku.fi\/index.php?rest_route=%2Fwp%2Fv2%2Fproduct_cat&post=71141"},{"taxonomy":"product_tag","embeddable":true,"href":"https:\/\/www.autonvaraosahaku.fi\/index.php?rest_route=%2Fwp%2Fv2%2Fproduct_tag&post=71141"}],"curies":[{"name":"wp","href":"https:\/\/api.w.org\/{rel}","templated":true}]}}