{"id":71143,"date":"2021-02-21T19:12:27","date_gmt":"2021-02-21T19:12:27","guid":{"rendered":"https:\/\/www.autonvaraosahaku.fi\/?product=topran-111-233-jaahdytysnesteen-laippa"},"modified":"2021-02-21T19:12:30","modified_gmt":"2021-02-21T19:12:30","slug":"topran-111-233-jaahdytysnesteen-laippa","status":"publish","type":"product","link":"https:\/\/www.autonvaraosahaku.fi\/?product=topran-111-233-jaahdytysnesteen-laippa","title":{"rendered":"TOPRAN 111 233 J\u00e4\u00e4hdytysnesteen laippa"},"content":{"rendered":"<p>Korvaava tuote\/korvaava tiedote 2: kiinnityskiristimell\u00e4; Lis\u00e4tarvike\/lis\u00e4tieto: Tiivisteill\u00e4; Materiaali: Lasikuitu-muovi; Sis\u00e4\u00e4n\/ulosmeno aukkojen lukum\u00e4\u00e4r\u00e4: 2; OE-numerolle: 1J0 122 291; TECDOC-moottorinumero: 9990; VW: GOLF IV 1J1,GOLF V 1K1,POLO 9N_,GOLF VI 5K1,GOLF PLUS 5M1, 521,GOLF IV Variant 1J5,CADDY III Kombi 2KB, 2KJ, 2CB, 2CJ,FOX 5Z1, 5Z3,CADDY III Kasten 2KA, 2KH, 2CA, 2CH,BORA 1J2,NEW BEETLE 9C1, 1C1,BORA Kombi 1J6,JETTA III 1K2; AUDI: A3 8L1,TT 8N3,TT Roadster 8N9; SKODA: OCTAVIA Combi 1Z5,OCTAVIA Combi 1U5,OCTAVIA 1Z3,OCTAVIA 1U2; SEAT: IBIZA IV 6L1,LEON 1M1,TOLEDO II 1M2,CORDOBA 6L2,TOLEDO III 5P2; 1J0122291, 1J0122291, 1J0122291, 1J0122291<\/p>\n","protected":false},"excerpt":{"rendered":"<p>TOPRAN J\u00e4\u00e4hdytysnesteen Laippa 111 233  VW,AUDI,SKODA,GOLF IV 1J1,GOLF V 1K1,POLO 9N_,GOLF VI 5K1,GOLF PLUS 5M1, 521,GOLF IV Variant 1J5<\/p>\n","protected":false},"featured_media":0,"template":"","meta":{"site-sidebar-layout":"default","site-content-layout":"default","ast-global-header-display":"","ast-main-header-display":"","ast-hfb-above-header-display":"","ast-hfb-below-header-display":"","ast-hfb-mobile-header-display":"","site-post-title":"","ast-breadcrumbs-content":"","ast-featured-img":"","footer-sml-layout":"","theme-transparent-header-meta":"","adv-header-id-meta":"","stick-header-meta":"","header-above-stick-meta":"","header-main-stick-meta":"","header-below-stick-meta":""},"pwb-brand":[18],"product_cat":[207],"product_tag":[],"class_list":{"0":"post-71143","1":"product","2":"type-product","3":"status-publish","5":"pwb-brand-topran","6":"product_cat-jaahdytysnesteen-laippa","7":"desktop-align-left","8":"tablet-align-left","9":"mobile-align-left","11":"first","12":"instock","13":"product-type-external"},"brands":[{"id":18,"name":"TOPRAN","slug":"topran"}],"_links":{"self":[{"href":"https:\/\/www.autonvaraosahaku.fi\/index.php?rest_route=\/wp\/v2\/product\/71143","targetHints":{"allow":["GET"]}}],"collection":[{"href":"https:\/\/www.autonvaraosahaku.fi\/index.php?rest_route=\/wp\/v2\/product"}],"about":[{"href":"https:\/\/www.autonvaraosahaku.fi\/index.php?rest_route=\/wp\/v2\/types\/product"}],"wp:attachment":[{"href":"https:\/\/www.autonvaraosahaku.fi\/index.php?rest_route=%2Fwp%2Fv2%2Fmedia&parent=71143"}],"wp:term":[{"taxonomy":"pwb-brand","embeddable":true,"href":"https:\/\/www.autonvaraosahaku.fi\/index.php?rest_route=%2Fwp%2Fv2%2Fpwb-brand&post=71143"},{"taxonomy":"product_cat","embeddable":true,"href":"https:\/\/www.autonvaraosahaku.fi\/index.php?rest_route=%2Fwp%2Fv2%2Fproduct_cat&post=71143"},{"taxonomy":"product_tag","embeddable":true,"href":"https:\/\/www.autonvaraosahaku.fi\/index.php?rest_route=%2Fwp%2Fv2%2Fproduct_tag&post=71143"}],"curies":[{"name":"wp","href":"https:\/\/api.w.org\/{rel}","templated":true}]}}