{"id":71157,"date":"2021-02-21T19:12:33","date_gmt":"2021-02-21T19:12:33","guid":{"rendered":"https:\/\/www.autonvaraosahaku.fi\/?product=topran-722-338-kannentiiviste"},"modified":"2021-02-21T19:12:34","modified_gmt":"2021-02-21T19:12:34","slug":"topran-722-338-kannentiiviste","status":"publish","type":"product","link":"https:\/\/www.autonvaraosahaku.fi\/?product=topran-722-338-kannentiiviste","title":{"rendered":"TOPRAN 722 338 Kannentiiviste"},"content":{"rendered":"<p>Kemialliset ominaisuudet: aspestivapaa; Tiivistetyyppi: Metalli-fiiberi tiiviste; Paksuus [mm]: 1,30; Lovi-\/reik\u00e4lukum\u00e4\u00e4r\u00e4: 1; Sylinteriluku: 4; Lohkon materiaali: Aluminium; CITRO\u00cbN: BERLINGO MF,C2 JM_,C3 I FC_,BERLINGO Kasten M_,C3 II,XSARA N1,C3 Pluriel HB_,XSARA Break N2,AX ZA-_,NEMO Kasten AA_,ZX N2,ZX Break N2; PEUGEOT: 206 Schr\u00e4gheck 2A\/C,207 WA_, WC_,307 SW 3H,307 3A\/C,207 SW WK_,206 SW 2E\/K,206+ T3E,307 Break 3E,306 Schr\u00e4gheck 7A, 7C, N3, N5,1007 KM_,106 I 1A, 1C,205 II 20A\/C,PARTNER Kasten 5,306 7B, N3, N5,BIPPER AA_,BIPPER Tepee; 0209CJ, 0209W6, 9677399780, 0209CJ, 0209W6, 9677399780; Tiiviste, Sylinterikansi<\/p>\n","protected":false},"excerpt":{"rendered":"<p>TOPRAN Kannentiiviste 722 338 Tiiviste, Sylinterikansi CITRO\u00cbN,PEUGEOT,BERLINGO MF,C2 JM_,C3 I FC_,BERLINGO Kasten M_,C3 II,XSARA N1,C3 Pluriel HB_<\/p>\n","protected":false},"featured_media":0,"template":"","meta":{"site-sidebar-layout":"default","site-content-layout":"default","ast-global-header-display":"","ast-main-header-display":"","ast-hfb-above-header-display":"","ast-hfb-below-header-display":"","ast-hfb-mobile-header-display":"","site-post-title":"","ast-breadcrumbs-content":"","ast-featured-img":"","footer-sml-layout":"","theme-transparent-header-meta":"","adv-header-id-meta":"","stick-header-meta":"","header-above-stick-meta":"","header-main-stick-meta":"","header-below-stick-meta":""},"pwb-brand":[18],"product_cat":[230],"product_tag":[],"class_list":{"0":"post-71157","1":"product","2":"type-product","3":"status-publish","5":"pwb-brand-topran","6":"product_cat-kannentiiviste","7":"desktop-align-left","8":"tablet-align-left","9":"mobile-align-left","11":"first","12":"instock","13":"product-type-external"},"brands":[{"id":18,"name":"TOPRAN","slug":"topran"}],"_links":{"self":[{"href":"https:\/\/www.autonvaraosahaku.fi\/index.php?rest_route=\/wp\/v2\/product\/71157","targetHints":{"allow":["GET"]}}],"collection":[{"href":"https:\/\/www.autonvaraosahaku.fi\/index.php?rest_route=\/wp\/v2\/product"}],"about":[{"href":"https:\/\/www.autonvaraosahaku.fi\/index.php?rest_route=\/wp\/v2\/types\/product"}],"wp:attachment":[{"href":"https:\/\/www.autonvaraosahaku.fi\/index.php?rest_route=%2Fwp%2Fv2%2Fmedia&parent=71157"}],"wp:term":[{"taxonomy":"pwb-brand","embeddable":true,"href":"https:\/\/www.autonvaraosahaku.fi\/index.php?rest_route=%2Fwp%2Fv2%2Fpwb-brand&post=71157"},{"taxonomy":"product_cat","embeddable":true,"href":"https:\/\/www.autonvaraosahaku.fi\/index.php?rest_route=%2Fwp%2Fv2%2Fproduct_cat&post=71157"},{"taxonomy":"product_tag","embeddable":true,"href":"https:\/\/www.autonvaraosahaku.fi\/index.php?rest_route=%2Fwp%2Fv2%2Fproduct_tag&post=71157"}],"curies":[{"name":"wp","href":"https:\/\/api.w.org\/{rel}","templated":true}]}}