{"id":71172,"date":"2021-02-21T19:12:33","date_gmt":"2021-02-21T19:12:33","guid":{"rendered":"https:\/\/www.autonvaraosahaku.fi\/?product=herthbuss-jakoparts-j1230503-venttiilikopan-tiiviste"},"modified":"2021-02-21T19:12:38","modified_gmt":"2021-02-21T19:12:38","slug":"herthbuss-jakoparts-j1230503-venttiilikopan-tiiviste","status":"publish","type":"product","link":"https:\/\/www.autonvaraosahaku.fi\/?product=herthbuss-jakoparts-j1230503-venttiilikopan-tiiviste","title":{"rendered":"HERTH+BUSS JAKOPARTS J1230503 Venttiilikopan tiiviste"},"content":{"rendered":"<p>Materiaali: Alumiini; Muoto: C-muoto; Tarvittava kappalem\u00e4\u00e4r\u00e4: 3; HYUNDAI: GETZ TB,TUCSON JM,i30 CW FD,SANTA F\u00c9 I SM,MATRIX FC,COUPE GK,TRAJET FO,COUPE RD,ACCENT III MC,ELANTRA XD,ACCENT III Stufenheck MC,ELANTRA Stufenheck XD,LANTRA II Wagon J-2,LANTRA II J-2,HIGHWAY VAN; KIA: CEE&#8217;D Schr\u00e4gheck ED,SPORTAGE JE_, KM_,RIO II JB,PRO CEE&#8217;D ED,CERATO LD,CERATO Stufenheck LD,RIO II Stufenheck JB; 2244223500, 2244223500; Tiiviste, Venttiilikoppa<\/p>\n","protected":false},"excerpt":{"rendered":"<p>HERTH+BUSS JAKOPARTS Venttiilikopan Tiiviste J1230503 Tiiviste, Venttiilikoppa HYUNDAI,KIA,GETZ TB,TUCSON JM,i30 CW FD,SANTA F\u00c9 I SM,MATRIX FC<\/p>\n","protected":false},"featured_media":0,"template":"","meta":{"site-sidebar-layout":"default","site-content-layout":"default","ast-global-header-display":"","ast-main-header-display":"","ast-hfb-above-header-display":"","ast-hfb-below-header-display":"","ast-hfb-mobile-header-display":"","site-post-title":"","ast-breadcrumbs-content":"","ast-featured-img":"","footer-sml-layout":"","theme-transparent-header-meta":"","adv-header-id-meta":"","stick-header-meta":"","header-above-stick-meta":"","header-main-stick-meta":"","header-below-stick-meta":""},"pwb-brand":[416],"product_cat":[44],"product_tag":[],"class_list":{"0":"post-71172","1":"product","2":"type-product","3":"status-publish","5":"pwb-brand-herthbuss-jakoparts","6":"product_cat-venttiilikopan-tiiviste","7":"desktop-align-left","8":"tablet-align-left","9":"mobile-align-left","11":"first","12":"instock","13":"product-type-external"},"brands":[{"id":416,"name":"HERTH+BUSS JAKOPARTS","slug":"herthbuss-jakoparts"}],"_links":{"self":[{"href":"https:\/\/www.autonvaraosahaku.fi\/index.php?rest_route=\/wp\/v2\/product\/71172","targetHints":{"allow":["GET"]}}],"collection":[{"href":"https:\/\/www.autonvaraosahaku.fi\/index.php?rest_route=\/wp\/v2\/product"}],"about":[{"href":"https:\/\/www.autonvaraosahaku.fi\/index.php?rest_route=\/wp\/v2\/types\/product"}],"wp:attachment":[{"href":"https:\/\/www.autonvaraosahaku.fi\/index.php?rest_route=%2Fwp%2Fv2%2Fmedia&parent=71172"}],"wp:term":[{"taxonomy":"pwb-brand","embeddable":true,"href":"https:\/\/www.autonvaraosahaku.fi\/index.php?rest_route=%2Fwp%2Fv2%2Fpwb-brand&post=71172"},{"taxonomy":"product_cat","embeddable":true,"href":"https:\/\/www.autonvaraosahaku.fi\/index.php?rest_route=%2Fwp%2Fv2%2Fproduct_cat&post=71172"},{"taxonomy":"product_tag","embeddable":true,"href":"https:\/\/www.autonvaraosahaku.fi\/index.php?rest_route=%2Fwp%2Fv2%2Fproduct_tag&post=71172"}],"curies":[{"name":"wp","href":"https:\/\/api.w.org\/{rel}","templated":true}]}}