{"id":71179,"date":"2021-02-21T19:12:39","date_gmt":"2021-02-21T19:12:39","guid":{"rendered":"https:\/\/www.autonvaraosahaku.fi\/?product=hella-1zt-011-705-121-ajovaloumpio"},"modified":"2021-02-21T19:12:41","modified_gmt":"2021-02-21T19:12:41","slug":"hella-1zt-011-705-121-ajovaloumpio","status":"publish","type":"product","link":"https:\/\/www.autonvaraosahaku.fi\/?product=hella-1zt-011-705-121-ajovaloumpio","title":{"rendered":"HELLA 1ZT 011 705-121 Ajovaloumpio"},"content":{"rendered":"<p>Asennuspuoli: Oikea; Korvaava tuote\/korvaava tiedote 2: Kaasupurkauspolttimolla, polttimoilla, Valokorkeuss\u00e4\u00e4timen moottorilla, ilman esivastusta; Lyhdyn muoto: Bi-xenon, Halogeeni, LED; Nimellisj\u00e4nnite (V): 12; Lyhtytoimintojen m\u00e4\u00e4r\u00e4: 6; Varusteet: ajon.mutkavaloilla AFS, Xenon-varustetuille; Lamppumalli: D1S (kaasupurkauslamppu), H7; Valotoiminto: k\u00e4\u00e4ntymisvalolla, puolivalolla, Vilkkuvalolla (LED), kaukovalolla, mutkavaloilla AFS, pys\u00e4k\u00f6intivalolla; Vasen \/ oikea liikenne: Vasemmanpuoleiselle liikenteelle, Oikeanpuoleiselle liikenteelle; parilliset tuotenumerot: 1ZT 011 705-111; Tarkistuskilpi: E1 2597; Valmistusvuoteen: 02\/2013; MERCEDES-BENZ: E-CLASS W212,E-CLASS T-Model S212; 2128201039, 2128202859, A2128201039, A2128202859; Ajovalot,Etuvalot,Ajovalo<\/p>\n","protected":false},"excerpt":{"rendered":"<p>HELLA Ajovaloumpio 1ZT 011 705-121 Ajovalot,Etuvalot MERCEDES-BENZ,E-CLASS W212,E-CLASS T-Model S212<\/p>\n","protected":false},"featured_media":0,"template":"","meta":{"site-sidebar-layout":"default","site-content-layout":"default","ast-global-header-display":"","ast-main-header-display":"","ast-hfb-above-header-display":"","ast-hfb-below-header-display":"","ast-hfb-mobile-header-display":"","site-post-title":"","ast-breadcrumbs-content":"","ast-featured-img":"","footer-sml-layout":"","theme-transparent-header-meta":"","adv-header-id-meta":"","stick-header-meta":"","header-above-stick-meta":"","header-main-stick-meta":"","header-below-stick-meta":""},"pwb-brand":[24],"product_cat":[185],"product_tag":[],"class_list":{"0":"post-71179","1":"product","2":"type-product","3":"status-publish","5":"pwb-brand-hella","6":"product_cat-ajovaloumpio","7":"desktop-align-left","8":"tablet-align-left","9":"mobile-align-left","11":"first","12":"instock","13":"product-type-external"},"brands":[{"id":24,"name":"HELLA","slug":"hella"}],"_links":{"self":[{"href":"https:\/\/www.autonvaraosahaku.fi\/index.php?rest_route=\/wp\/v2\/product\/71179","targetHints":{"allow":["GET"]}}],"collection":[{"href":"https:\/\/www.autonvaraosahaku.fi\/index.php?rest_route=\/wp\/v2\/product"}],"about":[{"href":"https:\/\/www.autonvaraosahaku.fi\/index.php?rest_route=\/wp\/v2\/types\/product"}],"wp:attachment":[{"href":"https:\/\/www.autonvaraosahaku.fi\/index.php?rest_route=%2Fwp%2Fv2%2Fmedia&parent=71179"}],"wp:term":[{"taxonomy":"pwb-brand","embeddable":true,"href":"https:\/\/www.autonvaraosahaku.fi\/index.php?rest_route=%2Fwp%2Fv2%2Fpwb-brand&post=71179"},{"taxonomy":"product_cat","embeddable":true,"href":"https:\/\/www.autonvaraosahaku.fi\/index.php?rest_route=%2Fwp%2Fv2%2Fproduct_cat&post=71179"},{"taxonomy":"product_tag","embeddable":true,"href":"https:\/\/www.autonvaraosahaku.fi\/index.php?rest_route=%2Fwp%2Fv2%2Fproduct_tag&post=71179"}],"curies":[{"name":"wp","href":"https:\/\/api.w.org\/{rel}","templated":true}]}}