{"id":71197,"date":"2021-02-21T19:12:44","date_gmt":"2021-02-21T19:12:44","guid":{"rendered":"https:\/\/www.autonvaraosahaku.fi\/?product=pascal-g6p001pc-vetonivelen-suojakumi"},"modified":"2021-02-21T19:12:45","modified_gmt":"2021-02-21T19:12:45","slug":"pascal-g6p001pc-vetonivelen-suojakumi","status":"publish","type":"product","link":"https:\/\/www.autonvaraosahaku.fi\/?product=pascal-g6p001pc-vetonivelen-suojakumi","title":{"rendered":"PASCAL G6P001PC Vetonivelen suojakumi"},"content":{"rendered":"<p>Sis\u00e4l\u00e4pimitta 1 [mm]: 34; Sis\u00e4l\u00e4pimitta 2 [mm]: 76; Korkeus (mm): 100; Materiaali: Kumi; Asennuspuoli: Vaihteiston puoli; Valmistusvuosi alkaen: 09\/1996; CITRO\u00cbN: BERLINGO MF,XSARA PICASSO N68,C3 I FC_,C5 III Break TD_,C4 I LC_,BERLINGO Kasten M_,C5 II Break RE_,C5 I DC_,C5 I Break DE_,C5 III RD_,XSARA N1,C4 Coupe LA_,C5 II RC_,XSARA Break N2,XM Y4,XANTIA X2,XSARA Coupe N0,XANTIA X1,EVASION 22, U6,XANTIA Break X2,ZX N2,JUMPY U6U,JUMPY Kasten BS_, BT_, BY_, BZ_,XANTIA Break X1,ZX Break N2,XM Break Y4; PEUGEOT: 206 Schr\u00e4gheck 2A\/C,206 CC 2D,307 SW 3H,407 SW 6E_,307 3A\/C,206 SW 2E\/K,307 Break 3E,306 Schr\u00e4gheck 7A, 7C, N3, N5,306 Cabriolet 7D, N3, N5,407 6D_,406 Break 8E\/F,PARTNER Tepee,PARTNER Combispace 5F,PARTNER Kasten 5,406 Coupe 8C,306 Break 7E, N3, N5,406 8B,806 221,306 7B, N3, N5,EXPERT Kasten 222,206 Stufenheck,405 I 15B,605 6B,EXPERT 224,405 II 4B,405 II Break 4E,405 I Break 15E,EXPERT Pritsche\/Fahrgestell 223; 328781, 328781<\/p>\n","protected":false},"excerpt":{"rendered":"<p>PASCAL Paljekumisarja, Vetoakseli G6P001PC  CITRO\u00cbN,PEUGEOT,BERLINGO MF,XSARA PICASSO N68,C3 I FC_,C5 III Break TD_,C4 I LC_,BERLINGO Kasten M_<\/p>\n","protected":false},"featured_media":0,"template":"","meta":{"site-sidebar-layout":"default","site-content-layout":"default","ast-global-header-display":"","ast-main-header-display":"","ast-hfb-above-header-display":"","ast-hfb-below-header-display":"","ast-hfb-mobile-header-display":"","site-post-title":"","ast-breadcrumbs-content":"","ast-featured-img":"","footer-sml-layout":"","theme-transparent-header-meta":"","adv-header-id-meta":"","stick-header-meta":"","header-above-stick-meta":"","header-main-stick-meta":"","header-below-stick-meta":""},"pwb-brand":[358],"product_cat":[42],"product_tag":[],"class_list":{"0":"post-71197","1":"product","2":"type-product","3":"status-publish","5":"pwb-brand-pascal","6":"product_cat-vetonivelen-suojakumi","7":"desktop-align-left","8":"tablet-align-left","9":"mobile-align-left","11":"first","12":"instock","13":"product-type-external"},"brands":[{"id":358,"name":"PASCAL","slug":"pascal"}],"_links":{"self":[{"href":"https:\/\/www.autonvaraosahaku.fi\/index.php?rest_route=\/wp\/v2\/product\/71197","targetHints":{"allow":["GET"]}}],"collection":[{"href":"https:\/\/www.autonvaraosahaku.fi\/index.php?rest_route=\/wp\/v2\/product"}],"about":[{"href":"https:\/\/www.autonvaraosahaku.fi\/index.php?rest_route=\/wp\/v2\/types\/product"}],"wp:attachment":[{"href":"https:\/\/www.autonvaraosahaku.fi\/index.php?rest_route=%2Fwp%2Fv2%2Fmedia&parent=71197"}],"wp:term":[{"taxonomy":"pwb-brand","embeddable":true,"href":"https:\/\/www.autonvaraosahaku.fi\/index.php?rest_route=%2Fwp%2Fv2%2Fpwb-brand&post=71197"},{"taxonomy":"product_cat","embeddable":true,"href":"https:\/\/www.autonvaraosahaku.fi\/index.php?rest_route=%2Fwp%2Fv2%2Fproduct_cat&post=71197"},{"taxonomy":"product_tag","embeddable":true,"href":"https:\/\/www.autonvaraosahaku.fi\/index.php?rest_route=%2Fwp%2Fv2%2Fproduct_tag&post=71197"}],"curies":[{"name":"wp","href":"https:\/\/api.w.org\/{rel}","templated":true}]}}