{"id":71209,"date":"2021-02-21T19:12:44","date_gmt":"2021-02-21T19:12:44","guid":{"rendered":"https:\/\/www.autonvaraosahaku.fi\/?product=freccia-r4808-s-imuventtiili"},"modified":"2021-02-21T19:12:48","modified_gmt":"2021-02-21T19:12:48","slug":"freccia-r4808-s-imuventtiili","status":"publish","type":"product","link":"https:\/\/www.autonvaraosahaku.fi\/?product=freccia-r4808-s-imuventtiili","title":{"rendered":"FRECCIA R4808\/S Imuventtiili"},"content":{"rendered":"<p>Venttiililautasen l\u00e4pimitta [mm]: 32; Venttiilinvarren l\u00e4pimitta [mm]: 7; Pituus (mm): 95,8; venttiiliistukan kulma [astetta]: 45; Materiaali: Kromi-siliciumter\u00e4s; Liittimet: I; TECDOC-moottorinumero: 238; VW: GOLF III 1H1,PASSAT Variant 3A5, 35I,PASSAT 3A2, 35I; AUDI: 80 8C, B4,CABRIOLET 8G7, B4,100 4A, C4,A8 4D2, 4D8,80 Avant 8C, B4,A6 Avant 4A, C4,A6 4A, C4,COUPE 89, 8B,100 Avant 4A, C4; SEAT: IBIZA II 6K1,CORDOBA 6K1, 6K2,TOLEDO I 1L; 051109601B<\/p>\n","protected":false},"excerpt":{"rendered":"<p>FRECCIA Imuventtiili R4808\/S  VW,AUDI,SEAT,GOLF III 1H1,PASSAT Variant 3A5, 35I,PASSAT 3A2, 35I,80 8C, B4,CABRIOLET 8G7, B4,100 4A, C4,A8 4D2, 4D8<\/p>\n","protected":false},"featured_media":0,"template":"","meta":{"site-sidebar-layout":"default","site-content-layout":"default","ast-global-header-display":"","ast-main-header-display":"","ast-hfb-above-header-display":"","ast-hfb-below-header-display":"","ast-hfb-mobile-header-display":"","site-post-title":"","ast-breadcrumbs-content":"","ast-featured-img":"","footer-sml-layout":"","theme-transparent-header-meta":"","adv-header-id-meta":"","stick-header-meta":"","header-above-stick-meta":"","header-main-stick-meta":"","header-below-stick-meta":""},"pwb-brand":[345],"product_cat":[274],"product_tag":[],"class_list":{"0":"post-71209","1":"product","2":"type-product","3":"status-publish","5":"pwb-brand-freccia","6":"product_cat-imuventtiili","7":"desktop-align-left","8":"tablet-align-left","9":"mobile-align-left","11":"first","12":"instock","13":"product-type-external"},"brands":[{"id":345,"name":"FRECCIA","slug":"freccia"}],"_links":{"self":[{"href":"https:\/\/www.autonvaraosahaku.fi\/index.php?rest_route=\/wp\/v2\/product\/71209","targetHints":{"allow":["GET"]}}],"collection":[{"href":"https:\/\/www.autonvaraosahaku.fi\/index.php?rest_route=\/wp\/v2\/product"}],"about":[{"href":"https:\/\/www.autonvaraosahaku.fi\/index.php?rest_route=\/wp\/v2\/types\/product"}],"wp:attachment":[{"href":"https:\/\/www.autonvaraosahaku.fi\/index.php?rest_route=%2Fwp%2Fv2%2Fmedia&parent=71209"}],"wp:term":[{"taxonomy":"pwb-brand","embeddable":true,"href":"https:\/\/www.autonvaraosahaku.fi\/index.php?rest_route=%2Fwp%2Fv2%2Fpwb-brand&post=71209"},{"taxonomy":"product_cat","embeddable":true,"href":"https:\/\/www.autonvaraosahaku.fi\/index.php?rest_route=%2Fwp%2Fv2%2Fproduct_cat&post=71209"},{"taxonomy":"product_tag","embeddable":true,"href":"https:\/\/www.autonvaraosahaku.fi\/index.php?rest_route=%2Fwp%2Fv2%2Fproduct_tag&post=71209"}],"curies":[{"name":"wp","href":"https:\/\/api.w.org\/{rel}","templated":true}]}}