{"id":71268,"date":"2021-02-21T19:13:00","date_gmt":"2021-02-21T19:13:00","guid":{"rendered":"https:\/\/www.autonvaraosahaku.fi\/?product=mahle-original-kx-70d-polttoainesuodatin"},"modified":"2021-02-21T19:13:04","modified_gmt":"2021-02-21T19:13:04","slug":"mahle-original-kx-70d-polttoainesuodatin","status":"publish","type":"product","link":"https:\/\/www.autonvaraosahaku.fi\/?product=mahle-original-kx-70d-polttoainesuodatin","title":{"rendered":"MAHLE ORIGINAL KX 70D Polttoainesuodatin"},"content":{"rendered":"<p>Suodatintyyppi: Suodatinpanos; Korkeus (mm): 88,0; Korkeus 1 (mm): 84,9; L\u00e4pimitta [mm]: 79,0; Ulkol\u00e4pimitta 1 [mm]: 76,5; Sis\u00e4l\u00e4pimitta 1 [mm]: 18,3; L\u00e4pimitta 3 [mm]: 21,8; Valmistusvuoteen: 03\/2000; MERCEDES-BENZ: C-CLASS W202,E-CLASS W210,M-CLASS W163,E-CLASS Kombi S210,CLK C209,C-CLASS Kombi S202,S-CLASS W220; 6110900051, 6110900152, 6110900252, 6110900552, 6110900652, 6110900952, 6110920005, A6110900051, A6110900152, A6110900252, A6110900552, A6110900652, A6110900952, A6110920005<\/p>\n","protected":false},"excerpt":{"rendered":"<p>MAHLE ORIGINAL Polttoainesuodatin KX 70D  MERCEDES-BENZ,C-CLASS W202,E-CLASS W210,M-CLASS W163,E-CLASS Kombi S210,CLK C209,C-CLASS Kombi S202<\/p>\n","protected":false},"featured_media":0,"template":"","meta":{"site-sidebar-layout":"default","site-content-layout":"default","ast-global-header-display":"","ast-main-header-display":"","ast-hfb-above-header-display":"","ast-hfb-below-header-display":"","ast-hfb-mobile-header-display":"","site-post-title":"","ast-breadcrumbs-content":"","ast-featured-img":"","footer-sml-layout":"","theme-transparent-header-meta":"","adv-header-id-meta":"","stick-header-meta":"","header-above-stick-meta":"","header-main-stick-meta":"","header-below-stick-meta":""},"pwb-brand":[153],"product_cat":[29],"product_tag":[],"class_list":{"0":"post-71268","1":"product","2":"type-product","3":"status-publish","5":"pwb-brand-mahle-original","6":"product_cat-polttoainesuodatin","7":"desktop-align-left","8":"tablet-align-left","9":"mobile-align-left","11":"first","12":"instock","13":"product-type-external"},"brands":[{"id":153,"name":"MAHLE ORIGINAL","slug":"mahle-original"}],"_links":{"self":[{"href":"https:\/\/www.autonvaraosahaku.fi\/index.php?rest_route=\/wp\/v2\/product\/71268","targetHints":{"allow":["GET"]}}],"collection":[{"href":"https:\/\/www.autonvaraosahaku.fi\/index.php?rest_route=\/wp\/v2\/product"}],"about":[{"href":"https:\/\/www.autonvaraosahaku.fi\/index.php?rest_route=\/wp\/v2\/types\/product"}],"wp:attachment":[{"href":"https:\/\/www.autonvaraosahaku.fi\/index.php?rest_route=%2Fwp%2Fv2%2Fmedia&parent=71268"}],"wp:term":[{"taxonomy":"pwb-brand","embeddable":true,"href":"https:\/\/www.autonvaraosahaku.fi\/index.php?rest_route=%2Fwp%2Fv2%2Fpwb-brand&post=71268"},{"taxonomy":"product_cat","embeddable":true,"href":"https:\/\/www.autonvaraosahaku.fi\/index.php?rest_route=%2Fwp%2Fv2%2Fproduct_cat&post=71268"},{"taxonomy":"product_tag","embeddable":true,"href":"https:\/\/www.autonvaraosahaku.fi\/index.php?rest_route=%2Fwp%2Fv2%2Fproduct_tag&post=71268"}],"curies":[{"name":"wp","href":"https:\/\/api.w.org\/{rel}","templated":true}]}}